{"id":1217,"date":"2022-01-10T19:32:58","date_gmt":"2022-01-10T19:32:58","guid":{"rendered":"http:\/\/localhost:8888\/zubochistka.az\/?post_type=product&#038;p=1217"},"modified":"2025-01-23T16:19:02","modified_gmt":"2025-01-23T12:19:02","slug":"cs-5460-ultra-soft-triopack","status":"publish","type":"product","link":"https:\/\/zubochistka.az\/az\/product\/cs-5460-ultra-soft-triopack\/","title":{"rendered":"CS 5460 ultra soft Triopack"},"content":{"rendered":"","protected":false},"excerpt":{"rendered":"<p>\u201c\u018frpin \u0259n g\u00fccl\u00fc d\u00fc\u015fm\u0259ni - CUREN\u00ae t\u00fckc\u00fckl\u0259ridir. CS di\u015f f\u0131r\u00e7alar\u0131 do\u011frudan da inan\u0131lmaz d\u0259r\u0259c\u0259d\u0259 z\u0259rifdir. CS 5460 ultra soft-un 5460 \u0259d\u0259d CUREN\u00ae t\u00fckc\u00fckl\u0259ri, di\u015f \u0259tl\u0259ri v\u0259 di\u015f \u00fcz\u0259rind\u0259 z\u0259rif olmaqla birlikd\u0259, \u0259rp\u0259 qar\u015f\u0131 s\u0259rtdir. CS di\u015f f\u0131r\u00e7as\u0131ndan istifad\u0259 ed\u0259n h\u0259r k\u0259s bir daha ondan imtina etm\u0259z. CURAPROX di\u015f f\u0131r\u00e7alar\u0131, sad\u0259c\u0259 f\u0131r\u00e7alama z\u0259r\u0259rl\u0259rini aradan qald\u0131rm\u0131r, eyni zamanda \u0259rpi d\u0259 m\u00fck\u0259mm\u0259l bir \u015f\u0259kild\u0259 par\u00e7alalayaraq yox etm\u0259kt\u0259dir.CUREN\u00ae t\u00fckc\u00fckl\u0259ri neylondan daha m\u00f6hk\u0259m v\u0259 davaml\u0131d\u0131rlar. Bu \u00f6z\u0259llikl\u0259r \u00e7ox say\u0131da inc\u0259 t\u00fckc\u00fckl\u00fc f\u0131r\u00e7a istehsal\u0131na imkan verir. Son d\u0259r\u0259c\u0259 s\u0131x yerl\u0259\u015f\u0259n t\u00fckc\u00fckl\u0259r say\u0259sind\u0259 CURAPROX CS di\u015f f\u0131r\u00e7alar\u0131 \u0259rpi daha yax\u015f\u0131 t\u0259mizl\u0259y\u0259yir.<\/p>\n<p>CUREN\u00ae s\u0131x \u015f\u0259kild\u0259 y\u0131\u011f\u0131lm\u0131\u015f t\u00fcklc\u00fck\u0259r say\u0259sind\u0259 effektiv t\u0259mizl\u0259yicidir.<br \/>\nS\u0259kkizbucaql\u0131 tutacaq di\u015fl\u0259ri d\u00fczg\u00fcn bucaq alt\u0131nda t\u0259mizl\u0259m\u0259y\u0259 k\u00f6m\u0259k edir \u00bb<\/p>","protected":false},"featured_media":5647,"comment_status":"open","ping_status":"closed","template":"","meta":{"_eb_attr":"","site-sidebar-layout":"default","site-content-layout":"default","ast-site-content-layout":"default","site-content-style":"default","site-sidebar-style":"default","ast-global-header-display":"","ast-banner-title-visibility":"","ast-main-header-display":"","ast-hfb-above-header-display":"","ast-hfb-below-header-display":"","ast-hfb-mobile-header-display":"","site-post-title":"","ast-breadcrumbs-content":"","ast-featured-img":"","footer-sml-layout":"","theme-transparent-header-meta":"default","adv-header-id-meta":"","stick-header-meta":"","header-above-stick-meta":"","header-main-stick-meta":"","header-below-stick-meta":"","astra-migrate-meta-layouts":"set","ast-page-background-enabled":"default","ast-page-background-meta":{"desktop":{"background-color":"var(--ast-global-color-4)","background-image":"","background-repeat":"repeat","background-position":"center center","background-size":"auto","background-attachment":"scroll","background-type":"","background-media":"","overlay-type":"","overlay-color":"","overlay-opacity":"","overlay-gradient":""},"tablet":{"background-color":"","background-image":"","background-repeat":"repeat","background-position":"center center","background-size":"auto","background-attachment":"scroll","background-type":"","background-media":"","overlay-type":"","overlay-color":"","overlay-opacity":"","overlay-gradient":""},"mobile":{"background-color":"","background-image":"","background-repeat":"repeat","background-position":"center center","background-size":"auto","background-attachment":"scroll","background-type":"","background-media":"","overlay-type":"","overlay-color":"","overlay-opacity":"","overlay-gradient":""}},"ast-content-background-meta":{"desktop":{"background-color":"var(--ast-global-color-5)","background-image":"","background-repeat":"repeat","background-position":"center center","background-size":"auto","background-attachment":"scroll","background-type":"","background-media":"","overlay-type":"","overlay-color":"","overlay-opacity":"","overlay-gradient":""},"tablet":{"background-color":"var(--ast-global-color-5)","background-image":"","background-repeat":"repeat","background-position":"center center","background-size":"auto","background-attachment":"scroll","background-type":"","background-media":"","overlay-type":"","overlay-color":"","overlay-opacity":"","overlay-gradient":""},"mobile":{"background-color":"var(--ast-global-color-5)","background-image":"","background-repeat":"repeat","background-position":"center center","background-size":"auto","background-attachment":"scroll","background-type":"","background-media":"","overlay-type":"","overlay-color":"","overlay-opacity":"","overlay-gradient":""}}},"product_brand":[73],"product_cat":[40,23],"product_tag":[],"class_list":{"0":"post-1217","1":"product","2":"type-product","3":"status-publish","4":"has-post-thumbnail","6":"product_brand-curaprox","7":"product_cat-40","8":"product_cat-23","9":"desktop-align-left","10":"tablet-align-left","11":"mobile-align-left","13":"first","14":"instock","15":"shipping-taxable","16":"purchasable","17":"product-type-simple"},"jetpack_sharing_enabled":true,"_links":{"self":[{"href":"https:\/\/zubochistka.az\/az\/wp-json\/wp\/v2\/product\/1217","targetHints":{"allow":["GET"]}}],"collection":[{"href":"https:\/\/zubochistka.az\/az\/wp-json\/wp\/v2\/product"}],"about":[{"href":"https:\/\/zubochistka.az\/az\/wp-json\/wp\/v2\/types\/product"}],"replies":[{"embeddable":true,"href":"https:\/\/zubochistka.az\/az\/wp-json\/wp\/v2\/comments?post=1217"}],"wp:featuredmedia":[{"embeddable":true,"href":"https:\/\/zubochistka.az\/az\/wp-json\/wp\/v2\/media\/5647"}],"wp:attachment":[{"href":"https:\/\/zubochistka.az\/az\/wp-json\/wp\/v2\/media?parent=1217"}],"wp:term":[{"taxonomy":"product_brand","embeddable":true,"href":"https:\/\/zubochistka.az\/az\/wp-json\/wp\/v2\/product_brand?post=1217"},{"taxonomy":"product_cat","embeddable":true,"href":"https:\/\/zubochistka.az\/az\/wp-json\/wp\/v2\/product_cat?post=1217"},{"taxonomy":"product_tag","embeddable":true,"href":"https:\/\/zubochistka.az\/az\/wp-json\/wp\/v2\/product_tag?post=1217"}],"curies":[{"name":"wp","href":"https:\/\/api.w.org\/{rel}","templated":true}]}}