{"id":1295,"date":"2022-01-11T07:27:56","date_gmt":"2022-01-11T07:27:56","guid":{"rendered":"http:\/\/localhost:8888\/zubochistka.az\/?post_type=product&#038;p=1295"},"modified":"2025-01-23T16:35:51","modified_gmt":"2025-01-23T12:35:51","slug":"ctc-202-%d1%81%d0%ba%d1%80%d0%b5%d0%b1%d0%ba%d0%b0-%d0%b4%d0%bb%d1%8f-%d1%8f%d0%b7%d1%8b%d0%ba%d0%b0","status":"publish","type":"product","link":"https:\/\/zubochistka.az\/az\/product\/ctc-202-%d1%81%d0%ba%d1%80%d0%b5%d0%b1%d0%ba%d0%b0-%d0%b4%d0%bb%d1%8f-%d1%8f%d0%b7%d1%8b%d0%ba%d0%b0\/","title":{"rendered":"\u0421\u043a\u0440\u0435\u0431\u043a\u0430 CTC 202,  \u0434\u043b\u044f \u044f\u0437\u044b\u043a\u0430"},"content":{"rendered":"","protected":false},"excerpt":{"rendered":"<p>Ad\u0259t\u0259n a\u011f\u0131z qoxusunun s\u0259b\u0259bi dilin s\u0259thind\u0259ki bakterial \u00f6rt\u00fckd\u00fcr. A\u011f\u0131z qoxusuna s\u0259b\u0259b olan bakteriyalar dilin  qatlar\u0131nda v\u0259 papillalar\u0131n\u0131n \u0259traf\u0131nda gizl\u0259nir. Dil\u0259 qulluq da a\u011f\u0131z gigiyenas\u0131n\u0131n ayr\u0131lmaz hiss\u0259sidir. X\u00fcsusi haz\u0131rlanm\u0131\u015f dil qa\u015f\u0131qlar\u0131 dilin arxa s\u0259thind\u0259ki \u0259rpi tez v\u0259 a\u011fr\u0131s\u0131z \u015f\u0259kild\u0259 t\u0259mizl\u0259yir. Skreperin anatomik c\u0259h\u0259td\u0259n d\u00fczg\u00fcn formas\u0131 qusma refleksinin qar\u015f\u0131s\u0131n\u0131 al\u0131r. \u0130lk t\u0259tbiqd\u0259n effekt g\u00f6st\u0259rir. Dil qa\u015f\u0131\u011f\u0131 h\u0259rt\u0259r\u0259fli t\u0259mizl\u0259nm\u0259 v\u0259 b\u00f6y\u00fck miqdarda \u0259rp \u00e7\u0131xarmaq \u00fc\u00e7\u00fcn iki aktiv t\u0259mizl\u0259yici s\u0259th\u0259 malikdir. Y\u00fcks\u0259k texnologiyal\u0131 a\u015fa\u011f\u0131 allergenli plastikd\u0259n haz\u0131rlanm\u0131\u015fd\u0131r. G\u00fcnd\u0259lik istifad\u0259 \u00fc\u00e7\u00fcn uy\u011fundur.<\/p>","protected":false},"featured_media":5674,"comment_status":"open","ping_status":"closed","template":"","meta":{"_eb_attr":"","site-sidebar-layout":"default","site-content-layout":"default","ast-site-content-layout":"default","site-content-style":"default","site-sidebar-style":"default","ast-global-header-display":"","ast-banner-title-visibility":"","ast-main-header-display":"","ast-hfb-above-header-display":"","ast-hfb-below-header-display":"","ast-hfb-mobile-header-display":"","site-post-title":"","ast-breadcrumbs-content":"","ast-featured-img":"","footer-sml-layout":"","ast-disable-related-posts":"","theme-transparent-header-meta":"default","adv-header-id-meta":"","stick-header-meta":"","header-above-stick-meta":"","header-main-stick-meta":"","header-below-stick-meta":"","astra-migrate-meta-layouts":"set","ast-page-background-enabled":"default","ast-page-background-meta":{"desktop":{"background-color":"var(--ast-global-color-4)","background-image":"","background-repeat":"repeat","background-position":"center center","background-size":"auto","background-attachment":"scroll","background-type":"","background-media":"","overlay-type":"","overlay-color":"","overlay-opacity":"","overlay-gradient":""},"tablet":{"background-color":"","background-image":"","background-repeat":"repeat","background-position":"center center","background-size":"auto","background-attachment":"scroll","background-type":"","background-media":"","overlay-type":"","overlay-color":"","overlay-opacity":"","overlay-gradient":""},"mobile":{"background-color":"","background-image":"","background-repeat":"repeat","background-position":"center center","background-size":"auto","background-attachment":"scroll","background-type":"","background-media":"","overlay-type":"","overlay-color":"","overlay-opacity":"","overlay-gradient":""}},"ast-content-background-meta":{"desktop":{"background-color":"var(--ast-global-color-5)","background-image":"","background-repeat":"repeat","background-position":"center center","background-size":"auto","background-attachment":"scroll","background-type":"","background-media":"","overlay-type":"","overlay-color":"","overlay-opacity":"","overlay-gradient":""},"tablet":{"background-color":"var(--ast-global-color-5)","background-image":"","background-repeat":"repeat","background-position":"center center","background-size":"auto","background-attachment":"scroll","background-type":"","background-media":"","overlay-type":"","overlay-color":"","overlay-opacity":"","overlay-gradient":""},"mobile":{"background-color":"var(--ast-global-color-5)","background-image":"","background-repeat":"repeat","background-position":"center center","background-size":"auto","background-attachment":"scroll","background-type":"","background-media":"","overlay-type":"","overlay-color":"","overlay-opacity":"","overlay-gradient":""}}},"product_brand":[73],"product_cat":[32],"product_tag":[],"class_list":{"0":"post-1295","1":"product","2":"type-product","3":"status-publish","4":"has-post-thumbnail","6":"product_brand-curaprox","7":"product_cat-32","8":"desktop-align-left","9":"tablet-align-left","10":"mobile-align-left","12":"first","13":"instock","14":"shipping-taxable","15":"purchasable","16":"product-type-variable"},"jetpack_sharing_enabled":true,"_links":{"self":[{"href":"https:\/\/zubochistka.az\/az\/wp-json\/wp\/v2\/product\/1295","targetHints":{"allow":["GET"]}}],"collection":[{"href":"https:\/\/zubochistka.az\/az\/wp-json\/wp\/v2\/product"}],"about":[{"href":"https:\/\/zubochistka.az\/az\/wp-json\/wp\/v2\/types\/product"}],"replies":[{"embeddable":true,"href":"https:\/\/zubochistka.az\/az\/wp-json\/wp\/v2\/comments?post=1295"}],"wp:featuredmedia":[{"embeddable":true,"href":"https:\/\/zubochistka.az\/az\/wp-json\/wp\/v2\/media\/5674"}],"wp:attachment":[{"href":"https:\/\/zubochistka.az\/az\/wp-json\/wp\/v2\/media?parent=1295"}],"wp:term":[{"taxonomy":"product_brand","embeddable":true,"href":"https:\/\/zubochistka.az\/az\/wp-json\/wp\/v2\/product_brand?post=1295"},{"taxonomy":"product_cat","embeddable":true,"href":"https:\/\/zubochistka.az\/az\/wp-json\/wp\/v2\/product_cat?post=1295"},{"taxonomy":"product_tag","embeddable":true,"href":"https:\/\/zubochistka.az\/az\/wp-json\/wp\/v2\/product_tag?post=1295"}],"curies":[{"name":"wp","href":"https:\/\/api.w.org\/{rel}","templated":true}]}}