{"id":1557,"date":"2022-01-21T10:14:49","date_gmt":"2022-01-21T06:14:49","guid":{"rendered":"http:\/\/localhost:8888\/zubochistka.az\/?post_type=product&#038;p=1557"},"modified":"2025-02-07T18:19:14","modified_gmt":"2025-02-07T14:19:14","slug":"white-secret-dry-power-14","status":"publish","type":"product","link":"https:\/\/zubochistka.az\/az\/product\/white-secret-dry-power-14\/","title":{"rendered":"White Secret Dry Power 14"},"content":{"rendered":"","protected":false},"excerpt":{"rendered":"<p>Di\u015fl\u0259rd\u0259 4-8 ton m\u00fck\u0259mm\u0259l fiksasiya il\u0259 \u0259n g\u00fccl\u00fc a\u011fard\u0131c\u0131 kurs<\/p>\n<p>A\u011fard\u0131c\u0131 zolaqlar White Secret Dry Power 14 \u2013 markan\u0131n m\u0259hsullar s\u0131ras\u0131ndak\u0131 \u0259n g\u00fccl\u00fc zolaqlard\u0131r! Maksimum n\u0259tic\u0259 v\u0259 di\u015fl\u0259rin m\u00fck\u0259mm\u0259l fiksasiyas\u0131 il\u0259 4-8 ton g\u00fccl\u00fc n\u0259tic\u0259 verir. Zolaqlar \u0259la dada malikdir ,narahatl\u0131q yaratm\u0131r v\u0259 quru a\u011fard\u0131c\u0131 gel say\u0259sind\u0259 di\u015fl\u0259rd\u0259n s\u00fcr\u00fc\u015fm\u00fcr. H\u0259qiq\u0259t\u0259n maksimum n\u0259tic\u0259y\u0259 ehtiyac\u0131n\u0131z varsa sat\u0131n alma\u011f\u0131 m\u0259sl\u0259h\u0259t g\u00f6r\u00fcr\u00fck. Zolaqlar\u0131n h\u0259ssas di\u015fl\u0259r \u00fc\u00e7\u00fcn uy\u011fun olmad\u0131\u011f\u0131n\u0131 unutmay\u0131n! T\u0259tbiq m\u00fcdd\u0259ti 30 il\u0259 60 d\u0259qiq\u0259dir.<\/p>\n<p>Bir paketd\u0259:<\/p>\n<ul>\n<li>14 blister<\/li>\n<li>28 zolaq<\/li>\n<\/ul>","protected":false},"featured_media":5689,"comment_status":"open","ping_status":"closed","template":"","meta":{"_eb_attr":"","site-sidebar-layout":"default","site-content-layout":"default","ast-site-content-layout":"default","site-content-style":"default","site-sidebar-style":"default","ast-global-header-display":"","ast-banner-title-visibility":"","ast-main-header-display":"","ast-hfb-above-header-display":"","ast-hfb-below-header-display":"","ast-hfb-mobile-header-display":"","site-post-title":"","ast-breadcrumbs-content":"","ast-featured-img":"","footer-sml-layout":"","ast-disable-related-posts":"","theme-transparent-header-meta":"default","adv-header-id-meta":"","stick-header-meta":"","header-above-stick-meta":"","header-main-stick-meta":"","header-below-stick-meta":"","astra-migrate-meta-layouts":"set","ast-page-background-enabled":"default","ast-page-background-meta":{"desktop":{"background-color":"var(--ast-global-color-4)","background-image":"","background-repeat":"repeat","background-position":"center center","background-size":"auto","background-attachment":"scroll","background-type":"","background-media":"","overlay-type":"","overlay-color":"","overlay-opacity":"","overlay-gradient":""},"tablet":{"background-color":"","background-image":"","background-repeat":"repeat","background-position":"center center","background-size":"auto","background-attachment":"scroll","background-type":"","background-media":"","overlay-type":"","overlay-color":"","overlay-opacity":"","overlay-gradient":""},"mobile":{"background-color":"","background-image":"","background-repeat":"repeat","background-position":"center center","background-size":"auto","background-attachment":"scroll","background-type":"","background-media":"","overlay-type":"","overlay-color":"","overlay-opacity":"","overlay-gradient":""}},"ast-content-background-meta":{"desktop":{"background-color":"var(--ast-global-color-5)","background-image":"","background-repeat":"repeat","background-position":"center center","background-size":"auto","background-attachment":"scroll","background-type":"","background-media":"","overlay-type":"","overlay-color":"","overlay-opacity":"","overlay-gradient":""},"tablet":{"background-color":"var(--ast-global-color-5)","background-image":"","background-repeat":"repeat","background-position":"center center","background-size":"auto","background-attachment":"scroll","background-type":"","background-media":"","overlay-type":"","overlay-color":"","overlay-opacity":"","overlay-gradient":""},"mobile":{"background-color":"var(--ast-global-color-5)","background-image":"","background-repeat":"repeat","background-position":"center center","background-size":"auto","background-attachment":"scroll","background-type":"","background-media":"","overlay-type":"","overlay-color":"","overlay-opacity":"","overlay-gradient":""}}},"product_brand":[80],"product_cat":[56,34],"product_tag":[],"class_list":{"0":"post-1557","1":"product","2":"type-product","3":"status-publish","4":"has-post-thumbnail","6":"product_brand-white-secret","7":"product_cat-56","8":"product_cat-34","9":"desktop-align-left","10":"tablet-align-left","11":"mobile-align-left","13":"first","14":"outofstock","15":"sale","16":"shipping-taxable","17":"purchasable","18":"product-type-simple"},"jetpack_sharing_enabled":true,"_links":{"self":[{"href":"https:\/\/zubochistka.az\/az\/wp-json\/wp\/v2\/product\/1557","targetHints":{"allow":["GET"]}}],"collection":[{"href":"https:\/\/zubochistka.az\/az\/wp-json\/wp\/v2\/product"}],"about":[{"href":"https:\/\/zubochistka.az\/az\/wp-json\/wp\/v2\/types\/product"}],"replies":[{"embeddable":true,"href":"https:\/\/zubochistka.az\/az\/wp-json\/wp\/v2\/comments?post=1557"}],"wp:featuredmedia":[{"embeddable":true,"href":"https:\/\/zubochistka.az\/az\/wp-json\/wp\/v2\/media\/5689"}],"wp:attachment":[{"href":"https:\/\/zubochistka.az\/az\/wp-json\/wp\/v2\/media?parent=1557"}],"wp:term":[{"taxonomy":"product_brand","embeddable":true,"href":"https:\/\/zubochistka.az\/az\/wp-json\/wp\/v2\/product_brand?post=1557"},{"taxonomy":"product_cat","embeddable":true,"href":"https:\/\/zubochistka.az\/az\/wp-json\/wp\/v2\/product_cat?post=1557"},{"taxonomy":"product_tag","embeddable":true,"href":"https:\/\/zubochistka.az\/az\/wp-json\/wp\/v2\/product_tag?post=1557"}],"curies":[{"name":"wp","href":"https:\/\/api.w.org\/{rel}","templated":true}]}}