{"id":1570,"date":"2022-01-21T10:25:57","date_gmt":"2022-01-21T06:25:57","guid":{"rendered":"http:\/\/localhost:8888\/zubochistka.az\/?post_type=product&#038;p=1570"},"modified":"2025-02-07T18:20:57","modified_gmt":"2025-02-07T14:20:57","slug":"white-secret-intenso-start","status":"publish","type":"product","link":"https:\/\/zubochistka.az\/az\/product\/white-secret-intenso-start\/","title":{"rendered":"White Secret Intenso Start"},"content":{"rendered":"","protected":false},"excerpt":{"rendered":"<ul>\n<li>2-4 ton g\u00fccl\u00fc a\u011fartma kursu<\/li>\n<\/ul>\n<p>A\u011fard\u0131c\u0131 zolaqlar White Secret Intenso Start, t\u0259rkibind\u0259 hidrogen peroksid olan intensiv zolaqlar\u0131n ba\u015flan\u011f\u0131c kursudur. Intenso Start g\u00fccl\u00fc t\u0259siri il\u0259 di\u015fl\u0259rinizi 2-4 ton a\u011fartma\u011fa v\u0259 intensiv a\u011farma\u011fa haz\u0131r olub-olmad\u0131\u011f\u0131n\u0131z\u0131 anlama\u011fa k\u00f6m\u0259k ed\u0259c\u0259k. B\u0259lk\u0259 d\u0259 7 g\u00fcnl\u00fck istifad\u0259d\u0259n sonra n\u0259tic\u0259ni o q\u0259d\u0259r b\u0259y\u0259n\u0259c\u0259ksiniz ki, h\u0259r d\u0259f\u0259 White Secret \u0130ntenso Start kursunu se\u00e7\u0259c\u0259ksiniz. \u018fg\u0259r zolaqlar\u0131 s\u0131namaq ist\u0259yirsinizs\u0259, amma klassik g\u00fccl\u00fc kursu se\u00e7m\u0259kd\u0259 q\u0259rars\u0131zs\u0131n\u0131zsa, onda siz\u0259 bu kursu t\u00f6vsiy\u0259 edirik. T\u0259tbiq m\u00fcdd\u0259ti - 20 d\u0259qiq\u0259.<\/p>\n<p>Bir paketd\u0259:<\/p>\n<ul>\n<li>7 blister<\/li>\n<li>14 zolaq<\/li>\n<\/ul>","protected":false},"featured_media":5693,"comment_status":"open","ping_status":"closed","template":"","meta":{"_eb_attr":"","site-sidebar-layout":"default","site-content-layout":"default","ast-site-content-layout":"default","site-content-style":"default","site-sidebar-style":"default","ast-global-header-display":"","ast-banner-title-visibility":"","ast-main-header-display":"","ast-hfb-above-header-display":"","ast-hfb-below-header-display":"","ast-hfb-mobile-header-display":"","site-post-title":"","ast-breadcrumbs-content":"","ast-featured-img":"","footer-sml-layout":"","ast-disable-related-posts":"","theme-transparent-header-meta":"default","adv-header-id-meta":"","stick-header-meta":"","header-above-stick-meta":"","header-main-stick-meta":"","header-below-stick-meta":"","astra-migrate-meta-layouts":"set","ast-page-background-enabled":"default","ast-page-background-meta":{"desktop":{"background-color":"var(--ast-global-color-4)","background-image":"","background-repeat":"repeat","background-position":"center center","background-size":"auto","background-attachment":"scroll","background-type":"","background-media":"","overlay-type":"","overlay-color":"","overlay-opacity":"","overlay-gradient":""},"tablet":{"background-color":"","background-image":"","background-repeat":"repeat","background-position":"center center","background-size":"auto","background-attachment":"scroll","background-type":"","background-media":"","overlay-type":"","overlay-color":"","overlay-opacity":"","overlay-gradient":""},"mobile":{"background-color":"","background-image":"","background-repeat":"repeat","background-position":"center center","background-size":"auto","background-attachment":"scroll","background-type":"","background-media":"","overlay-type":"","overlay-color":"","overlay-opacity":"","overlay-gradient":""}},"ast-content-background-meta":{"desktop":{"background-color":"var(--ast-global-color-5)","background-image":"","background-repeat":"repeat","background-position":"center center","background-size":"auto","background-attachment":"scroll","background-type":"","background-media":"","overlay-type":"","overlay-color":"","overlay-opacity":"","overlay-gradient":""},"tablet":{"background-color":"var(--ast-global-color-5)","background-image":"","background-repeat":"repeat","background-position":"center center","background-size":"auto","background-attachment":"scroll","background-type":"","background-media":"","overlay-type":"","overlay-color":"","overlay-opacity":"","overlay-gradient":""},"mobile":{"background-color":"var(--ast-global-color-5)","background-image":"","background-repeat":"repeat","background-position":"center center","background-size":"auto","background-attachment":"scroll","background-type":"","background-media":"","overlay-type":"","overlay-color":"","overlay-opacity":"","overlay-gradient":""}}},"product_brand":[80],"product_cat":[56,34],"product_tag":[],"class_list":{"0":"post-1570","1":"product","2":"type-product","3":"status-publish","4":"has-post-thumbnail","6":"product_brand-white-secret","7":"product_cat-56","8":"product_cat-34","9":"desktop-align-left","10":"tablet-align-left","11":"mobile-align-left","13":"first","14":"outofstock","15":"sale","16":"shipping-taxable","17":"purchasable","18":"product-type-simple"},"jetpack_sharing_enabled":true,"_links":{"self":[{"href":"https:\/\/zubochistka.az\/az\/wp-json\/wp\/v2\/product\/1570","targetHints":{"allow":["GET"]}}],"collection":[{"href":"https:\/\/zubochistka.az\/az\/wp-json\/wp\/v2\/product"}],"about":[{"href":"https:\/\/zubochistka.az\/az\/wp-json\/wp\/v2\/types\/product"}],"replies":[{"embeddable":true,"href":"https:\/\/zubochistka.az\/az\/wp-json\/wp\/v2\/comments?post=1570"}],"wp:featuredmedia":[{"embeddable":true,"href":"https:\/\/zubochistka.az\/az\/wp-json\/wp\/v2\/media\/5693"}],"wp:attachment":[{"href":"https:\/\/zubochistka.az\/az\/wp-json\/wp\/v2\/media?parent=1570"}],"wp:term":[{"taxonomy":"product_brand","embeddable":true,"href":"https:\/\/zubochistka.az\/az\/wp-json\/wp\/v2\/product_brand?post=1570"},{"taxonomy":"product_cat","embeddable":true,"href":"https:\/\/zubochistka.az\/az\/wp-json\/wp\/v2\/product_cat?post=1570"},{"taxonomy":"product_tag","embeddable":true,"href":"https:\/\/zubochistka.az\/az\/wp-json\/wp\/v2\/product_tag?post=1570"}],"curies":[{"name":"wp","href":"https:\/\/api.w.org\/{rel}","templated":true}]}}