{"id":1571,"date":"2022-01-21T10:27:27","date_gmt":"2022-01-21T06:27:27","guid":{"rendered":"http:\/\/localhost:8888\/zubochistka.az\/?post_type=product&#038;p=1571"},"modified":"2025-02-07T18:19:48","modified_gmt":"2025-02-07T14:19:48","slug":"white-secret-sensitive","status":"publish","type":"product","link":"https:\/\/zubochistka.az\/az\/product\/white-secret-sensitive\/","title":{"rendered":"White Secret Sensitive"},"content":{"rendered":"","protected":false},"excerpt":{"rendered":"<ul>\n<li>2-5 ton. Yum\u015faq v\u0259 t\u0259hl\u00fck\u0259siz a\u011fartman\u0131n klassik m\u00fcalic\u0259 kursu.<\/li>\n<\/ul>\n<p>White Secret Sensitive - \u0259n h\u0259ssas di\u015fl\u0259r\u0259 bel\u0259 uy\u011fun olan yum\u015faq a\u011fard\u0131c\u0131 vasit\u0259dir. X\u00fcsusi yum\u015faq formulalar, mina qat\u0131na z\u0259r\u0259r verm\u0259d\u0259n di\u015fl\u0259rinizi 2-5 ton a\u011fartma\u011fa imkan verir. Xo\u015f nan\u0259-limon dadl\u0131 zolaqlar\u0131 istifad\u0259 ed\u0259rk\u0259n a\u011f\u0131z bo\u015flu\u011funuza komfort qatacaqd\u0131r. \u018fg\u0259r qar kimi b\u0259yaz bir t\u0259b\u0259ss\u00fcml\u0259 parlamaq ist\u0259yirsinizs\u0259, amma di\u015fl\u0259riniz h\u0259ssasd\u0131rsa, onda White Secret Sensitive\u2019i se\u00e7m\u0259yi m\u0259sl\u0259h\u0259t g\u00f6r\u00fcr\u00fck. T\u0259tbiq m\u00fcdd\u0259ti - 30 d\u0259qiq\u0259.<\/p>\n<p>Bir paketd\u0259:<\/p>\n<ul>\n<li>14 blister<\/li>\n<li>28 zolaq<\/li>\n<\/ul>","protected":false},"featured_media":5694,"comment_status":"open","ping_status":"closed","template":"","meta":{"_eb_attr":"","site-sidebar-layout":"default","site-content-layout":"default","ast-site-content-layout":"default","site-content-style":"default","site-sidebar-style":"default","ast-global-header-display":"","ast-banner-title-visibility":"","ast-main-header-display":"","ast-hfb-above-header-display":"","ast-hfb-below-header-display":"","ast-hfb-mobile-header-display":"","site-post-title":"","ast-breadcrumbs-content":"","ast-featured-img":"","footer-sml-layout":"","ast-disable-related-posts":"","theme-transparent-header-meta":"default","adv-header-id-meta":"","stick-header-meta":"","header-above-stick-meta":"","header-main-stick-meta":"","header-below-stick-meta":"","astra-migrate-meta-layouts":"set","ast-page-background-enabled":"default","ast-page-background-meta":{"desktop":{"background-color":"var(--ast-global-color-4)","background-image":"","background-repeat":"repeat","background-position":"center center","background-size":"auto","background-attachment":"scroll","background-type":"","background-media":"","overlay-type":"","overlay-color":"","overlay-opacity":"","overlay-gradient":""},"tablet":{"background-color":"","background-image":"","background-repeat":"repeat","background-position":"center center","background-size":"auto","background-attachment":"scroll","background-type":"","background-media":"","overlay-type":"","overlay-color":"","overlay-opacity":"","overlay-gradient":""},"mobile":{"background-color":"","background-image":"","background-repeat":"repeat","background-position":"center center","background-size":"auto","background-attachment":"scroll","background-type":"","background-media":"","overlay-type":"","overlay-color":"","overlay-opacity":"","overlay-gradient":""}},"ast-content-background-meta":{"desktop":{"background-color":"var(--ast-global-color-5)","background-image":"","background-repeat":"repeat","background-position":"center center","background-size":"auto","background-attachment":"scroll","background-type":"","background-media":"","overlay-type":"","overlay-color":"","overlay-opacity":"","overlay-gradient":""},"tablet":{"background-color":"var(--ast-global-color-5)","background-image":"","background-repeat":"repeat","background-position":"center center","background-size":"auto","background-attachment":"scroll","background-type":"","background-media":"","overlay-type":"","overlay-color":"","overlay-opacity":"","overlay-gradient":""},"mobile":{"background-color":"var(--ast-global-color-5)","background-image":"","background-repeat":"repeat","background-position":"center center","background-size":"auto","background-attachment":"scroll","background-type":"","background-media":"","overlay-type":"","overlay-color":"","overlay-opacity":"","overlay-gradient":""}}},"product_brand":[80],"product_cat":[56,34],"product_tag":[],"class_list":{"0":"post-1571","1":"product","2":"type-product","3":"status-publish","4":"has-post-thumbnail","6":"product_brand-white-secret","7":"product_cat-56","8":"product_cat-34","9":"desktop-align-left","10":"tablet-align-left","11":"mobile-align-left","13":"first","14":"outofstock","15":"sale","16":"shipping-taxable","17":"purchasable","18":"product-type-simple"},"jetpack_sharing_enabled":true,"_links":{"self":[{"href":"https:\/\/zubochistka.az\/az\/wp-json\/wp\/v2\/product\/1571","targetHints":{"allow":["GET"]}}],"collection":[{"href":"https:\/\/zubochistka.az\/az\/wp-json\/wp\/v2\/product"}],"about":[{"href":"https:\/\/zubochistka.az\/az\/wp-json\/wp\/v2\/types\/product"}],"replies":[{"embeddable":true,"href":"https:\/\/zubochistka.az\/az\/wp-json\/wp\/v2\/comments?post=1571"}],"wp:featuredmedia":[{"embeddable":true,"href":"https:\/\/zubochistka.az\/az\/wp-json\/wp\/v2\/media\/5694"}],"wp:attachment":[{"href":"https:\/\/zubochistka.az\/az\/wp-json\/wp\/v2\/media?parent=1571"}],"wp:term":[{"taxonomy":"product_brand","embeddable":true,"href":"https:\/\/zubochistka.az\/az\/wp-json\/wp\/v2\/product_brand?post=1571"},{"taxonomy":"product_cat","embeddable":true,"href":"https:\/\/zubochistka.az\/az\/wp-json\/wp\/v2\/product_cat?post=1571"},{"taxonomy":"product_tag","embeddable":true,"href":"https:\/\/zubochistka.az\/az\/wp-json\/wp\/v2\/product_tag?post=1571"}],"curies":[{"name":"wp","href":"https:\/\/api.w.org\/{rel}","templated":true}]}}