{"id":1605,"date":"2022-01-28T06:23:31","date_gmt":"2022-01-28T06:23:31","guid":{"rendered":"http:\/\/localhost:8888\/zubochistka.az\/?post_type=product&#038;p=1605"},"modified":"2025-02-07T18:19:40","modified_gmt":"2025-02-07T14:19:40","slug":"philips-sonicare-2100-series-%d1%8d%d0%bb%d0%b5%d0%ba%d1%82%d1%80%d0%b8%d1%87%d0%b5%d1%81%d0%ba%d0%b0%d1%8f-%d0%b7%d0%b2%d1%83%d0%ba%d0%be%d0%b2%d0%b0%d1%8f-%d0%b7%d1%83%d0%b1%d0%bd%d0%b0%d1%8f-%d1%89","status":"publish","type":"product","link":"https:\/\/zubochistka.az\/az\/product\/philips-sonicare-2100-series-%d1%8d%d0%bb%d0%b5%d0%ba%d1%82%d1%80%d0%b8%d1%87%d0%b5%d1%81%d0%ba%d0%b0%d1%8f-%d0%b7%d0%b2%d1%83%d0%ba%d0%be%d0%b2%d0%b0%d1%8f-%d0%b7%d1%83%d0%b1%d0%bd%d0%b0%d1%8f-%d1%89\/","title":{"rendered":"Philips Sonicare 2100 Series Sonic elektrik di\u015f f\u0131r\u00e7as\u0131 HX3651 \/ 12"},"content":{"rendered":"","protected":false},"excerpt":{"rendered":"<p>Sonic texnologiyas\u0131 di\u015f f\u0131r\u00e7as\u0131 dizayn\u0131 il\u0259 birg\u0259 adi di\u015f f\u0131r\u00e7as\u0131na nisb\u0259t\u0259n 3 d\u0259f\u0259y\u0259 q\u0259d\u0259r daha \u00e7ox \u0259rp \u00e7\u0131xar\u0131r.<\/p>\n<ul>\n<li><strong>S\u0259s texnologiyas\u0131<\/strong><\/li>\n<li><strong>QuadPacer v\u0259 SmarTimer funksiyalar\u0131<\/strong><\/li>\n<li><strong>Parlaq erqonomik dizayn<\/strong><\/li>\n<li><strong>14 g\u00fcn batareyan\u0131n i\u015fl\u0259m\u0259 m\u00fcdd\u0259ti<\/strong><\/li>\n<\/ul>\n<h2>Texniki x\u00fcsusiyy\u0259tl\u0259r<\/h2>\n<ul>\n<li>Rejiml\u0259r<\/li>\n<\/ul>\n<p class=\"translation-block\"><strong>Clean<\/strong> G\u00fcnd\u0259lik h\u0259rt\u0259r\u0259fli t\u0259mizlik \u00fc\u00e7\u00fcn<\/p>\n<ul>\n<li>Daxildir<\/li>\n<\/ul>\n<p class=\"translation-block\"><strong>Tutacaq <\/strong> Seria 2100, 1 \u0259d\u0259d<\/p>\n<p class=\"translation-block\"><strong>Di\u015f f\u0131r\u00e7as\u0131 ba\u015fl\u0131\u011f\u0131<\/strong> 1 standart C1 ProResults ba\u015fl\u0131\u011f\u0131<\/p>\n<p><strong>\u015earj cihaz\u0131 <\/strong>1<\/p>\n<h3><em>Unikal texnologiyam\u0131z s\u0259m\u0259r\u0259li v\u0259 z\u0259rif t\u0259mizliyi t\u0259min edir<\/em><\/h3>\n<p>Philips Sonicare sonic texnologiyas\u0131 il\u0259 t\u0259chiz edilmi\u015fdir. F\u0131r\u00e7an\u0131n t\u00fckc\u00fckl\u0259ri di\u015f h\u0259kiml\u0259rinin t\u00f6vsiy\u0259 etdiyi kimi di\u015f \u0259tind\u0259n di\u015fin k\u0259nar\u0131na do\u011fru s\u00fcr\u0259tli s\u00fcp\u00fcrm\u0259 h\u0259r\u0259k\u0259tl\u0259ri edir. Su v\u0259 di\u015f m\u0259cunu qar\u0131\u015f\u0131\u011f\u0131n\u0131n \u00e7ox s\u00fcr\u0259tli h\u0259r\u0259k\u0259tl\u0259ri say\u0259sind\u0259 di\u015faras\u0131 bo\u015fluqlar\u0131n d\u0259rinliyin\u0259 do\u011fru y\u00f6n\u0259ldilmi\u015f mikro-k\u00f6p\u00fckl\u0259r ax\u0131n\u0131 \u0259m\u0259l\u0259 g\u0259lir, hans\u0131 ki di\u015faras\u0131 y\u0131\u011f\u0131lm\u0131\u015f \u0259rpin t\u0259mizliyini t\u0259min edir. 2 d\u0259qiq\u0259 sonic di\u015f f\u0131r\u00e7as\u0131 il\u0259 f\u0131r\u00e7alaman\u0131n n\u0259tic\u0259si 2 ayl\u0131q adi di\u015f f\u0131r\u00e7as\u0131 il\u0259 f\u0131r\u00e7alama\u011fa b\u0259rab\u0259rdir.<\/p>\n<p>2 d\u0259qiq\u0259lik SmarTimer v\u0259 30 saniy\u0259lik QuadPacer taymeri a\u011fz\u0131n\u0131z\u0131n h\u0259r bir sah\u0259sini t\u00f6vsiy\u0259 olunan vaxt \u0259rzind\u0259 optimal f\u0131r\u00e7alama il\u0259 t\u0259min ed\u0259c\u0259k.<\/p>\n<h3><strong>Easy<\/strong><strong>&#8211;<\/strong><strong>Start<\/strong> hamar ke\u00e7id \u00fc\u00e7\u00fcn<\/h3>\n<p>Bizim Easy-Start proqram\u0131m\u0131z f\u0131r\u00e7alama g\u00fcc\u00fcn\u00fcn ilk 14 seansda t\u0259dric\u0259n v\u0259 yum\u015faq \u015f\u0259kild\u0259 art\u0131r\u0131lmas\u0131n\u0131 t\u0259min edir.<\/p>","protected":false},"featured_media":5697,"comment_status":"open","ping_status":"closed","template":"","meta":{"_eb_attr":"","site-sidebar-layout":"default","site-content-layout":"default","ast-site-content-layout":"default","site-content-style":"default","site-sidebar-style":"default","ast-global-header-display":"","ast-banner-title-visibility":"","ast-main-header-display":"","ast-hfb-above-header-display":"","ast-hfb-below-header-display":"","ast-hfb-mobile-header-display":"","site-post-title":"","ast-breadcrumbs-content":"","ast-featured-img":"","footer-sml-layout":"","theme-transparent-header-meta":"default","adv-header-id-meta":"","stick-header-meta":"","header-above-stick-meta":"","header-main-stick-meta":"","header-below-stick-meta":"","astra-migrate-meta-layouts":"set","ast-page-background-enabled":"default","ast-page-background-meta":{"desktop":{"background-color":"var(--ast-global-color-4)","background-image":"","background-repeat":"repeat","background-position":"center center","background-size":"auto","background-attachment":"scroll","background-type":"","background-media":"","overlay-type":"","overlay-color":"","overlay-opacity":"","overlay-gradient":""},"tablet":{"background-color":"","background-image":"","background-repeat":"repeat","background-position":"center center","background-size":"auto","background-attachment":"scroll","background-type":"","background-media":"","overlay-type":"","overlay-color":"","overlay-opacity":"","overlay-gradient":""},"mobile":{"background-color":"","background-image":"","background-repeat":"repeat","background-position":"center center","background-size":"auto","background-attachment":"scroll","background-type":"","background-media":"","overlay-type":"","overlay-color":"","overlay-opacity":"","overlay-gradient":""}},"ast-content-background-meta":{"desktop":{"background-color":"var(--ast-global-color-5)","background-image":"","background-repeat":"repeat","background-position":"center center","background-size":"auto","background-attachment":"scroll","background-type":"","background-media":"","overlay-type":"","overlay-color":"","overlay-opacity":"","overlay-gradient":""},"tablet":{"background-color":"var(--ast-global-color-5)","background-image":"","background-repeat":"repeat","background-position":"center center","background-size":"auto","background-attachment":"scroll","background-type":"","background-media":"","overlay-type":"","overlay-color":"","overlay-opacity":"","overlay-gradient":""},"mobile":{"background-color":"var(--ast-global-color-5)","background-image":"","background-repeat":"repeat","background-position":"center center","background-size":"auto","background-attachment":"scroll","background-type":"","background-media":"","overlay-type":"","overlay-color":"","overlay-opacity":"","overlay-gradient":""}}},"product_brand":[77],"product_cat":[39,23],"product_tag":[],"class_list":{"0":"post-1605","1":"product","2":"type-product","3":"status-publish","4":"has-post-thumbnail","6":"product_brand-philips","7":"product_cat-39","8":"product_cat-23","9":"desktop-align-left","10":"tablet-align-left","11":"mobile-align-left","13":"first","14":"instock","15":"shipping-taxable","16":"purchasable","17":"product-type-simple"},"jetpack_sharing_enabled":true,"_links":{"self":[{"href":"https:\/\/zubochistka.az\/az\/wp-json\/wp\/v2\/product\/1605","targetHints":{"allow":["GET"]}}],"collection":[{"href":"https:\/\/zubochistka.az\/az\/wp-json\/wp\/v2\/product"}],"about":[{"href":"https:\/\/zubochistka.az\/az\/wp-json\/wp\/v2\/types\/product"}],"replies":[{"embeddable":true,"href":"https:\/\/zubochistka.az\/az\/wp-json\/wp\/v2\/comments?post=1605"}],"wp:featuredmedia":[{"embeddable":true,"href":"https:\/\/zubochistka.az\/az\/wp-json\/wp\/v2\/media\/5697"}],"wp:attachment":[{"href":"https:\/\/zubochistka.az\/az\/wp-json\/wp\/v2\/media?parent=1605"}],"wp:term":[{"taxonomy":"product_brand","embeddable":true,"href":"https:\/\/zubochistka.az\/az\/wp-json\/wp\/v2\/product_brand?post=1605"},{"taxonomy":"product_cat","embeddable":true,"href":"https:\/\/zubochistka.az\/az\/wp-json\/wp\/v2\/product_cat?post=1605"},{"taxonomy":"product_tag","embeddable":true,"href":"https:\/\/zubochistka.az\/az\/wp-json\/wp\/v2\/product_tag?post=1605"}],"curies":[{"name":"wp","href":"https:\/\/api.w.org\/{rel}","templated":true}]}}