{"id":1663,"date":"2022-02-01T06:29:23","date_gmt":"2022-02-01T06:29:23","guid":{"rendered":"http:\/\/localhost:8888\/zubochistka.az\/?post_type=product&#038;p=1663"},"modified":"2025-02-07T18:10:51","modified_gmt":"2025-02-07T14:10:51","slug":"curaprox-enzycal-950-ppm","status":"publish","type":"product","link":"https:\/\/zubochistka.az\/az\/product\/curaprox-enzycal-950-ppm\/","title":{"rendered":"CURAPROX Enzycal 950 ppm"},"content":{"rendered":"","protected":false},"excerpt":{"rendered":"<p>Terapevtik v\u0259 profilaktik a\u015fa\u011f\u0131 abrazivli  m\u00fcr\u0259kk\u0259b t\u0259sirli bio di\u015f m\u0259cunu. Natrium lauril sulfat v\u0259 nan\u0259 ya\u011f\u0131 yoxdur. T\u0259rkibind\u0259 az miqdarda natrium fl\u00fcorid, dadland\u0131r\u0131c\u0131, insan t\u00fcp\u00fcrc\u0259yi \u00fc\u00e7\u00fcn xarakterik olan heyvan m\u0259n\u015f\u0259li laktoperoksidaza ferment sistemi var. Su olanda aktivdir.Mikrob \u0259leyhin\u0259, t\u0259mizl\u0259yici, b\u0259rpaedici, yara sa\u011fald\u0131c\u0131 t\u0259sir g\u00f6st\u0259rir. M\u00fcxt\u0259lif m\u0259n\u015f\u0259li xroniki stomatitl\u0259rin, dodaqlar\u0131n v\u0259 a\u011f\u0131z selikli qi\u015fas\u0131n\u0131n xroniki z\u0259d\u0259l\u0259nm\u0259l\u0259rinin, \u015f\u0259k\u0259rli diabetd\u0259, immun \u00e7at\u0131\u015fmazl\u0131\u011f\u0131nda, onkoloji x\u0259st\u0259likl\u0259rd\u0259, kimyaterapiya zaman\u0131, \u015f\u00fca x\u0259st\u0259liyind\u0259n sonra v\u0259 \u0259m\u0259liyyatdan sonrak\u0131 d\u00f6vrd\u0259 \u00f6z\u00fcn\u00fc g\u00f6st\u0259r\u0259n kserostomiya (a\u011f\u0131z qurulu\u011fu)  profilaktikas\u0131 v\u0259 m\u00fcalic\u0259si \u00fc\u00e7\u00fcn effektivdir. B\u00fct\u00fcn x\u0259st\u0259 qruplar\u0131na, h\u0259r ya\u015fda olan ki\u015fil\u0259r\u0259 v\u0259 qad\u0131nlara, 6 ya\u015fdan yuxar\u0131 u\u015faqlara, yeniyetm\u0259l\u0259r\u0259, di\u015f minas\u0131 z\u0259d\u0259l\u0259nmi\u015f x\u0259st\u0259l\u0259r\u0259 (eroziya, hipoplaziya, hiperplaziya, paz formal\u0131 defekt), hamil\u0259 v\u0259 laktasiya d\u00f6vr\u00fcnd\u0259 olan qad\u0131nlara, \u015f\u0259k\u0259rli diabet x\u0259st\u0259l\u0259rin\u0259, homeopatik d\u0259rmanlara \u00fcst\u00fcnl\u00fck ver\u0259n x\u0259st\u0259l\u0259r\u0259, allergiya x\u0259st\u0259l\u0259rin\u0259 uy\u011fundur. Sonik di\u015f f\u0131r\u00e7as\u0131 istifad\u0259 ed\u0259rk\u0259n t\u00f6vsiy\u0259 olunur. Fl\u00fcorun t\u0259rkibi 950 ppm, a\u015f\u0131nma indeksi RDA 30.<\/p>","protected":false},"featured_media":5704,"comment_status":"open","ping_status":"closed","template":"","meta":{"_eb_attr":"","site-sidebar-layout":"default","site-content-layout":"default","ast-site-content-layout":"default","site-content-style":"default","site-sidebar-style":"default","ast-global-header-display":"","ast-banner-title-visibility":"","ast-main-header-display":"","ast-hfb-above-header-display":"","ast-hfb-below-header-display":"","ast-hfb-mobile-header-display":"","site-post-title":"","ast-breadcrumbs-content":"","ast-featured-img":"","footer-sml-layout":"","ast-disable-related-posts":"","theme-transparent-header-meta":"default","adv-header-id-meta":"","stick-header-meta":"","header-above-stick-meta":"","header-main-stick-meta":"","header-below-stick-meta":"","astra-migrate-meta-layouts":"set","ast-page-background-enabled":"default","ast-page-background-meta":{"desktop":{"background-color":"var(--ast-global-color-4)","background-image":"","background-repeat":"repeat","background-position":"center center","background-size":"auto","background-attachment":"scroll","background-type":"","background-media":"","overlay-type":"","overlay-color":"","overlay-opacity":"","overlay-gradient":""},"tablet":{"background-color":"","background-image":"","background-repeat":"repeat","background-position":"center center","background-size":"auto","background-attachment":"scroll","background-type":"","background-media":"","overlay-type":"","overlay-color":"","overlay-opacity":"","overlay-gradient":""},"mobile":{"background-color":"","background-image":"","background-repeat":"repeat","background-position":"center center","background-size":"auto","background-attachment":"scroll","background-type":"","background-media":"","overlay-type":"","overlay-color":"","overlay-opacity":"","overlay-gradient":""}},"ast-content-background-meta":{"desktop":{"background-color":"var(--ast-global-color-5)","background-image":"","background-repeat":"repeat","background-position":"center center","background-size":"auto","background-attachment":"scroll","background-type":"","background-media":"","overlay-type":"","overlay-color":"","overlay-opacity":"","overlay-gradient":""},"tablet":{"background-color":"var(--ast-global-color-5)","background-image":"","background-repeat":"repeat","background-position":"center center","background-size":"auto","background-attachment":"scroll","background-type":"","background-media":"","overlay-type":"","overlay-color":"","overlay-opacity":"","overlay-gradient":""},"mobile":{"background-color":"var(--ast-global-color-5)","background-image":"","background-repeat":"repeat","background-position":"center center","background-size":"auto","background-attachment":"scroll","background-type":"","background-media":"","overlay-type":"","overlay-color":"","overlay-opacity":"","overlay-gradient":""}}},"product_brand":[73],"product_cat":[62,21,22],"product_tag":[],"class_list":{"0":"post-1663","1":"product","2":"type-product","3":"status-publish","4":"has-post-thumbnail","6":"product_brand-curaprox","7":"product_cat-62","8":"product_cat-21","9":"product_cat-22","10":"desktop-align-left","11":"tablet-align-left","12":"mobile-align-left","14":"first","15":"instock","16":"shipping-taxable","17":"purchasable","18":"product-type-simple"},"jetpack_sharing_enabled":true,"_links":{"self":[{"href":"https:\/\/zubochistka.az\/az\/wp-json\/wp\/v2\/product\/1663","targetHints":{"allow":["GET"]}}],"collection":[{"href":"https:\/\/zubochistka.az\/az\/wp-json\/wp\/v2\/product"}],"about":[{"href":"https:\/\/zubochistka.az\/az\/wp-json\/wp\/v2\/types\/product"}],"replies":[{"embeddable":true,"href":"https:\/\/zubochistka.az\/az\/wp-json\/wp\/v2\/comments?post=1663"}],"wp:featuredmedia":[{"embeddable":true,"href":"https:\/\/zubochistka.az\/az\/wp-json\/wp\/v2\/media\/5704"}],"wp:attachment":[{"href":"https:\/\/zubochistka.az\/az\/wp-json\/wp\/v2\/media?parent=1663"}],"wp:term":[{"taxonomy":"product_brand","embeddable":true,"href":"https:\/\/zubochistka.az\/az\/wp-json\/wp\/v2\/product_brand?post=1663"},{"taxonomy":"product_cat","embeddable":true,"href":"https:\/\/zubochistka.az\/az\/wp-json\/wp\/v2\/product_cat?post=1663"},{"taxonomy":"product_tag","embeddable":true,"href":"https:\/\/zubochistka.az\/az\/wp-json\/wp\/v2\/product_tag?post=1663"}],"curies":[{"name":"wp","href":"https:\/\/api.w.org\/{rel}","templated":true}]}}