{"id":1665,"date":"2022-02-01T06:43:47","date_gmt":"2022-02-01T06:43:47","guid":{"rendered":"http:\/\/localhost:8888\/zubochistka.az\/?post_type=product&#038;p=1665"},"modified":"2025-03-07T01:27:47","modified_gmt":"2025-03-06T21:27:47","slug":"black-is-white-90-%d0%bc%d0%bb-cs-ultra-soft-5460-%d1%87%d0%b5%d1%80%d0%bd%d0%b0%d1%8f","status":"publish","type":"product","link":"https:\/\/zubochistka.az\/az\/product\/black-is-white-90-%d0%bc%d0%bb-cs-ultra-soft-5460-%d1%87%d0%b5%d1%80%d0%bd%d0%b0%d1%8f\/","title":{"rendered":"Black Is White, 90 \u043c\u043b + CS Ultra Soft 5460 \u0447\u0435\u0440\u043d\u0430\u044f"},"content":{"rendered":"","protected":false},"excerpt":{"rendered":"<p>A\u011fard\u0131c\u0131 di\u015f m\u0259cunu v\u0259 ultra yum\u015faq m\u0259hdud sayda burax\u0131lm\u0131\u015f CS5460 black\/white di\u015f f\u0131r\u00e7as\u0131 d\u0259sti.\n\nKompleks t\u0259sirli a\u011fard\u0131c\u0131 di\u015f m\u0259cunu. O, iki t\u0259bii inqrediyent say\u0259sind\u0259 effektiv \u015f\u0259kild\u0259 a\u011fard\u0131r - aktivl\u0259\u015fdirilmi\u015f k\u00f6m\u00fcr vasit\u0259si il\u0259 \u00e7ay, q\u0259hv\u0259, t\u00fct\u00fcn, q\u0131rm\u0131z\u0131 \u015f\u0259rab v\u0259 s.-d\u0259n olan piqmenti \u00f6z\u00fcn\u0259 hopduraraq, mina r\u0259nginin pozulmas\u0131na imkan vermir. T\u0259rkibind\u0259 h\u0259m\u00e7inin di\u015f s\u0259thini hamar ed\u0259n, minan\u0131 z\u0259d\u0259l\u0259m\u0259d\u0259n v\u0259 tur\u015fu m\u00fchitin t\u0259sirind\u0259n qoruyan, h\u0259m\u00e7inin di\u015f minas\u0131na a\u011f r\u0259ng ver\u0259n mavi mika mikrohiss\u0259cikl\u0259ri var. Laktoperoksidaza sistemi say\u0259sind\u0259 m\u0259cun a\u011f\u0131z bo\u015flu\u011funun immun sistemini d\u0259st\u0259kl\u0259yir, t\u00fcp\u00fcrc\u0259yin qoruyucu, remineralizasiya, t\u0259mizl\u0259m\u0259 funksiyalar\u0131n\u0131 d\u0259st\u0259kl\u0259yir. T\u0259rkibind\u0259 15000ppm nano-hidroksiapatitl\u0259r var. A\u015fa\u011f\u0131 abrazivlik indeksi RDA 50. SLS yoxdur. 1450ppm natrium ftorid. Z\u0259rif laym dadl\u0131.<\/p>\n<p style=\"text-align: left;\">","protected":false},"featured_media":1668,"comment_status":"open","ping_status":"closed","template":"","meta":{"_eb_attr":"","site-sidebar-layout":"default","site-content-layout":"default","ast-site-content-layout":"default","site-content-style":"default","site-sidebar-style":"default","ast-global-header-display":"","ast-banner-title-visibility":"","ast-main-header-display":"","ast-hfb-above-header-display":"","ast-hfb-below-header-display":"","ast-hfb-mobile-header-display":"","site-post-title":"","ast-breadcrumbs-content":"","ast-featured-img":"","footer-sml-layout":"","ast-disable-related-posts":"","theme-transparent-header-meta":"default","adv-header-id-meta":"","stick-header-meta":"","header-above-stick-meta":"","header-main-stick-meta":"","header-below-stick-meta":"","astra-migrate-meta-layouts":"set","ast-page-background-enabled":"default","ast-page-background-meta":{"desktop":{"background-color":"var(--ast-global-color-4)","background-image":"","background-repeat":"repeat","background-position":"center center","background-size":"auto","background-attachment":"scroll","background-type":"","background-media":"","overlay-type":"","overlay-color":"","overlay-opacity":"","overlay-gradient":""},"tablet":{"background-color":"","background-image":"","background-repeat":"repeat","background-position":"center center","background-size":"auto","background-attachment":"scroll","background-type":"","background-media":"","overlay-type":"","overlay-color":"","overlay-opacity":"","overlay-gradient":""},"mobile":{"background-color":"","background-image":"","background-repeat":"repeat","background-position":"center center","background-size":"auto","background-attachment":"scroll","background-type":"","background-media":"","overlay-type":"","overlay-color":"","overlay-opacity":"","overlay-gradient":""}},"ast-content-background-meta":{"desktop":{"background-color":"var(--ast-global-color-5)","background-image":"","background-repeat":"repeat","background-position":"center center","background-size":"auto","background-attachment":"scroll","background-type":"","background-media":"","overlay-type":"","overlay-color":"","overlay-opacity":"","overlay-gradient":""},"tablet":{"background-color":"var(--ast-global-color-5)","background-image":"","background-repeat":"repeat","background-position":"center center","background-size":"auto","background-attachment":"scroll","background-type":"","background-media":"","overlay-type":"","overlay-color":"","overlay-opacity":"","overlay-gradient":""},"mobile":{"background-color":"var(--ast-global-color-5)","background-image":"","background-repeat":"repeat","background-position":"center center","background-size":"auto","background-attachment":"scroll","background-type":"","background-media":"","overlay-type":"","overlay-color":"","overlay-opacity":"","overlay-gradient":""}}},"product_brand":[73],"product_cat":[21,45],"product_tag":[],"class_list":{"0":"post-1665","1":"product","2":"type-product","3":"status-publish","4":"has-post-thumbnail","6":"product_brand-curaprox","7":"product_cat-21","8":"product_cat-45","9":"desktop-align-left","10":"tablet-align-left","11":"mobile-align-left","13":"first","14":"instock","15":"shipping-taxable","16":"purchasable","17":"product-type-simple"},"jetpack_sharing_enabled":true,"_links":{"self":[{"href":"https:\/\/zubochistka.az\/az\/wp-json\/wp\/v2\/product\/1665","targetHints":{"allow":["GET"]}}],"collection":[{"href":"https:\/\/zubochistka.az\/az\/wp-json\/wp\/v2\/product"}],"about":[{"href":"https:\/\/zubochistka.az\/az\/wp-json\/wp\/v2\/types\/product"}],"replies":[{"embeddable":true,"href":"https:\/\/zubochistka.az\/az\/wp-json\/wp\/v2\/comments?post=1665"}],"wp:featuredmedia":[{"embeddable":true,"href":"https:\/\/zubochistka.az\/az\/wp-json\/wp\/v2\/media\/1668"}],"wp:attachment":[{"href":"https:\/\/zubochistka.az\/az\/wp-json\/wp\/v2\/media?parent=1665"}],"wp:term":[{"taxonomy":"product_brand","embeddable":true,"href":"https:\/\/zubochistka.az\/az\/wp-json\/wp\/v2\/product_brand?post=1665"},{"taxonomy":"product_cat","embeddable":true,"href":"https:\/\/zubochistka.az\/az\/wp-json\/wp\/v2\/product_cat?post=1665"},{"taxonomy":"product_tag","embeddable":true,"href":"https:\/\/zubochistka.az\/az\/wp-json\/wp\/v2\/product_tag?post=1665"}],"curies":[{"name":"wp","href":"https:\/\/api.w.org\/{rel}","templated":true}]}}