{"id":2135,"date":"2022-03-21T11:35:42","date_gmt":"2022-03-21T07:35:42","guid":{"rendered":"https:\/\/zubochistka.az\/?post_type=product&#038;p=2135"},"modified":"2025-02-07T17:35:24","modified_gmt":"2025-02-07T13:35:24","slug":"%d0%be%d0%bf%d0%be%d0%bb%d0%b0%d1%81%d0%ba%d0%b8%d0%b2%d0%b0%d1%82%d0%b5%d0%bb%d1%8c-%d0%b4%d0%bb%d1%8f-%d0%bf%d0%be%d0%bb%d0%be%d1%81%d1%82%d0%b8-%d1%80%d1%82%d0%b0-synergetic-%d0%ba%d0%be","status":"publish","type":"product","link":"https:\/\/zubochistka.az\/az\/product\/%d0%be%d0%bf%d0%be%d0%bb%d0%b0%d1%81%d0%ba%d0%b8%d0%b2%d0%b0%d1%82%d0%b5%d0%bb%d1%8c-%d0%b4%d0%bb%d1%8f-%d0%bf%d0%be%d0%bb%d0%be%d1%81%d1%82%d0%b8-%d1%80%d1%82%d0%b0-synergetic-%d0%ba%d0%be\/","title":{"rendered":"Synergertic a\u011f\u0131z yaxalay\u0131c\u0131s\u0131 \"Complex formula\" MANGO + MINT"},"content":{"rendered":"","protected":false},"excerpt":{"rendered":"<p>SYNERGETIC T\u0259bii a\u011f\u0131z yaxalay\u0131c\u0131s\u0131 \"Complex Formula 7si 1d\u0259\" bitki ekstraktlar\u0131, 99%-d\u0259n \u00e7ox t\u0259bii komponentl\u0259rl\u0259 a\u011f\u0131z bo\u015flu\u011funuzu kariesd\u0259n qoruyur, n\u0259f\u0259si t\u0259rav\u0259tl\u0259ndirir, di\u015fl\u0259ri v\u0259 di\u015f \u0259tl\u0259rini sa\u011flam saxlay\u0131r.<\/p>\n<p><strong>T\u0259rkibi:<\/strong><\/p>\n<p>Aqua (su); Gliserin (t\u0259bii n\u0259ml\u0259ndirici t\u0259rkib hiss\u0259si); Polyglyceryl-4 Laurate \/ Sebacate, Polyglyceryl-6 Caprylate \/ Caprate (bitki emulqatorlar\u0131); Ksilitol (a\u011f\u0131z bo\u015flu\u011funda kariogen bakteriyalar\u0131n say\u0131n\u0131 azaldan t\u0259bii m\u0259n\u015f\u0259li komponent); natrium benzoat, kalium sorbat (t\u0259bii konservantlar); Aroma (\"Manqo + Nan\u0259\" aromatik t\u0259rkibi); Stevioside (t\u0259bii tatland\u0131r\u0131c\u0131); Natrium Lauroyl Sarcosinate (yum\u015faq t\u0259mizl\u0259yici v\u0259 k\u00f6p\u00fckl\u0259ndirici t\u0259sir\u0259 malik bitki m\u0259n\u015f\u0259li komponent); Rubus Idaeus Toxumu (Moruq) Ekstrakt\u0131 (moruq ekstrakt\u0131); Acorus Calamus (Sweet Flag) K\u00f6k Ekstrakt\u0131 (kalamus ekstrakt\u0131); Sitrus Limon Meyv\u0259 Ekstrakt\u0131 (limon ekstrakt\u0131); Fragaria Vesca Meyv\u0259 Ekstrakt\u0131 (\u00e7iy\u0259l\u0259k ekstrakt\u0131); Sitrik tur\u015fusu (limon tur\u015fusu); Mentha Piperita Essential Oil (nan\u0259 efir ya\u011f\u0131); Citrus Aurantifolia (Lime) Efir Ya\u011f\u0131 (\u0259h\u0259ng efir ya\u011f\u0131); Rosmarinus Officinalis (rozmarin) ya\u011f\u0131 (rozmarin efir ya\u011f\u0131); Papain (papain fermenti l\u00f6vh\u0259nin z\u00fclal \u0259sas\u0131n\u0131 par\u00e7alay\u0131r, emaye \u00fcz\u0259rind\u0259 aktiv i\u015f\u0131qland\u0131r\u0131c\u0131 t\u0259sir g\u00f6st\u0259rir); Bisabolol (bitki ekstrakt\u0131); Tokoferol \/ Vitamin E (Vitamin E); Tiamin \/ Vitamin B1 (Vitamin B1); Riboflavin \/ Vitamin B2 (Vitamin B2); niasinamid (vitamin B3); pantotenik tur\u015fu (B5 vitamini); Piridoksin \/ Vitamin B6 (Vitamin B6); Siyanokobalamin \/ Vitamin B12 (Vitamin B12), Askorbin tur\u015fusu \/ Vitamin C (Vitamin C); Fol tur\u015fusu \/ Vitamin B9 (Vitamin B9); Biotin (H vitamini); Retinil Palmitat \/ Vitamin A (Vitamin A); Maltodekstrin (bitki emulqatoru).<\/p>\n<p>* T\u0259biilik faizi 99,3% SYNERGETIC standart\u0131na uy\u011fun olaraq hesablan\u0131r.<\/p>","protected":false},"featured_media":5714,"comment_status":"open","ping_status":"closed","template":"","meta":{"_eb_attr":"","site-sidebar-layout":"default","site-content-layout":"default","ast-site-content-layout":"default","site-content-style":"default","site-sidebar-style":"default","ast-global-header-display":"","ast-banner-title-visibility":"","ast-main-header-display":"","ast-hfb-above-header-display":"","ast-hfb-below-header-display":"","ast-hfb-mobile-header-display":"","site-post-title":"","ast-breadcrumbs-content":"","ast-featured-img":"","footer-sml-layout":"","theme-transparent-header-meta":"default","adv-header-id-meta":"","stick-header-meta":"","header-above-stick-meta":"","header-main-stick-meta":"","header-below-stick-meta":"","astra-migrate-meta-layouts":"set","ast-page-background-enabled":"default","ast-page-background-meta":{"desktop":{"background-color":"var(--ast-global-color-4)","background-image":"","background-repeat":"repeat","background-position":"center center","background-size":"auto","background-attachment":"scroll","background-type":"","background-media":"","overlay-type":"","overlay-color":"","overlay-opacity":"","overlay-gradient":""},"tablet":{"background-color":"","background-image":"","background-repeat":"repeat","background-position":"center center","background-size":"auto","background-attachment":"scroll","background-type":"","background-media":"","overlay-type":"","overlay-color":"","overlay-opacity":"","overlay-gradient":""},"mobile":{"background-color":"","background-image":"","background-repeat":"repeat","background-position":"center center","background-size":"auto","background-attachment":"scroll","background-type":"","background-media":"","overlay-type":"","overlay-color":"","overlay-opacity":"","overlay-gradient":""}},"ast-content-background-meta":{"desktop":{"background-color":"var(--ast-global-color-5)","background-image":"","background-repeat":"repeat","background-position":"center center","background-size":"auto","background-attachment":"scroll","background-type":"","background-media":"","overlay-type":"","overlay-color":"","overlay-opacity":"","overlay-gradient":""},"tablet":{"background-color":"var(--ast-global-color-5)","background-image":"","background-repeat":"repeat","background-position":"center center","background-size":"auto","background-attachment":"scroll","background-type":"","background-media":"","overlay-type":"","overlay-color":"","overlay-opacity":"","overlay-gradient":""},"mobile":{"background-color":"var(--ast-global-color-5)","background-image":"","background-repeat":"repeat","background-position":"center center","background-size":"auto","background-attachment":"scroll","background-type":"","background-media":"","overlay-type":"","overlay-color":"","overlay-opacity":"","overlay-gradient":""}}},"product_brand":[86],"product_cat":[67,29],"product_tag":[],"class_list":{"0":"post-2135","1":"product","2":"type-product","3":"status-publish","4":"has-post-thumbnail","6":"product_brand-synergetic","7":"product_cat-67","8":"product_cat-29","9":"desktop-align-left","10":"tablet-align-left","11":"mobile-align-left","13":"first","14":"outofstock","15":"shipping-taxable","16":"purchasable","17":"product-type-simple"},"jetpack_sharing_enabled":true,"_links":{"self":[{"href":"https:\/\/zubochistka.az\/az\/wp-json\/wp\/v2\/product\/2135","targetHints":{"allow":["GET"]}}],"collection":[{"href":"https:\/\/zubochistka.az\/az\/wp-json\/wp\/v2\/product"}],"about":[{"href":"https:\/\/zubochistka.az\/az\/wp-json\/wp\/v2\/types\/product"}],"replies":[{"embeddable":true,"href":"https:\/\/zubochistka.az\/az\/wp-json\/wp\/v2\/comments?post=2135"}],"wp:featuredmedia":[{"embeddable":true,"href":"https:\/\/zubochistka.az\/az\/wp-json\/wp\/v2\/media\/5714"}],"wp:attachment":[{"href":"https:\/\/zubochistka.az\/az\/wp-json\/wp\/v2\/media?parent=2135"}],"wp:term":[{"taxonomy":"product_brand","embeddable":true,"href":"https:\/\/zubochistka.az\/az\/wp-json\/wp\/v2\/product_brand?post=2135"},{"taxonomy":"product_cat","embeddable":true,"href":"https:\/\/zubochistka.az\/az\/wp-json\/wp\/v2\/product_cat?post=2135"},{"taxonomy":"product_tag","embeddable":true,"href":"https:\/\/zubochistka.az\/az\/wp-json\/wp\/v2\/product_tag?post=2135"}],"curies":[{"name":"wp","href":"https:\/\/api.w.org\/{rel}","templated":true}]}}