{"id":2178,"date":"2022-03-22T18:14:17","date_gmt":"2022-03-22T14:14:17","guid":{"rendered":"https:\/\/zubochistka.az\/?post_type=product&#038;p=2178"},"modified":"2025-02-07T17:34:07","modified_gmt":"2025-02-07T13:34:07","slug":"%d0%b7%d1%83%d0%b1%d0%bd%d0%b0%d1%8f-%d0%bf%d0%b0%d1%81%d1%82%d0%b0-r-o-c-s-biowhitening-%d0%b1%d0%b5%d0%b7%d0%be%d0%bf%d0%b0%d1%81%d0%bd%d0%be%d0%b5-%d0%be%d1%82%d0%b1%d0%b5%d0%bb","status":"publish","type":"product","link":"https:\/\/zubochistka.az\/az\/product\/%d0%b7%d1%83%d0%b1%d0%bd%d0%b0%d1%8f-%d0%bf%d0%b0%d1%81%d1%82%d0%b0-r-o-c-s-biowhitening-%d0%b1%d0%b5%d0%b7%d0%be%d0%bf%d0%b0%d1%81%d0%bd%d0%be%d0%b5-%d0%be%d1%82%d0%b1%d0%b5%d0%bb\/","title":{"rendered":"R.O.C.S. \u201cBIOWHITENING\u201d T\u0259hl\u00fck\u0259siz a\u011fard\u0131c\u0131 di\u015f m\u0259cunu 94 qr."},"content":{"rendered":"","protected":false},"excerpt":{"rendered":"<p><span lang=\"RU\" style=\"font-size: 13.5pt; color: black;\">G\u00fcl\u00fc\u015f\u00fcn\u00fcz\u00fcn m\u00f6ht\u0259\u015f\u0259m g\u00f6z\u0259lliyi.\u2800<\/span><\/p>\n<p><span lang=\"RU\" style=\"font-size: 13.5pt; color: black;\">A\u011fard\u0131c\u0131 di\u015f pastas\u0131 R.O.C.S. BIOWHITENING m\u00fct\u0259madi g\u00fcnd\u0259lik istifad\u0259 \u00fc\u00e7\u00fcn uy\u011fundur. Di\u015fl\u0259rin a\u011fard\u0131lmas\u0131 v\u0259 onlara parlaql\u0131q verilm\u0259si, g\u00fcl\u00fcms\u0259nin agl\u0131\u011f\u0131n\u0131n qorunmas\u0131, emal\u0131n v\u0259 damaqlar\u0131n m\u00f6hk\u0259ml\u0259nm\u0259si \u00fc\u00e7\u00fcn t\u0259qdim edilmi\u015fdir.<\/span><\/p>\n<p><span lang=\"RU\" style=\"font-size: 13.5pt; color: black;\">T\u0259hl\u00fck\u0259siz t\u0259rkibi: \u00f6z\u00fcnd\u0259 fl\u00fcor,natrium lauril sulfat, parabenl\u0259r v\u0259 boyalar saxlam\u0131r.<\/span><\/p>\n<p><span lang=\"RU\" style=\"font-size: 13.5pt; color: black;\">\u00d6z\u0259llikl\u0259 o \u015f\u0259xsl\u0259r \u00fc\u00e7\u00fcn kim ki, xo\u015fag\u0259l\u0259n dada v\u0259 nan\u0259nin \u015firin notas\u0131na \u00fcst\u00fcnl\u00fck verir.<\/span><\/p>\n<p><b><span lang=\"RU\" style=\"font-size: 13.5pt; color: black;\">T\u0259rkibi:<\/span><\/b><\/p>\n<p><span lang=\"RU\" style=\"font-size: 13.5pt; color: black;\">Aqua, Silica, Glycerin, Xylitol, Cocamidopropyl Betaine, Sodium Lauroyl Sarcosinate, Xanthan Gum, Aroma, Calcium Glycerophosphate, Hydroxyacetophenone, Sodium Benzoate, Bromelain, Potassium Sorbate, Sodium Saccharin, Magnesium Chloride, O-cymen-5-ol, Stevioside, Potassium Hydroxide.<\/span><\/p>","protected":false},"featured_media":5716,"comment_status":"open","ping_status":"closed","template":"","meta":{"_eb_attr":"","site-sidebar-layout":"default","site-content-layout":"default","ast-site-content-layout":"default","site-content-style":"default","site-sidebar-style":"default","ast-global-header-display":"","ast-banner-title-visibility":"","ast-main-header-display":"","ast-hfb-above-header-display":"","ast-hfb-below-header-display":"","ast-hfb-mobile-header-display":"","site-post-title":"","ast-breadcrumbs-content":"","ast-featured-img":"","footer-sml-layout":"","ast-disable-related-posts":"","theme-transparent-header-meta":"default","adv-header-id-meta":"","stick-header-meta":"","header-above-stick-meta":"","header-main-stick-meta":"","header-below-stick-meta":"","astra-migrate-meta-layouts":"set","ast-page-background-enabled":"default","ast-page-background-meta":{"desktop":{"background-color":"var(--ast-global-color-4)","background-image":"","background-repeat":"repeat","background-position":"center center","background-size":"auto","background-attachment":"scroll","background-type":"","background-media":"","overlay-type":"","overlay-color":"","overlay-opacity":"","overlay-gradient":""},"tablet":{"background-color":"","background-image":"","background-repeat":"repeat","background-position":"center center","background-size":"auto","background-attachment":"scroll","background-type":"","background-media":"","overlay-type":"","overlay-color":"","overlay-opacity":"","overlay-gradient":""},"mobile":{"background-color":"","background-image":"","background-repeat":"repeat","background-position":"center center","background-size":"auto","background-attachment":"scroll","background-type":"","background-media":"","overlay-type":"","overlay-color":"","overlay-opacity":"","overlay-gradient":""}},"ast-content-background-meta":{"desktop":{"background-color":"var(--ast-global-color-5)","background-image":"","background-repeat":"repeat","background-position":"center center","background-size":"auto","background-attachment":"scroll","background-type":"","background-media":"","overlay-type":"","overlay-color":"","overlay-opacity":"","overlay-gradient":""},"tablet":{"background-color":"var(--ast-global-color-5)","background-image":"","background-repeat":"repeat","background-position":"center center","background-size":"auto","background-attachment":"scroll","background-type":"","background-media":"","overlay-type":"","overlay-color":"","overlay-opacity":"","overlay-gradient":""},"mobile":{"background-color":"var(--ast-global-color-5)","background-image":"","background-repeat":"repeat","background-position":"center center","background-size":"auto","background-attachment":"scroll","background-type":"","background-media":"","overlay-type":"","overlay-color":"","overlay-opacity":"","overlay-gradient":""}}},"product_brand":[87],"product_cat":[62,21,59,45],"product_tag":[],"class_list":{"0":"post-2178","1":"product","2":"type-product","3":"status-publish","4":"has-post-thumbnail","6":"product_brand-r-o-c-s","7":"product_cat-62","8":"product_cat-21","9":"product_cat-59","10":"product_cat-45","11":"desktop-align-left","12":"tablet-align-left","13":"mobile-align-left","15":"first","16":"outofstock","17":"shipping-taxable","18":"purchasable","19":"product-type-simple"},"jetpack_sharing_enabled":true,"_links":{"self":[{"href":"https:\/\/zubochistka.az\/az\/wp-json\/wp\/v2\/product\/2178","targetHints":{"allow":["GET"]}}],"collection":[{"href":"https:\/\/zubochistka.az\/az\/wp-json\/wp\/v2\/product"}],"about":[{"href":"https:\/\/zubochistka.az\/az\/wp-json\/wp\/v2\/types\/product"}],"replies":[{"embeddable":true,"href":"https:\/\/zubochistka.az\/az\/wp-json\/wp\/v2\/comments?post=2178"}],"wp:featuredmedia":[{"embeddable":true,"href":"https:\/\/zubochistka.az\/az\/wp-json\/wp\/v2\/media\/5716"}],"wp:attachment":[{"href":"https:\/\/zubochistka.az\/az\/wp-json\/wp\/v2\/media?parent=2178"}],"wp:term":[{"taxonomy":"product_brand","embeddable":true,"href":"https:\/\/zubochistka.az\/az\/wp-json\/wp\/v2\/product_brand?post=2178"},{"taxonomy":"product_cat","embeddable":true,"href":"https:\/\/zubochistka.az\/az\/wp-json\/wp\/v2\/product_cat?post=2178"},{"taxonomy":"product_tag","embeddable":true,"href":"https:\/\/zubochistka.az\/az\/wp-json\/wp\/v2\/product_tag?post=2178"}],"curies":[{"name":"wp","href":"https:\/\/api.w.org\/{rel}","templated":true}]}}