{"id":2194,"date":"2022-03-22T18:22:42","date_gmt":"2022-03-22T18:22:42","guid":{"rendered":"https:\/\/zubochistka.az\/?post_type=product&#038;p=2194"},"modified":"2025-02-07T17:25:50","modified_gmt":"2025-02-07T13:25:50","slug":"%d0%b7%d1%83%d0%b1%d0%bd%d0%b0%d1%8f-%d0%bf%d0%b0%d1%81%d1%82%d0%b0-r-o-c-s-biocomplex-%d0%b0%d0%ba%d1%82%d0%b8%d0%b2%d0%bd%d0%b0%d1%8f-%d0%b7%d0%b0%d1%89%d0%b8%d1%82%d0%b0-94","status":"publish","type":"product","link":"https:\/\/zubochistka.az\/az\/product\/%d0%b7%d1%83%d0%b1%d0%bd%d0%b0%d1%8f-%d0%bf%d0%b0%d1%81%d1%82%d0%b0-r-o-c-s-biocomplex-%d0%b0%d0%ba%d1%82%d0%b8%d0%b2%d0%bd%d0%b0%d1%8f-%d0%b7%d0%b0%d1%89%d0%b8%d1%82%d0%b0-94\/","title":{"rendered":"R.O.C.S. \u201cB\u0130OCOMPLEX\u201d Aktiv m\u00fcdafi\u0259 di\u015f m\u0259cunu 94 qr."},"content":{"rendered":"","protected":false},"excerpt":{"rendered":"<p><span lang=\"RU\" style=\"font-size: 13.5pt; color: black;\">Bitki m\u0259n\u015f\u0259li BIO komponentl\u0259rinin t\u0259siri il\u0259 di\u015f v\u0259 di\u015f \u0259tinin y\u00fcks\u0259k s\u0259viyy\u0259d\u0259 qorunmas\u0131n\u0131 t\u0259min edir, f\u0259aliyy\u0259tini di\u015f pastas\u0131n\u0131 haz\u0131rlamaq \u00fc\u00e7\u00fcn a\u015fa\u011f\u0131 temperatur texnologiyas\u0131n\u0131n say\u0259sind\u0259 qoruyur.<\/span><\/p>\n<p><b><span lang=\"RU\" style=\"font-size: 13.5pt; color: black;\">T\u0259rkibi:<\/span><\/b><\/p>\n<p><span lang=\"RU\" style=\"font-size: 13.5pt; color: black;\">Aqua, Silica, Glycerin, Xylitol, Cocamidopropyl Betaine, Sodium Lauroyl Sarcosinate, Xanthan Gum, Aroma, Calcium Glycerophosphate, Hydroxyacetophenone, Bromelain, Sodium Saccharin, Magnesium Chloride, O-cymen-5-ol, Potassium Hydroxide.<\/span><\/p>","protected":false},"featured_media":5717,"comment_status":"open","ping_status":"closed","template":"","meta":{"_eb_attr":"","site-sidebar-layout":"default","site-content-layout":"default","ast-site-content-layout":"default","site-content-style":"default","site-sidebar-style":"default","ast-global-header-display":"","ast-banner-title-visibility":"","ast-main-header-display":"","ast-hfb-above-header-display":"","ast-hfb-below-header-display":"","ast-hfb-mobile-header-display":"","site-post-title":"","ast-breadcrumbs-content":"","ast-featured-img":"","footer-sml-layout":"","ast-disable-related-posts":"","theme-transparent-header-meta":"default","adv-header-id-meta":"","stick-header-meta":"","header-above-stick-meta":"","header-main-stick-meta":"","header-below-stick-meta":"","astra-migrate-meta-layouts":"set","ast-page-background-enabled":"default","ast-page-background-meta":{"desktop":{"background-color":"var(--ast-global-color-4)","background-image":"","background-repeat":"repeat","background-position":"center center","background-size":"auto","background-attachment":"scroll","background-type":"","background-media":"","overlay-type":"","overlay-color":"","overlay-opacity":"","overlay-gradient":""},"tablet":{"background-color":"","background-image":"","background-repeat":"repeat","background-position":"center center","background-size":"auto","background-attachment":"scroll","background-type":"","background-media":"","overlay-type":"","overlay-color":"","overlay-opacity":"","overlay-gradient":""},"mobile":{"background-color":"","background-image":"","background-repeat":"repeat","background-position":"center center","background-size":"auto","background-attachment":"scroll","background-type":"","background-media":"","overlay-type":"","overlay-color":"","overlay-opacity":"","overlay-gradient":""}},"ast-content-background-meta":{"desktop":{"background-color":"var(--ast-global-color-5)","background-image":"","background-repeat":"repeat","background-position":"center center","background-size":"auto","background-attachment":"scroll","background-type":"","background-media":"","overlay-type":"","overlay-color":"","overlay-opacity":"","overlay-gradient":""},"tablet":{"background-color":"var(--ast-global-color-5)","background-image":"","background-repeat":"repeat","background-position":"center center","background-size":"auto","background-attachment":"scroll","background-type":"","background-media":"","overlay-type":"","overlay-color":"","overlay-opacity":"","overlay-gradient":""},"mobile":{"background-color":"var(--ast-global-color-5)","background-image":"","background-repeat":"repeat","background-position":"center center","background-size":"auto","background-attachment":"scroll","background-type":"","background-media":"","overlay-type":"","overlay-color":"","overlay-opacity":"","overlay-gradient":""}}},"product_brand":[87],"product_cat":[62,21,59],"product_tag":[],"class_list":{"0":"post-2194","1":"product","2":"type-product","3":"status-publish","4":"has-post-thumbnail","6":"product_brand-r-o-c-s","7":"product_cat-62","8":"product_cat-21","9":"product_cat-59","10":"desktop-align-left","11":"tablet-align-left","12":"mobile-align-left","14":"first","15":"outofstock","16":"shipping-taxable","17":"purchasable","18":"product-type-simple"},"jetpack_sharing_enabled":true,"_links":{"self":[{"href":"https:\/\/zubochistka.az\/az\/wp-json\/wp\/v2\/product\/2194","targetHints":{"allow":["GET"]}}],"collection":[{"href":"https:\/\/zubochistka.az\/az\/wp-json\/wp\/v2\/product"}],"about":[{"href":"https:\/\/zubochistka.az\/az\/wp-json\/wp\/v2\/types\/product"}],"replies":[{"embeddable":true,"href":"https:\/\/zubochistka.az\/az\/wp-json\/wp\/v2\/comments?post=2194"}],"wp:featuredmedia":[{"embeddable":true,"href":"https:\/\/zubochistka.az\/az\/wp-json\/wp\/v2\/media\/5717"}],"wp:attachment":[{"href":"https:\/\/zubochistka.az\/az\/wp-json\/wp\/v2\/media?parent=2194"}],"wp:term":[{"taxonomy":"product_brand","embeddable":true,"href":"https:\/\/zubochistka.az\/az\/wp-json\/wp\/v2\/product_brand?post=2194"},{"taxonomy":"product_cat","embeddable":true,"href":"https:\/\/zubochistka.az\/az\/wp-json\/wp\/v2\/product_cat?post=2194"},{"taxonomy":"product_tag","embeddable":true,"href":"https:\/\/zubochistka.az\/az\/wp-json\/wp\/v2\/product_tag?post=2194"}],"curies":[{"name":"wp","href":"https:\/\/api.w.org\/{rel}","templated":true}]}}