{"id":2230,"date":"2022-03-23T18:57:33","date_gmt":"2022-03-23T18:57:33","guid":{"rendered":"https:\/\/zubochistka.az\/?post_type=product&#038;p=2230"},"modified":"2025-02-07T17:10:22","modified_gmt":"2025-02-07T13:10:22","slug":"%d0%b7-%d0%bf-%d1%80%d0%be%d0%ba%d1%81-kids-%d0%b1%d0%b0%d1%80%d0%b1%d0%b0%d1%80%d0%b8%d1%81-%d0%b1%d0%b5%d0%b7-%d1%84%d1%82%d0%be%d1%80%d0%b0-45-%d0%b3%d1%80","status":"publish","type":"product","link":"https:\/\/zubochistka.az\/az\/product\/%d0%b7-%d0%bf-%d1%80%d0%be%d0%ba%d1%81-kids-%d0%b1%d0%b0%d1%80%d0%b1%d0%b0%d1%80%d0%b8%d1%81-%d0%b1%d0%b5%d0%b7-%d1%84%d1%82%d0%be%d1%80%d0%b0-45-%d0%b3%d1%80\/","title":{"rendered":"Di\u015f m\u0259cunu \u201cROKS Kids Zirinc\u201d (ftorsuz) 45 qr"},"content":{"rendered":"","protected":false},"excerpt":{"rendered":"<p>T\u0259rkibind\u0259 fl\u00fcor olmayan, 3 ya\u015fdan 7 ya\u015fa q\u0259d\u0259r olan u\u015faqlar \u00fc\u00e7\u00fcn kariyesd\u0259n effektiv qorunma vasit\u0259sidir. U\u015fa\u011f\u0131n ya\u015f x\u00fcsusiyy\u0259tl\u0259rini n\u0259z\u0259r\u0259 alaraq di\u015f h\u0259kiml\u0259rinin i\u015ftirak\u0131 il\u0259 haz\u0131rlanm\u0131\u015fd\u0131r.<\/p>\n<p>Stomatoloqlar x\u00fcsusi olaraq b\u0259d\u0259nd\u0259 fl\u00fcorun h\u0259ddind\u0259n art\u0131q q\u0259bulu riski oldu\u011fu hallarda fl\u00fcorsuz di\u015f m\u0259cunlar\u0131ndan istifad\u0259 etm\u0259yi t\u00f6vsiy\u0259 edir:<\/p>\n<ul>\n<li>\u018fg\u0259r u\u015faqda art\u0131q fluorozun g\u00f6r\u00fcn\u0259n \u0259lam\u0259tl\u0259ri varsa<\/li>\n<li>\u0130\u00e7m\u0259li suda art\u0131q miqdarda fl\u00fcor varsa (1,2 mq\/l-d\u0259n \u00e7ox)<\/li>\n<li>\u018fg\u0259r u\u015fa\u011fa fl\u00fcorid t\u0259rkibli d\u0259rmanlar t\u0259yin edilirs\u0259<\/li>\n<\/ul>\n<p>A\u015fa\u011f\u0131 abrazivlik indeksi di\u015f toxumalar\u0131na z\u0259r\u0259r vermir (RDA=45). Di\u015fl\u0259rinizi f\u0131r\u00e7alamaq \u00fc\u00e7\u00fcn noxud b\u00f6y\u00fckl\u00fcy\u00fcnd\u0259 az miqdarda di\u015f m\u0259cunu istifad\u0259 etm\u0259k m\u0259sl\u0259h\u0259tdir. M\u0259kt\u0259b\u0259q\u0259d\u0259r u\u015faqlar b\u00f6y\u00fckl\u0259rin n\u0259zar\u0259ti alt\u0131nda di\u015fl\u0259rini f\u0131r\u00e7alamal\u0131d\u0131rlar.<\/p>\n<p><strong>T\u018fRK\u0130B\u0130:<\/strong><\/p>\n<p>Aqua, Glycerin, Silica, Xylitol (12%), Cocamidopropyl Betaine, Xanthan Gum, Calcium Glycerophosphate, Polysorbate-20, Magnesium Chloride, Aroma, Sodium Saccharin, Methylparaben, Titanium Dioxide, Propylparaben, Limonene.<\/p>","protected":false},"featured_media":5728,"comment_status":"open","ping_status":"closed","template":"","meta":{"_eb_attr":"","site-sidebar-layout":"default","site-content-layout":"default","ast-site-content-layout":"default","site-content-style":"default","site-sidebar-style":"default","ast-global-header-display":"","ast-banner-title-visibility":"","ast-main-header-display":"","ast-hfb-above-header-display":"","ast-hfb-below-header-display":"","ast-hfb-mobile-header-display":"","site-post-title":"","ast-breadcrumbs-content":"","ast-featured-img":"","footer-sml-layout":"","theme-transparent-header-meta":"default","adv-header-id-meta":"","stick-header-meta":"","header-above-stick-meta":"","header-main-stick-meta":"","header-below-stick-meta":"","astra-migrate-meta-layouts":"set","ast-page-background-enabled":"default","ast-page-background-meta":{"desktop":{"background-color":"var(--ast-global-color-4)","background-image":"","background-repeat":"repeat","background-position":"center center","background-size":"auto","background-attachment":"scroll","background-type":"","background-media":"","overlay-type":"","overlay-color":"","overlay-opacity":"","overlay-gradient":""},"tablet":{"background-color":"","background-image":"","background-repeat":"repeat","background-position":"center center","background-size":"auto","background-attachment":"scroll","background-type":"","background-media":"","overlay-type":"","overlay-color":"","overlay-opacity":"","overlay-gradient":""},"mobile":{"background-color":"","background-image":"","background-repeat":"repeat","background-position":"center center","background-size":"auto","background-attachment":"scroll","background-type":"","background-media":"","overlay-type":"","overlay-color":"","overlay-opacity":"","overlay-gradient":""}},"ast-content-background-meta":{"desktop":{"background-color":"var(--ast-global-color-5)","background-image":"","background-repeat":"repeat","background-position":"center center","background-size":"auto","background-attachment":"scroll","background-type":"","background-media":"","overlay-type":"","overlay-color":"","overlay-opacity":"","overlay-gradient":""},"tablet":{"background-color":"var(--ast-global-color-5)","background-image":"","background-repeat":"repeat","background-position":"center center","background-size":"auto","background-attachment":"scroll","background-type":"","background-media":"","overlay-type":"","overlay-color":"","overlay-opacity":"","overlay-gradient":""},"mobile":{"background-color":"var(--ast-global-color-5)","background-image":"","background-repeat":"repeat","background-position":"center center","background-size":"auto","background-attachment":"scroll","background-type":"","background-media":"","overlay-type":"","overlay-color":"","overlay-opacity":"","overlay-gradient":""}}},"product_brand":[87],"product_cat":[28,36],"product_tag":[],"class_list":{"0":"post-2230","1":"product","2":"type-product","3":"status-publish","4":"has-post-thumbnail","6":"product_brand-r-o-c-s","7":"product_cat-28","8":"product_cat-36","9":"desktop-align-left","10":"tablet-align-left","11":"mobile-align-left","13":"first","14":"outofstock","15":"shipping-taxable","16":"purchasable","17":"product-type-simple"},"jetpack_sharing_enabled":true,"_links":{"self":[{"href":"https:\/\/zubochistka.az\/az\/wp-json\/wp\/v2\/product\/2230","targetHints":{"allow":["GET"]}}],"collection":[{"href":"https:\/\/zubochistka.az\/az\/wp-json\/wp\/v2\/product"}],"about":[{"href":"https:\/\/zubochistka.az\/az\/wp-json\/wp\/v2\/types\/product"}],"replies":[{"embeddable":true,"href":"https:\/\/zubochistka.az\/az\/wp-json\/wp\/v2\/comments?post=2230"}],"wp:featuredmedia":[{"embeddable":true,"href":"https:\/\/zubochistka.az\/az\/wp-json\/wp\/v2\/media\/5728"}],"wp:attachment":[{"href":"https:\/\/zubochistka.az\/az\/wp-json\/wp\/v2\/media?parent=2230"}],"wp:term":[{"taxonomy":"product_brand","embeddable":true,"href":"https:\/\/zubochistka.az\/az\/wp-json\/wp\/v2\/product_brand?post=2230"},{"taxonomy":"product_cat","embeddable":true,"href":"https:\/\/zubochistka.az\/az\/wp-json\/wp\/v2\/product_cat?post=2230"},{"taxonomy":"product_tag","embeddable":true,"href":"https:\/\/zubochistka.az\/az\/wp-json\/wp\/v2\/product_tag?post=2230"}],"curies":[{"name":"wp","href":"https:\/\/api.w.org\/{rel}","templated":true}]}}