{"id":2253,"date":"2022-03-23T23:21:15","date_gmt":"2022-03-23T23:21:15","guid":{"rendered":"https:\/\/zubochistka.az\/?post_type=product&#038;p=2253"},"modified":"2025-05-29T17:34:30","modified_gmt":"2025-05-29T13:34:30","slug":"%d0%b7-%d1%89%d0%b5%d1%82%d0%ba%d0%b0-r-o-c-s-pro-gold-edition-%d0%bc%d1%8f%d0%b3%d0%ba%d0%b0%d1%8f","status":"publish","type":"product","link":"https:\/\/zubochistka.az\/az\/product\/%d0%b7-%d1%89%d0%b5%d1%82%d0%ba%d0%b0-r-o-c-s-pro-gold-edition-%d0%bc%d1%8f%d0%b3%d0%ba%d0%b0%d1%8f\/","title":{"rendered":"Di\u015f f\u0131r\u00e7as\u0131 R.O.C.S. PRO Gold Edition yum\u015faq"},"content":{"rendered":"","protected":false},"excerpt":{"rendered":"<p>Q\u0131z\u0131l v\u0259 qara r\u0259ng birl\u0259\u015fm\u0259l\u0259rinin ekskl\u00fcziv \u00e7e\u015fidi - R.O.C.S. di\u015f f\u0131r\u00e7alar\u0131. PRO 5940 Gold Edition.5940 ultra yum\u015faq t\u00fckl\u0259r maksimum t\u0259mizl\u0259m\u0259 performans\u0131 \u00fc\u00e7\u00fcn adi di\u015f f\u0131r\u00e7as\u0131ndan 3 d\u0259f\u0259 b\u00f6y\u00fckd\u00fcr.X\u00fcsusi tutacaq di\u015f \u0259tin\u0259 laz\u0131ms\u0131z t\u0259zyiqin qar\u015f\u0131s\u0131n\u0131 al\u0131r.<\/p>","protected":false},"featured_media":5738,"comment_status":"open","ping_status":"closed","template":"","meta":{"_eb_attr":"","site-sidebar-layout":"default","site-content-layout":"default","ast-site-content-layout":"default","site-content-style":"default","site-sidebar-style":"default","ast-global-header-display":"","ast-banner-title-visibility":"","ast-main-header-display":"","ast-hfb-above-header-display":"","ast-hfb-below-header-display":"","ast-hfb-mobile-header-display":"","site-post-title":"","ast-breadcrumbs-content":"","ast-featured-img":"","footer-sml-layout":"","ast-disable-related-posts":"","theme-transparent-header-meta":"default","adv-header-id-meta":"","stick-header-meta":"","header-above-stick-meta":"","header-main-stick-meta":"","header-below-stick-meta":"","astra-migrate-meta-layouts":"set","ast-page-background-enabled":"default","ast-page-background-meta":{"desktop":{"background-color":"var(--ast-global-color-4)","background-image":"","background-repeat":"repeat","background-position":"center center","background-size":"auto","background-attachment":"scroll","background-type":"","background-media":"","overlay-type":"","overlay-color":"","overlay-opacity":"","overlay-gradient":""},"tablet":{"background-color":"","background-image":"","background-repeat":"repeat","background-position":"center center","background-size":"auto","background-attachment":"scroll","background-type":"","background-media":"","overlay-type":"","overlay-color":"","overlay-opacity":"","overlay-gradient":""},"mobile":{"background-color":"","background-image":"","background-repeat":"repeat","background-position":"center center","background-size":"auto","background-attachment":"scroll","background-type":"","background-media":"","overlay-type":"","overlay-color":"","overlay-opacity":"","overlay-gradient":""}},"ast-content-background-meta":{"desktop":{"background-color":"var(--ast-global-color-5)","background-image":"","background-repeat":"repeat","background-position":"center center","background-size":"auto","background-attachment":"scroll","background-type":"","background-media":"","overlay-type":"","overlay-color":"","overlay-opacity":"","overlay-gradient":""},"tablet":{"background-color":"var(--ast-global-color-5)","background-image":"","background-repeat":"repeat","background-position":"center center","background-size":"auto","background-attachment":"scroll","background-type":"","background-media":"","overlay-type":"","overlay-color":"","overlay-opacity":"","overlay-gradient":""},"mobile":{"background-color":"var(--ast-global-color-5)","background-image":"","background-repeat":"repeat","background-position":"center center","background-size":"auto","background-attachment":"scroll","background-type":"","background-media":"","overlay-type":"","overlay-color":"","overlay-opacity":"","overlay-gradient":""}}},"product_brand":[87],"product_cat":[41,23,60],"product_tag":[],"class_list":{"0":"post-2253","1":"product","2":"type-product","3":"status-publish","4":"has-post-thumbnail","6":"product_brand-r-o-c-s","7":"product_cat-41","8":"product_cat-23","9":"product_cat-60","10":"desktop-align-left","11":"tablet-align-left","12":"mobile-align-left","14":"first","15":"outofstock","16":"shipping-taxable","17":"purchasable","18":"product-type-simple"},"jetpack_sharing_enabled":true,"_links":{"self":[{"href":"https:\/\/zubochistka.az\/az\/wp-json\/wp\/v2\/product\/2253","targetHints":{"allow":["GET"]}}],"collection":[{"href":"https:\/\/zubochistka.az\/az\/wp-json\/wp\/v2\/product"}],"about":[{"href":"https:\/\/zubochistka.az\/az\/wp-json\/wp\/v2\/types\/product"}],"replies":[{"embeddable":true,"href":"https:\/\/zubochistka.az\/az\/wp-json\/wp\/v2\/comments?post=2253"}],"wp:featuredmedia":[{"embeddable":true,"href":"https:\/\/zubochistka.az\/az\/wp-json\/wp\/v2\/media\/5738"}],"wp:attachment":[{"href":"https:\/\/zubochistka.az\/az\/wp-json\/wp\/v2\/media?parent=2253"}],"wp:term":[{"taxonomy":"product_brand","embeddable":true,"href":"https:\/\/zubochistka.az\/az\/wp-json\/wp\/v2\/product_brand?post=2253"},{"taxonomy":"product_cat","embeddable":true,"href":"https:\/\/zubochistka.az\/az\/wp-json\/wp\/v2\/product_cat?post=2253"},{"taxonomy":"product_tag","embeddable":true,"href":"https:\/\/zubochistka.az\/az\/wp-json\/wp\/v2\/product_tag?post=2253"}],"curies":[{"name":"wp","href":"https:\/\/api.w.org\/{rel}","templated":true}]}}