{"id":2255,"date":"2022-03-23T23:32:48","date_gmt":"2022-03-23T19:32:48","guid":{"rendered":"https:\/\/zubochistka.az\/?post_type=product&#038;p=2255"},"modified":"2026-01-19T18:47:03","modified_gmt":"2026-01-19T14:47:03","slug":"%d0%b7-%d1%89%d0%b5%d1%82%d0%ba%d0%b0-r-o-c-s-pro-%d0%bc%d1%8f%d0%b3%d0%ba%d0%b0%d1%8f","status":"publish","type":"product","link":"https:\/\/zubochistka.az\/az\/product\/%d0%b7-%d1%89%d0%b5%d1%82%d0%ba%d0%b0-r-o-c-s-pro-%d0%bc%d1%8f%d0%b3%d0%ba%d0%b0%d1%8f\/","title":{"rendered":"Di\u015f f\u0131r\u00e7as\u0131 R.O.C.S. PRO yum\u015faq"},"content":{"rendered":"","protected":false},"excerpt":{"rendered":"<p>Niy\u0259 R.O.C.S. PRO f\u0131r\u00e7alar\u0131 adi di\u015f f\u0131r\u00e7alar\u0131ndan 3 d\u0259f\u0259 daha yax\u015f\u0131d\u0131r?<\/p>\n<ol>\n<li>R.O.C.S. PRO f\u0131r\u00e7alar\u0131ndak\u0131 t\u00fckc\u00fckl\u0259rin say\u0131  5.940-d\u0131r ki, bu da adi di\u015f f\u0131r\u00e7alar\u0131ndan orta hesabla 3 d\u0259f\u0259 \u00e7oxdur.<\/li>\n<li>T\u00fckc\u00fckl\u0259r di\u015f s\u0259thini maksimum t\u0259mizl\u0259m\u0259k \u00fc\u00e7\u00fcn 3-l\u00fc t\u0259mizl\u0259yici qurulu\u015fu meydana g\u0259tir\u0259n b\u0259nz\u0259rsiz \u00fc\u00e7bucaq formas\u0131na malikdir.<\/li>\n<li>H\u0259r bir t\u00fck\u00fcn ucu 3 d\u0259f\u0259 cilalanm\u0131\u015fd\u0131r, bu da t\u0259mizliyin t\u0259hl\u00fck\u0259sizliyini t\u0259min edir v\u0259 di\u015fin v\u0259 di\u015f \u0259tinin s\u0259rt toxumalar\u0131na ziyan vurma ehtimal\u0131n\u0131 aradan qald\u0131r\u0131r.\u2800<\/li>\n<\/ol>","protected":false},"featured_media":5740,"comment_status":"open","ping_status":"closed","template":"","meta":{"_eb_attr":"","site-sidebar-layout":"default","site-content-layout":"default","ast-site-content-layout":"default","site-content-style":"default","site-sidebar-style":"default","ast-global-header-display":"","ast-banner-title-visibility":"","ast-main-header-display":"","ast-hfb-above-header-display":"","ast-hfb-below-header-display":"","ast-hfb-mobile-header-display":"","site-post-title":"","ast-breadcrumbs-content":"","ast-featured-img":"","footer-sml-layout":"","ast-disable-related-posts":"","theme-transparent-header-meta":"default","adv-header-id-meta":"","stick-header-meta":"","header-above-stick-meta":"","header-main-stick-meta":"","header-below-stick-meta":"","astra-migrate-meta-layouts":"set","ast-page-background-enabled":"default","ast-page-background-meta":{"desktop":{"background-color":"var(--ast-global-color-4)","background-image":"","background-repeat":"repeat","background-position":"center center","background-size":"auto","background-attachment":"scroll","background-type":"","background-media":"","overlay-type":"","overlay-color":"","overlay-opacity":"","overlay-gradient":""},"tablet":{"background-color":"","background-image":"","background-repeat":"repeat","background-position":"center center","background-size":"auto","background-attachment":"scroll","background-type":"","background-media":"","overlay-type":"","overlay-color":"","overlay-opacity":"","overlay-gradient":""},"mobile":{"background-color":"","background-image":"","background-repeat":"repeat","background-position":"center center","background-size":"auto","background-attachment":"scroll","background-type":"","background-media":"","overlay-type":"","overlay-color":"","overlay-opacity":"","overlay-gradient":""}},"ast-content-background-meta":{"desktop":{"background-color":"var(--ast-global-color-5)","background-image":"","background-repeat":"repeat","background-position":"center center","background-size":"auto","background-attachment":"scroll","background-type":"","background-media":"","overlay-type":"","overlay-color":"","overlay-opacity":"","overlay-gradient":""},"tablet":{"background-color":"var(--ast-global-color-5)","background-image":"","background-repeat":"repeat","background-position":"center center","background-size":"auto","background-attachment":"scroll","background-type":"","background-media":"","overlay-type":"","overlay-color":"","overlay-opacity":"","overlay-gradient":""},"mobile":{"background-color":"var(--ast-global-color-5)","background-image":"","background-repeat":"repeat","background-position":"center center","background-size":"auto","background-attachment":"scroll","background-type":"","background-media":"","overlay-type":"","overlay-color":"","overlay-opacity":"","overlay-gradient":""}}},"product_brand":[87],"product_cat":[40,23,60],"product_tag":[],"class_list":{"0":"post-2255","1":"product","2":"type-product","3":"status-publish","4":"has-post-thumbnail","6":"product_brand-r-o-c-s","7":"product_cat-40","8":"product_cat-23","9":"product_cat-60","10":"desktop-align-left","11":"tablet-align-left","12":"mobile-align-left","14":"first","15":"outofstock","16":"shipping-taxable","17":"purchasable","18":"product-type-simple"},"jetpack_sharing_enabled":true,"_links":{"self":[{"href":"https:\/\/zubochistka.az\/az\/wp-json\/wp\/v2\/product\/2255","targetHints":{"allow":["GET"]}}],"collection":[{"href":"https:\/\/zubochistka.az\/az\/wp-json\/wp\/v2\/product"}],"about":[{"href":"https:\/\/zubochistka.az\/az\/wp-json\/wp\/v2\/types\/product"}],"replies":[{"embeddable":true,"href":"https:\/\/zubochistka.az\/az\/wp-json\/wp\/v2\/comments?post=2255"}],"wp:featuredmedia":[{"embeddable":true,"href":"https:\/\/zubochistka.az\/az\/wp-json\/wp\/v2\/media\/5740"}],"wp:attachment":[{"href":"https:\/\/zubochistka.az\/az\/wp-json\/wp\/v2\/media?parent=2255"}],"wp:term":[{"taxonomy":"product_brand","embeddable":true,"href":"https:\/\/zubochistka.az\/az\/wp-json\/wp\/v2\/product_brand?post=2255"},{"taxonomy":"product_cat","embeddable":true,"href":"https:\/\/zubochistka.az\/az\/wp-json\/wp\/v2\/product_cat?post=2255"},{"taxonomy":"product_tag","embeddable":true,"href":"https:\/\/zubochistka.az\/az\/wp-json\/wp\/v2\/product_tag?post=2255"}],"curies":[{"name":"wp","href":"https:\/\/api.w.org\/{rel}","templated":true}]}}