{"id":2264,"date":"2022-03-23T23:46:57","date_gmt":"2022-03-23T23:46:57","guid":{"rendered":"https:\/\/zubochistka.az\/?post_type=product&#038;p=2264"},"modified":"2025-02-07T16:57:29","modified_gmt":"2025-02-07T12:57:29","slug":"%d0%b7-%d1%89%d0%b5%d1%82%d0%ba%d0%b0-%d1%80%d0%be%d0%ba%d1%81-red-edition-classic-%d1%81%d1%80%d0%b5%d0%b4%d0%bd%d1%8f%d1%8f","status":"publish","type":"product","link":"https:\/\/zubochistka.az\/az\/product\/%d0%b7-%d1%89%d0%b5%d1%82%d0%ba%d0%b0-%d1%80%d0%be%d0%ba%d1%81-red-edition-classic-%d1%81%d1%80%d0%b5%d0%b4%d0%bd%d1%8f%d1%8f\/","title":{"rendered":"Di\u015f f\u0131r\u00e7as\u0131 ROKS Red Edition Classic orta"},"content":{"rendered":"","protected":false},"excerpt":{"rendered":"<p>R.O.C.S. Red edition di\u015f f\u0131r\u00e7alar\u0131 il\u0259 \u00f6z t\u0259krarolunmaz t\u0259rzini vur\u011fula!<\/p>\n<p>X\u00dcSUS\u0130YY\u018fTL\u018fR\u0130:Y\u00fcks\u0259k keyfiyy\u0259tli ,tekstural\u0131 t\u00fckc\u00fckl\u0259rin qurulu\u015fu. \u00dc\u00e7l\u00fc cilalama texnologiyas\u0131: t\u00fcklc\u00fck\u0259r m\u00fck\u0259mm\u0259l yuvarlaqla\u015fd\u0131r\u0131lm\u0131\u015f v\u0259 hamard\u0131r. G\u00fcv\u0259nli, y\u00fcks\u0259k keyfiyy\u0259tli plastikd\u0259n haz\u0131rlanm\u0131\u015f nazik, y\u00fcng\u00fcl tutacaq<\/p>","protected":false},"featured_media":5744,"comment_status":"open","ping_status":"closed","template":"","meta":{"_eb_attr":"","site-sidebar-layout":"default","site-content-layout":"default","ast-site-content-layout":"default","site-content-style":"default","site-sidebar-style":"default","ast-global-header-display":"","ast-banner-title-visibility":"","ast-main-header-display":"","ast-hfb-above-header-display":"","ast-hfb-below-header-display":"","ast-hfb-mobile-header-display":"","site-post-title":"","ast-breadcrumbs-content":"","ast-featured-img":"","footer-sml-layout":"","ast-disable-related-posts":"","theme-transparent-header-meta":"default","adv-header-id-meta":"","stick-header-meta":"","header-above-stick-meta":"","header-main-stick-meta":"","header-below-stick-meta":"","astra-migrate-meta-layouts":"set","ast-page-background-enabled":"default","ast-page-background-meta":{"desktop":{"background-color":"var(--ast-global-color-4)","background-image":"","background-repeat":"repeat","background-position":"center center","background-size":"auto","background-attachment":"scroll","background-type":"","background-media":"","overlay-type":"","overlay-color":"","overlay-opacity":"","overlay-gradient":""},"tablet":{"background-color":"","background-image":"","background-repeat":"repeat","background-position":"center center","background-size":"auto","background-attachment":"scroll","background-type":"","background-media":"","overlay-type":"","overlay-color":"","overlay-opacity":"","overlay-gradient":""},"mobile":{"background-color":"","background-image":"","background-repeat":"repeat","background-position":"center center","background-size":"auto","background-attachment":"scroll","background-type":"","background-media":"","overlay-type":"","overlay-color":"","overlay-opacity":"","overlay-gradient":""}},"ast-content-background-meta":{"desktop":{"background-color":"var(--ast-global-color-5)","background-image":"","background-repeat":"repeat","background-position":"center center","background-size":"auto","background-attachment":"scroll","background-type":"","background-media":"","overlay-type":"","overlay-color":"","overlay-opacity":"","overlay-gradient":""},"tablet":{"background-color":"var(--ast-global-color-5)","background-image":"","background-repeat":"repeat","background-position":"center center","background-size":"auto","background-attachment":"scroll","background-type":"","background-media":"","overlay-type":"","overlay-color":"","overlay-opacity":"","overlay-gradient":""},"mobile":{"background-color":"var(--ast-global-color-5)","background-image":"","background-repeat":"repeat","background-position":"center center","background-size":"auto","background-attachment":"scroll","background-type":"","background-media":"","overlay-type":"","overlay-color":"","overlay-opacity":"","overlay-gradient":""}}},"product_brand":[87],"product_cat":[24,23,60],"product_tag":[],"class_list":{"0":"post-2264","1":"product","2":"type-product","3":"status-publish","4":"has-post-thumbnail","6":"product_brand-r-o-c-s","7":"product_cat-24","8":"product_cat-23","9":"product_cat-60","10":"desktop-align-left","11":"tablet-align-left","12":"mobile-align-left","14":"first","15":"outofstock","16":"shipping-taxable","17":"purchasable","18":"product-type-simple"},"jetpack_sharing_enabled":true,"_links":{"self":[{"href":"https:\/\/zubochistka.az\/az\/wp-json\/wp\/v2\/product\/2264","targetHints":{"allow":["GET"]}}],"collection":[{"href":"https:\/\/zubochistka.az\/az\/wp-json\/wp\/v2\/product"}],"about":[{"href":"https:\/\/zubochistka.az\/az\/wp-json\/wp\/v2\/types\/product"}],"replies":[{"embeddable":true,"href":"https:\/\/zubochistka.az\/az\/wp-json\/wp\/v2\/comments?post=2264"}],"wp:featuredmedia":[{"embeddable":true,"href":"https:\/\/zubochistka.az\/az\/wp-json\/wp\/v2\/media\/5744"}],"wp:attachment":[{"href":"https:\/\/zubochistka.az\/az\/wp-json\/wp\/v2\/media?parent=2264"}],"wp:term":[{"taxonomy":"product_brand","embeddable":true,"href":"https:\/\/zubochistka.az\/az\/wp-json\/wp\/v2\/product_brand?post=2264"},{"taxonomy":"product_cat","embeddable":true,"href":"https:\/\/zubochistka.az\/az\/wp-json\/wp\/v2\/product_cat?post=2264"},{"taxonomy":"product_tag","embeddable":true,"href":"https:\/\/zubochistka.az\/az\/wp-json\/wp\/v2\/product_tag?post=2264"}],"curies":[{"name":"wp","href":"https:\/\/api.w.org\/{rel}","templated":true}]}}