{"id":2268,"date":"2022-03-23T23:54:11","date_gmt":"2022-03-23T23:54:11","guid":{"rendered":"https:\/\/zubochistka.az\/?post_type=product&#038;p=2268"},"modified":"2025-02-07T16:56:51","modified_gmt":"2025-02-07T12:56:51","slug":"%d0%b7-%d1%89%d0%b5%d1%82%d0%ba%d0%b0-%d1%80%d0%be%d0%ba%d1%81-kids-%d0%b4%d0%bb%d1%8f-%d0%b4%d0%b5%d1%82%d0%b5%d0%b9-%d0%be%d1%82-3-%d0%b4%d0%be-7-%d0%bb%d0%b5%d1%82","status":"publish","type":"product","link":"https:\/\/zubochistka.az\/az\/product\/%d0%b7-%d1%89%d0%b5%d1%82%d0%ba%d0%b0-%d1%80%d0%be%d0%ba%d1%81-kids-%d0%b4%d0%bb%d1%8f-%d0%b4%d0%b5%d1%82%d0%b5%d0%b9-%d0%be%d1%82-3-%d0%b4%d0%be-7-%d0%bb%d0%b5%d1%82\/","title":{"rendered":"Di\u015f f\u0131r\u00e7as\u0131 ROKS U\u015faqlar \u00fc\u00e7\u00fcn 3 ya\u015fdan 7 ya\u015fa q\u0259d\u0259r"},"content":{"rendered":"","protected":false},"excerpt":{"rendered":"<p>R.O.C.S Kids di\u015f f\u0131r\u00e7as\u0131n\u0131n tutaca\u011f\u0131 unikal sehrli \u00e7ubuq formasinda haz\u0131rland\u0131\u011f\u0131 \u00fc\u00e7\u00fcn di\u015f t\u0259mizl\u0259m\u0259 prosesi balacalar \u00fc\u00e7\u00fcn \u0259yl\u0259nc\u0259li oyuna \u00e7evrilir. T\u0259hl\u00fck\u0259siz v\u0259 y\u00fcks\u0259k keyfiyy\u0259tli plastikd\u0259n haz\u0131rlan\u0131b.<\/p>\n<p>Bu f\u0131r\u00e7alar unikal yum\u015faql\u0131\u011f\u0131 il\u0259 f\u0259rql\u0259nir, buna g\u00f6r\u0259 d\u0259 balacalar\u0131n di\u015f \u0259tl\u0259rin\u0259 v\u0259 minas\u0131na z\u0259r\u0259r verm\u0259d\u0259n qay\u011f\u0131 il\u0259 di\u015fl\u0259rini t\u0259mizl\u0259yir.<\/p>","protected":false},"featured_media":5747,"comment_status":"open","ping_status":"closed","template":"","meta":{"_eb_attr":"","site-sidebar-layout":"default","site-content-layout":"default","ast-site-content-layout":"default","site-content-style":"default","site-sidebar-style":"default","ast-global-header-display":"","ast-banner-title-visibility":"","ast-main-header-display":"","ast-hfb-above-header-display":"","ast-hfb-below-header-display":"","ast-hfb-mobile-header-display":"","site-post-title":"","ast-breadcrumbs-content":"","ast-featured-img":"","footer-sml-layout":"","theme-transparent-header-meta":"default","adv-header-id-meta":"","stick-header-meta":"","header-above-stick-meta":"","header-main-stick-meta":"","header-below-stick-meta":"","astra-migrate-meta-layouts":"set","ast-page-background-enabled":"default","ast-page-background-meta":{"desktop":{"background-color":"var(--ast-global-color-4)","background-image":"","background-repeat":"repeat","background-position":"center center","background-size":"auto","background-attachment":"scroll","background-type":"","background-media":"","overlay-type":"","overlay-color":"","overlay-opacity":"","overlay-gradient":""},"tablet":{"background-color":"","background-image":"","background-repeat":"repeat","background-position":"center center","background-size":"auto","background-attachment":"scroll","background-type":"","background-media":"","overlay-type":"","overlay-color":"","overlay-opacity":"","overlay-gradient":""},"mobile":{"background-color":"","background-image":"","background-repeat":"repeat","background-position":"center center","background-size":"auto","background-attachment":"scroll","background-type":"","background-media":"","overlay-type":"","overlay-color":"","overlay-opacity":"","overlay-gradient":""}},"ast-content-background-meta":{"desktop":{"background-color":"var(--ast-global-color-5)","background-image":"","background-repeat":"repeat","background-position":"center center","background-size":"auto","background-attachment":"scroll","background-type":"","background-media":"","overlay-type":"","overlay-color":"","overlay-opacity":"","overlay-gradient":""},"tablet":{"background-color":"var(--ast-global-color-5)","background-image":"","background-repeat":"repeat","background-position":"center center","background-size":"auto","background-attachment":"scroll","background-type":"","background-media":"","overlay-type":"","overlay-color":"","overlay-opacity":"","overlay-gradient":""},"mobile":{"background-color":"var(--ast-global-color-5)","background-image":"","background-repeat":"repeat","background-position":"center center","background-size":"auto","background-attachment":"scroll","background-type":"","background-media":"","overlay-type":"","overlay-color":"","overlay-opacity":"","overlay-gradient":""}}},"product_brand":[87],"product_cat":[28,35],"product_tag":[],"class_list":{"0":"post-2268","1":"product","2":"type-product","3":"status-publish","4":"has-post-thumbnail","6":"product_brand-r-o-c-s","7":"product_cat-28","8":"product_cat-35","9":"desktop-align-left","10":"tablet-align-left","11":"mobile-align-left","13":"first","14":"instock","15":"shipping-taxable","16":"purchasable","17":"product-type-simple"},"jetpack_sharing_enabled":true,"_links":{"self":[{"href":"https:\/\/zubochistka.az\/az\/wp-json\/wp\/v2\/product\/2268","targetHints":{"allow":["GET"]}}],"collection":[{"href":"https:\/\/zubochistka.az\/az\/wp-json\/wp\/v2\/product"}],"about":[{"href":"https:\/\/zubochistka.az\/az\/wp-json\/wp\/v2\/types\/product"}],"replies":[{"embeddable":true,"href":"https:\/\/zubochistka.az\/az\/wp-json\/wp\/v2\/comments?post=2268"}],"wp:featuredmedia":[{"embeddable":true,"href":"https:\/\/zubochistka.az\/az\/wp-json\/wp\/v2\/media\/5747"}],"wp:attachment":[{"href":"https:\/\/zubochistka.az\/az\/wp-json\/wp\/v2\/media?parent=2268"}],"wp:term":[{"taxonomy":"product_brand","embeddable":true,"href":"https:\/\/zubochistka.az\/az\/wp-json\/wp\/v2\/product_brand?post=2268"},{"taxonomy":"product_cat","embeddable":true,"href":"https:\/\/zubochistka.az\/az\/wp-json\/wp\/v2\/product_cat?post=2268"},{"taxonomy":"product_tag","embeddable":true,"href":"https:\/\/zubochistka.az\/az\/wp-json\/wp\/v2\/product_tag?post=2268"}],"curies":[{"name":"wp","href":"https:\/\/api.w.org\/{rel}","templated":true}]}}