{"id":2270,"date":"2022-03-23T23:57:58","date_gmt":"2022-03-23T23:57:58","guid":{"rendered":"https:\/\/zubochistka.az\/?post_type=product&#038;p=2270"},"modified":"2025-02-07T16:56:37","modified_gmt":"2025-02-07T12:56:37","slug":"%d0%b7-%d1%89%d0%b5%d1%82%d0%ba%d0%b0-%d1%80%d0%be%d0%ba%d1%81-teens-%d0%bc%d0%be%d0%b4%d0%b5%d0%bb%d1%8c%d0%bd%d0%b0%d1%8f-%d0%bc%d1%8f%d0%b3%d0%ba%d0%b0%d1%8f","status":"publish","type":"product","link":"https:\/\/zubochistka.az\/az\/product\/%d0%b7-%d1%89%d0%b5%d1%82%d0%ba%d0%b0-%d1%80%d0%be%d0%ba%d1%81-teens-%d0%bc%d0%be%d0%b4%d0%b5%d0%bb%d1%8c%d0%bd%d0%b0%d1%8f-%d0%bc%d1%8f%d0%b3%d0%ba%d0%b0%d1%8f\/","title":{"rendered":"\u0417\u0443\u0431\u043d\u0430\u044f \u0449\u0435\u0442\u043a\u0430 &#8220;\u0420\u041e\u041a\u0421 Teens. \u041c\u043e\u0434\u0435\u043b\u044c\u043d\u0430\u044f&#8221; \u043c\u044f\u0433\u043a\u0430\u044f"},"content":{"rendered":"","protected":false},"excerpt":{"rendered":"<p>\u2b50 Di\u015f f\u0131r\u00e7as\u0131 R.O.C.S. Ba\u015f\u0131n ucunda \u0259yilmi\u015f t\u00fckl\u0259ri olan u\u015faqlar v\u0259 yeniyetm\u0259l\u0259r \u00fc\u00e7\u00fcn di\u015fl\u0259rin s\u0259thinin t\u0259mizl\u0259nm\u0259sinin keyfiyy\u0259tini yax\u015f\u0131la\u015fd\u0131r\u0131r v\u0259 di\u015f \u0259tinin \u00e7\u0259tin \u0259ld\u0259 edil\u0259n nahiy\u0259l\u0259rin\u0259, h\u0259m\u00e7inin di\u015fl\u0259r aras\u0131ndak\u0131 bo\u015flu\u011fu t\u0259mizl\u0259m\u0259y\u0259 imkan verir. U\u015faqlar\u0131n inc\u0259 di\u015f \u0259tl\u0259rin\u0259 z\u0259r\u0259r verm\u0259d\u0259n t\u0259mizl\u0259yir.<\/p>","protected":false},"featured_media":5748,"comment_status":"open","ping_status":"closed","template":"","meta":{"_eb_attr":"","site-sidebar-layout":"default","site-content-layout":"default","ast-site-content-layout":"default","site-content-style":"default","site-sidebar-style":"default","ast-global-header-display":"","ast-banner-title-visibility":"","ast-main-header-display":"","ast-hfb-above-header-display":"","ast-hfb-below-header-display":"","ast-hfb-mobile-header-display":"","site-post-title":"","ast-breadcrumbs-content":"","ast-featured-img":"","footer-sml-layout":"","theme-transparent-header-meta":"default","adv-header-id-meta":"","stick-header-meta":"","header-above-stick-meta":"","header-main-stick-meta":"","header-below-stick-meta":"","astra-migrate-meta-layouts":"set","ast-page-background-enabled":"default","ast-page-background-meta":{"desktop":{"background-color":"var(--ast-global-color-4)","background-image":"","background-repeat":"repeat","background-position":"center center","background-size":"auto","background-attachment":"scroll","background-type":"","background-media":"","overlay-type":"","overlay-color":"","overlay-opacity":"","overlay-gradient":""},"tablet":{"background-color":"","background-image":"","background-repeat":"repeat","background-position":"center center","background-size":"auto","background-attachment":"scroll","background-type":"","background-media":"","overlay-type":"","overlay-color":"","overlay-opacity":"","overlay-gradient":""},"mobile":{"background-color":"","background-image":"","background-repeat":"repeat","background-position":"center center","background-size":"auto","background-attachment":"scroll","background-type":"","background-media":"","overlay-type":"","overlay-color":"","overlay-opacity":"","overlay-gradient":""}},"ast-content-background-meta":{"desktop":{"background-color":"var(--ast-global-color-5)","background-image":"","background-repeat":"repeat","background-position":"center center","background-size":"auto","background-attachment":"scroll","background-type":"","background-media":"","overlay-type":"","overlay-color":"","overlay-opacity":"","overlay-gradient":""},"tablet":{"background-color":"var(--ast-global-color-5)","background-image":"","background-repeat":"repeat","background-position":"center center","background-size":"auto","background-attachment":"scroll","background-type":"","background-media":"","overlay-type":"","overlay-color":"","overlay-opacity":"","overlay-gradient":""},"mobile":{"background-color":"var(--ast-global-color-5)","background-image":"","background-repeat":"repeat","background-position":"center center","background-size":"auto","background-attachment":"scroll","background-type":"","background-media":"","overlay-type":"","overlay-color":"","overlay-opacity":"","overlay-gradient":""}}},"product_brand":[87],"product_cat":[41,28,35,23,60],"product_tag":[],"class_list":{"0":"post-2270","1":"product","2":"type-product","3":"status-publish","4":"has-post-thumbnail","6":"product_brand-r-o-c-s","7":"product_cat-41","8":"product_cat-28","9":"product_cat-35","10":"product_cat-23","11":"product_cat-60","12":"desktop-align-left","13":"tablet-align-left","14":"mobile-align-left","16":"first","17":"outofstock","18":"shipping-taxable","19":"purchasable","20":"product-type-simple"},"jetpack_sharing_enabled":true,"_links":{"self":[{"href":"https:\/\/zubochistka.az\/az\/wp-json\/wp\/v2\/product\/2270","targetHints":{"allow":["GET"]}}],"collection":[{"href":"https:\/\/zubochistka.az\/az\/wp-json\/wp\/v2\/product"}],"about":[{"href":"https:\/\/zubochistka.az\/az\/wp-json\/wp\/v2\/types\/product"}],"replies":[{"embeddable":true,"href":"https:\/\/zubochistka.az\/az\/wp-json\/wp\/v2\/comments?post=2270"}],"wp:featuredmedia":[{"embeddable":true,"href":"https:\/\/zubochistka.az\/az\/wp-json\/wp\/v2\/media\/5748"}],"wp:attachment":[{"href":"https:\/\/zubochistka.az\/az\/wp-json\/wp\/v2\/media?parent=2270"}],"wp:term":[{"taxonomy":"product_brand","embeddable":true,"href":"https:\/\/zubochistka.az\/az\/wp-json\/wp\/v2\/product_brand?post=2270"},{"taxonomy":"product_cat","embeddable":true,"href":"https:\/\/zubochistka.az\/az\/wp-json\/wp\/v2\/product_cat?post=2270"},{"taxonomy":"product_tag","embeddable":true,"href":"https:\/\/zubochistka.az\/az\/wp-json\/wp\/v2\/product_tag?post=2270"}],"curies":[{"name":"wp","href":"https:\/\/api.w.org\/{rel}","templated":true}]}}