{"id":2276,"date":"2022-03-24T00:09:41","date_gmt":"2022-03-23T20:09:41","guid":{"rendered":"https:\/\/zubochistka.az\/?post_type=product&#038;p=2276"},"modified":"2025-02-07T16:56:02","modified_gmt":"2025-02-07T12:56:02","slug":"%d0%be%d0%bf%d0%be%d0%bb%d0%b0%d1%81%d0%ba%d0%b8%d0%b2%d0%b0%d1%82%d0%b5%d0%bb%d1%8c-r-o-c-s-%d0%b4%d0%b2%d0%be%d0%b9%d0%bd%d0%b0%d1%8f-%d0%bc%d1%8f%d1%82%d0%b0-250-%d0%bc%d0%bb","status":"publish","type":"product","link":"https:\/\/zubochistka.az\/az\/product\/%d0%be%d0%bf%d0%be%d0%bb%d0%b0%d1%81%d0%ba%d0%b8%d0%b2%d0%b0%d1%82%d0%b5%d0%bb%d1%8c-r-o-c-s-%d0%b4%d0%b2%d0%be%d0%b9%d0%bd%d0%b0%d1%8f-%d0%bc%d1%8f%d1%82%d0%b0-250-%d0%bc%d0%bb\/","title":{"rendered":"\u041e\u043f\u043e\u043b\u0430\u0441\u043a\u0438\u0432\u0430\u0442\u0435\u043b\u044c &#8220;R.O.C.S. \u0414\u0432\u043e\u0439\u043d\u0430\u044f \u043c\u044f\u0442\u0430&#8221;, 250 \u043c\u043b"},"content":{"rendered":"","protected":false},"excerpt":{"rendered":"<p>R.O.C.S. \u00ab\u0130kiqat nan\u0259 \ud83c\udf3f\u00bb a\u011f\u0131z yaxalay\u0131c\u0131s\u0131 t\u0259bii madd\u0259l\u0259r \u0259sas\u0131nda haz\u0131rlan\u0131r v\u0259 di\u015f pastalar\u0131na t\u0259sirli bir \u0259lav\u0259 kimi gedir. Di\u015fl\u0259ri v\u0259 damaqlar\u0131 g\u00fccl\u0259ndirm\u0259k, di\u015fl\u0259rin mineralla qidalanmas\u0131n\u0131 t\u0259min etm\u0259k v\u0259 kariyesin qar\u015f\u0131s\u0131n\u0131 almaq \u00fc\u00e7\u00fcn istifad\u0259 olunur. \u018fn uzun m\u00fcdd\u0259t\u0259 n\u0259f\u0259s\u0259 nan\u0259 t\u0259rav\u0259ti verir!<\/p>\n<p><strong>T\u018fRK\u0130B\u0130<\/strong><strong>:<\/strong><\/p>\n<p>Aqua, Glycerin, Propylene Glycol, Xylitol, Laminaria Saccharina Extract, PEG-40 Hydrogenated Castor Oil, PVP, Aroma, Sodium Benzoate, Benzoic Acid, Calcium Glycerophosphate, Sodium Saccharin, Magnesium Chloride, Hydrogen Peroxide, Limonene.<\/p>","protected":false},"featured_media":5752,"comment_status":"open","ping_status":"closed","template":"","meta":{"_eb_attr":"","site-sidebar-layout":"default","site-content-layout":"default","ast-site-content-layout":"default","site-content-style":"default","site-sidebar-style":"default","ast-global-header-display":"","ast-banner-title-visibility":"","ast-main-header-display":"","ast-hfb-above-header-display":"","ast-hfb-below-header-display":"","ast-hfb-mobile-header-display":"","site-post-title":"","ast-breadcrumbs-content":"","ast-featured-img":"","footer-sml-layout":"","theme-transparent-header-meta":"default","adv-header-id-meta":"","stick-header-meta":"","header-above-stick-meta":"","header-main-stick-meta":"","header-below-stick-meta":"","astra-migrate-meta-layouts":"set","ast-page-background-enabled":"default","ast-page-background-meta":{"desktop":{"background-color":"var(--ast-global-color-4)","background-image":"","background-repeat":"repeat","background-position":"center center","background-size":"auto","background-attachment":"scroll","background-type":"","background-media":"","overlay-type":"","overlay-color":"","overlay-opacity":"","overlay-gradient":""},"tablet":{"background-color":"","background-image":"","background-repeat":"repeat","background-position":"center center","background-size":"auto","background-attachment":"scroll","background-type":"","background-media":"","overlay-type":"","overlay-color":"","overlay-opacity":"","overlay-gradient":""},"mobile":{"background-color":"","background-image":"","background-repeat":"repeat","background-position":"center center","background-size":"auto","background-attachment":"scroll","background-type":"","background-media":"","overlay-type":"","overlay-color":"","overlay-opacity":"","overlay-gradient":""}},"ast-content-background-meta":{"desktop":{"background-color":"var(--ast-global-color-5)","background-image":"","background-repeat":"repeat","background-position":"center center","background-size":"auto","background-attachment":"scroll","background-type":"","background-media":"","overlay-type":"","overlay-color":"","overlay-opacity":"","overlay-gradient":""},"tablet":{"background-color":"var(--ast-global-color-5)","background-image":"","background-repeat":"repeat","background-position":"center center","background-size":"auto","background-attachment":"scroll","background-type":"","background-media":"","overlay-type":"","overlay-color":"","overlay-opacity":"","overlay-gradient":""},"mobile":{"background-color":"var(--ast-global-color-5)","background-image":"","background-repeat":"repeat","background-position":"center center","background-size":"auto","background-attachment":"scroll","background-type":"","background-media":"","overlay-type":"","overlay-color":"","overlay-opacity":"","overlay-gradient":""}}},"product_brand":[87],"product_cat":[29],"product_tag":[],"class_list":{"0":"post-2276","1":"product","2":"type-product","3":"status-publish","4":"has-post-thumbnail","6":"product_brand-r-o-c-s","7":"product_cat-29","8":"desktop-align-left","9":"tablet-align-left","10":"mobile-align-left","12":"first","13":"outofstock","14":"shipping-taxable","15":"purchasable","16":"product-type-simple"},"jetpack_sharing_enabled":true,"_links":{"self":[{"href":"https:\/\/zubochistka.az\/az\/wp-json\/wp\/v2\/product\/2276","targetHints":{"allow":["GET"]}}],"collection":[{"href":"https:\/\/zubochistka.az\/az\/wp-json\/wp\/v2\/product"}],"about":[{"href":"https:\/\/zubochistka.az\/az\/wp-json\/wp\/v2\/types\/product"}],"replies":[{"embeddable":true,"href":"https:\/\/zubochistka.az\/az\/wp-json\/wp\/v2\/comments?post=2276"}],"wp:featuredmedia":[{"embeddable":true,"href":"https:\/\/zubochistka.az\/az\/wp-json\/wp\/v2\/media\/5752"}],"wp:attachment":[{"href":"https:\/\/zubochistka.az\/az\/wp-json\/wp\/v2\/media?parent=2276"}],"wp:term":[{"taxonomy":"product_brand","embeddable":true,"href":"https:\/\/zubochistka.az\/az\/wp-json\/wp\/v2\/product_brand?post=2276"},{"taxonomy":"product_cat","embeddable":true,"href":"https:\/\/zubochistka.az\/az\/wp-json\/wp\/v2\/product_cat?post=2276"},{"taxonomy":"product_tag","embeddable":true,"href":"https:\/\/zubochistka.az\/az\/wp-json\/wp\/v2\/product_tag?post=2276"}],"curies":[{"name":"wp","href":"https:\/\/api.w.org\/{rel}","templated":true}]}}