{"id":2291,"date":"2022-03-24T01:01:17","date_gmt":"2022-03-24T01:01:17","guid":{"rendered":"https:\/\/zubochistka.az\/?post_type=product&#038;p=2291"},"modified":"2025-12-16T12:25:28","modified_gmt":"2025-12-16T08:25:28","slug":"biosmalto-impact-action-mousse-%d0%ba%d0%b0%d1%80%d0%b8%d0%b5%d1%81-%d1%81%d1%82%d0%b8%d1%80%d0%b0%d0%bd%d0%b8%d0%b5-%d0%b8-%d1%8d%d1%80%d0%be%d0%b7%d0%b8%d1%8f-%d0%b4%d0%bb%d1%8f-%d0%b4%d0%be","status":"publish","type":"product","link":"https:\/\/zubochistka.az\/az\/product\/biosmalto-impact-action-mousse-%d0%ba%d0%b0%d1%80%d0%b8%d0%b5%d1%81-%d1%81%d1%82%d0%b8%d1%80%d0%b0%d0%bd%d0%b8%d0%b5-%d0%b8-%d1%8d%d1%80%d0%be%d0%b7%d0%b8%d1%8f-%d0%b4%d0%bb%d1%8f-%d0%b4%d0%be\/","title":{"rendered":"Biosmalto Impact Action Mousse: Kariyes, a\u015f\u0131nma v\u0259 eroziya. Evd\u0259 qulluq \u00fc\u00e7\u00fcn \u00e7iy\u0259l\u0259k dad\u0131 il\u0259."},"content":{"rendered":"","protected":false},"excerpt":{"rendered":"<p class=\"translation-block\">Curasept t\u0259r\u0259find\u0259n 7 illik t\u0259dqiqatdan sonra haz\u0131rlanm\u0131\u015f Biosmalto \u0259v\u0259zedici hidroksiapatitd\u0259n ibar\u0259t innovativ formula il\u0259 minan\u0131 remineralla\u015fd\u0131r\u0131r v\u0259 g\u00fccl\u0259ndirir. Kariyes, a\u015f\u0131nma v\u0259 eroziyaya qar\u015f\u0131 muss mina v\u0259 dentini tez bir zamanda reminerall\u0259\u015fdirir, tur\u015fu eroziyas\u0131na, mexaniki a\u015f\u0131nmaya v\u0259 tur\u015fu h\u00fccumuna qar\u015f\u0131 m\u00fcqavim\u0259ti art\u0131r\u0131r. Bu seriya \u00e7\u00fcr\u00fck lezyonlar\u0131, y\u00fcks\u0259k di\u015f a\u015f\u0131nmas\u0131 v\u0259 a\u011f\u0131z qurulu\u011fu olan insanlar \u00fc\u00e7\u00fcn g\u00f6st\u0259rilir v\u0259 a\u011f l\u0259k\u0259l\u0259rin v\u0259 M\u0130H-nin m\u00fcalic\u0259sind\u0259 \u0259lav\u0259 olaraq t\u00f6vsiy\u0259 olunur. Vegan.<\/p>\n<p>Di\u015f minas\u0131 v\u0259 toxumalar\u0131 tez-tez \u015firin v\u0259 tur\u015f qidalar\u0131n qar\u0131\u015f\u0131\u011f\u0131na, m\u0259d\u0259 \u015fir\u0259l\u0259rin\u0259, a\u015f\u0131nd\u0131r\u0131c\u0131 di\u015f pastalar\u0131na, z\u0259if a\u011f\u0131z gigiyenas\u0131na v\u0259 \u00e7\u00fcr\u00fckl\u0259r, a\u015f\u0131nma, eroziya v\u0259\/yaxud h\u0259ssasl\u0131q kimi probleml\u0259r\u0259 s\u0259b\u0259b olan bakterial \u0259rpin y\u0131\u011f\u0131lmas\u0131na m\u0259ruz qal\u0131r. Bununla m\u00fcbariz\u0259 aparmaq \u00fc\u00e7\u00fcn Biosmalto Impact Action Mousse Homcare m\u00f6vcuddur. T\u0259rkibind\u0259 1450 ppm fl\u00fcor var.<\/p>","protected":false},"featured_media":5760,"comment_status":"open","ping_status":"closed","template":"","meta":{"_eb_attr":"","site-sidebar-layout":"default","site-content-layout":"default","ast-site-content-layout":"default","site-content-style":"default","site-sidebar-style":"default","ast-global-header-display":"","ast-banner-title-visibility":"","ast-main-header-display":"","ast-hfb-above-header-display":"","ast-hfb-below-header-display":"","ast-hfb-mobile-header-display":"","site-post-title":"","ast-breadcrumbs-content":"","ast-featured-img":"","footer-sml-layout":"","ast-disable-related-posts":"","theme-transparent-header-meta":"default","adv-header-id-meta":"","stick-header-meta":"","header-above-stick-meta":"","header-main-stick-meta":"","header-below-stick-meta":"","astra-migrate-meta-layouts":"set","ast-page-background-enabled":"default","ast-page-background-meta":{"desktop":{"background-color":"var(--ast-global-color-4)","background-image":"","background-repeat":"repeat","background-position":"center center","background-size":"auto","background-attachment":"scroll","background-type":"","background-media":"","overlay-type":"","overlay-color":"","overlay-opacity":"","overlay-gradient":""},"tablet":{"background-color":"","background-image":"","background-repeat":"repeat","background-position":"center center","background-size":"auto","background-attachment":"scroll","background-type":"","background-media":"","overlay-type":"","overlay-color":"","overlay-opacity":"","overlay-gradient":""},"mobile":{"background-color":"","background-image":"","background-repeat":"repeat","background-position":"center center","background-size":"auto","background-attachment":"scroll","background-type":"","background-media":"","overlay-type":"","overlay-color":"","overlay-opacity":"","overlay-gradient":""}},"ast-content-background-meta":{"desktop":{"background-color":"var(--ast-global-color-5)","background-image":"","background-repeat":"repeat","background-position":"center center","background-size":"auto","background-attachment":"scroll","background-type":"","background-media":"","overlay-type":"","overlay-color":"","overlay-opacity":"","overlay-gradient":""},"tablet":{"background-color":"var(--ast-global-color-5)","background-image":"","background-repeat":"repeat","background-position":"center center","background-size":"auto","background-attachment":"scroll","background-type":"","background-media":"","overlay-type":"","overlay-color":"","overlay-opacity":"","overlay-gradient":""},"mobile":{"background-color":"var(--ast-global-color-5)","background-image":"","background-repeat":"repeat","background-position":"center center","background-size":"auto","background-attachment":"scroll","background-type":"","background-media":"","overlay-type":"","overlay-color":"","overlay-opacity":"","overlay-gradient":""}}},"product_brand":[74],"product_cat":[68,21,59,45,64],"product_tag":[],"class_list":{"0":"post-2291","1":"product","2":"type-product","3":"status-publish","4":"has-post-thumbnail","6":"product_brand-curasept","7":"product_cat-sale","8":"product_cat-21","9":"product_cat-59","10":"product_cat-45","11":"product_cat---2","12":"desktop-align-left","13":"tablet-align-left","14":"mobile-align-left","16":"first","17":"instock","18":"shipping-taxable","19":"purchasable","20":"product-type-simple"},"jetpack_sharing_enabled":true,"_links":{"self":[{"href":"https:\/\/zubochistka.az\/az\/wp-json\/wp\/v2\/product\/2291","targetHints":{"allow":["GET"]}}],"collection":[{"href":"https:\/\/zubochistka.az\/az\/wp-json\/wp\/v2\/product"}],"about":[{"href":"https:\/\/zubochistka.az\/az\/wp-json\/wp\/v2\/types\/product"}],"replies":[{"embeddable":true,"href":"https:\/\/zubochistka.az\/az\/wp-json\/wp\/v2\/comments?post=2291"}],"wp:featuredmedia":[{"embeddable":true,"href":"https:\/\/zubochistka.az\/az\/wp-json\/wp\/v2\/media\/5760"}],"wp:attachment":[{"href":"https:\/\/zubochistka.az\/az\/wp-json\/wp\/v2\/media?parent=2291"}],"wp:term":[{"taxonomy":"product_brand","embeddable":true,"href":"https:\/\/zubochistka.az\/az\/wp-json\/wp\/v2\/product_brand?post=2291"},{"taxonomy":"product_cat","embeddable":true,"href":"https:\/\/zubochistka.az\/az\/wp-json\/wp\/v2\/product_cat?post=2291"},{"taxonomy":"product_tag","embeddable":true,"href":"https:\/\/zubochistka.az\/az\/wp-json\/wp\/v2\/product_tag?post=2291"}],"curies":[{"name":"wp","href":"https:\/\/api.w.org\/{rel}","templated":true}]}}