{"id":2300,"date":"2022-03-24T01:13:56","date_gmt":"2022-03-24T01:13:56","guid":{"rendered":"https:\/\/zubochistka.az\/?post_type=product&#038;p=2300"},"modified":"2025-02-07T16:45:42","modified_gmt":"2025-02-07T12:45:42","slug":"%d0%ba%d1%83%d1%80%d0%b0%d1%81%d0%b5%d0%bf%d1%82-%d0%bf%d1%80%d0%b8%d0%bc%d0%b8-%d0%b4%d0%b5%d0%bd%d1%82%d0%b8-%d0%b3%d0%b5%d0%bb%d1%8c-%d0%b4%d0%bb%d1%8f-%d0%bc%d0%b0%d1%81%d1%81%d0%b0%d0%b6%d0%b0","status":"publish","type":"product","link":"https:\/\/zubochistka.az\/az\/product\/%d0%ba%d1%83%d1%80%d0%b0%d1%81%d0%b5%d0%bf%d1%82-%d0%bf%d1%80%d0%b8%d0%bc%d0%b8-%d0%b4%d0%b5%d0%bd%d1%82%d0%b8-%d0%b3%d0%b5%d0%bb%d1%8c-%d0%b4%d0%bb%d1%8f-%d0%bc%d0%b0%d1%81%d1%81%d0%b0%d0%b6%d0%b0\/","title":{"rendered":"Curasept Primi Denty geli u\u015faqlarda di\u015f c\u0131xarma zaman\u0131 di\u015f \u0259ti masaj\u0131 \u00fc\u00e7\u00fcn, 1 d\u0259st"},"content":{"rendered":"","protected":false},"excerpt":{"rendered":"<p>Curasept Primi Denti geli v\u0259 di\u015f \u0259tinin masaj\u0131n\u0131 t\u0259min ed\u0259n x\u00fcsusi f\u0131r\u00e7a k\u00f6rp\u0259l\u0259rin di\u015f \u00e7\u0131xarmas\u0131n\u0131 asanla\u015fd\u0131r\u0131r.<\/p>\n<h4>X\u00fcsusiyy\u0259tl\u0259ri<\/h4>\n<ul>\n<li>d\u0259std\u0259: 25 ml gel v\u0259 1 y\u00fcks\u00fck<\/li>\n<li>k\u00f6rp\u0259l\u0259r \u00fc\u00e7\u00fcn<\/li>\n<li>\u0259lav\u0259 \u015f\u0259k\u0259r yoxdur<\/li>\n<li>t\u0259rkibind\u0259 spirt yoxdur<\/li>\n<li>Lokal anestezik yoxdur<\/li>\n<\/ul>\n<p>Di\u015f \u00e7\u0131xarma \u00fc\u00e7\u00fcnc\u00fc v\u0259 12-ci aylar aras\u0131nda ba\u015f verir v\u0259 \u0259ks\u0259r k\u00f6rp\u0259l\u0259rd\u0259 ilk di\u015f alt\u0131 ayl\u0131q d\u00f6v\u00fcrd\u0259 \u00e7\u0131x\u0131r. Di\u015f \u00e7\u0131xarma k\u00f6rp\u0259l\u0259r \u00fc\u00e7\u00fcn \u00e7ox stresli bir proses ola bil\u0259r, bu zaman onlar daha yor\u011fun, \u0259s\u0259bi olurlar v\u0259 daha \u00e7ox yax\u0131nl\u0131\u011fa ehtiyac duyurlar. Di\u015f \u00e7\u0131xarma d\u00f6vr\u00fcn\u00fc m\u00fcmk\u00fcn q\u0259d\u0259r xo\u015f ke\u00e7irm\u0259k \u00fc\u00e7\u00fcn k\u00f6rp\u0259l\u0259r \u00fc\u00e7\u00fcn n\u0259z\u0259rd\u0259 tutulmu\u015f x\u00fcsusi Curasept Primi Denti d\u0259stini s\u0131nay\u0131n.<\/p>\n<p>Curasept Primi Denti geli diqq\u0259tl\u0259 se\u00e7ilmi\u015f t\u0259bii inqrediyentl\u0259rl\u0259 i\u015fl\u0259yir v\u0259 di\u015f \u00e7\u0131xarma narahatl\u0131\u011f\u0131n\u0131 effektiv \u015f\u0259kild\u0259 azald\u0131r. Gel z\u0259ngin kalendula ekstrakt\u0131 v\u0259 mallow ekstrakt\u0131 t\u0259rkiblidir v\u0259 x\u00fcsusi n\u0259ml\u0259ndirici t\u0259sir \u00fc\u00e7\u00fcn hialuron tur\u015fusu \u0259lav\u0259 edilmi\u015fdir. Marigoldlar iltihabl\u0131 b\u00f6lg\u0259l\u0259r\u0259 faydal\u0131 t\u0259sir g\u00f6st\u0259rir v\u0259 di\u015f \u0259tinin toxumas\u0131n\u0131 yum\u015faltma\u011fa qadirdir. Eyni zamanda sakitl\u0259\u015fdirici v\u0259 t\u0259rav\u0259tl\u0259ndirici t\u0259sir\u0259 malikdir. T\u0259bii qatranlarla qoruyucu film yarad\u0131r. \u018flav\u0259 edilmi\u015f mallow t\u0259bii selik, flavonoidl\u0259r v\u0259 antosiyaninl\u0259rl\u0259 doludur. \u0130ltihabl\u0131 sah\u0259d\u0259 mane\u0259 yarad\u0131r v\u0259 m\u0259ruz qalan \u0259razini m\u00fcmk\u00fcn q\u0259d\u0259r infeksiyalardan qoruyur.<\/p>\n<p>U\u015fa\u011f\u0131n\u0131za di\u015f \u00e7\u0131xarma a\u011fr\u0131s\u0131n\u0131 azaltma\u011fa k\u00f6m\u0259k ed\u0259c\u0259ksiniz. Bununla siz tam t\u0259hl\u00fck\u0259siz \u015f\u0259kild\u0259 ilk yard\u0131m g\u00f6st\u0259rmi\u015f olacaqs\u0131n\u0131z. Geld\u0259 k\u00f6rp\u0259y\u0259 z\u0259r\u0259r ver\u0259 bil\u0259c\u0259k lokal anestezikl\u0259r, \u015f\u0259k\u0259r v\u0259 ya spirt yoxdur.<\/p>\n<p>F\u0131r\u00e7a il\u0259 bir az Curacept gel t\u0259tbiq edin v\u0259 u\u015fa\u011f\u0131n di\u015f \u0259tini yum\u015faq bir \u015f\u0259kild\u0259 masaj edin.<\/p>","protected":false},"featured_media":5763,"comment_status":"open","ping_status":"closed","template":"","meta":{"_eb_attr":"","site-sidebar-layout":"default","site-content-layout":"default","ast-site-content-layout":"default","site-content-style":"default","site-sidebar-style":"default","ast-global-header-display":"","ast-banner-title-visibility":"","ast-main-header-display":"","ast-hfb-above-header-display":"","ast-hfb-below-header-display":"","ast-hfb-mobile-header-display":"","site-post-title":"","ast-breadcrumbs-content":"","ast-featured-img":"","footer-sml-layout":"","theme-transparent-header-meta":"default","adv-header-id-meta":"","stick-header-meta":"","header-above-stick-meta":"","header-main-stick-meta":"","header-below-stick-meta":"","astra-migrate-meta-layouts":"set","ast-page-background-enabled":"default","ast-page-background-meta":{"desktop":{"background-color":"var(--ast-global-color-4)","background-image":"","background-repeat":"repeat","background-position":"center center","background-size":"auto","background-attachment":"scroll","background-type":"","background-media":"","overlay-type":"","overlay-color":"","overlay-opacity":"","overlay-gradient":""},"tablet":{"background-color":"","background-image":"","background-repeat":"repeat","background-position":"center center","background-size":"auto","background-attachment":"scroll","background-type":"","background-media":"","overlay-type":"","overlay-color":"","overlay-opacity":"","overlay-gradient":""},"mobile":{"background-color":"","background-image":"","background-repeat":"repeat","background-position":"center center","background-size":"auto","background-attachment":"scroll","background-type":"","background-media":"","overlay-type":"","overlay-color":"","overlay-opacity":"","overlay-gradient":""}},"ast-content-background-meta":{"desktop":{"background-color":"var(--ast-global-color-5)","background-image":"","background-repeat":"repeat","background-position":"center center","background-size":"auto","background-attachment":"scroll","background-type":"","background-media":"","overlay-type":"","overlay-color":"","overlay-opacity":"","overlay-gradient":""},"tablet":{"background-color":"var(--ast-global-color-5)","background-image":"","background-repeat":"repeat","background-position":"center center","background-size":"auto","background-attachment":"scroll","background-type":"","background-media":"","overlay-type":"","overlay-color":"","overlay-opacity":"","overlay-gradient":""},"mobile":{"background-color":"var(--ast-global-color-5)","background-image":"","background-repeat":"repeat","background-position":"center center","background-size":"auto","background-attachment":"scroll","background-type":"","background-media":"","overlay-type":"","overlay-color":"","overlay-opacity":"","overlay-gradient":""}}},"product_brand":[74],"product_cat":[28,36],"product_tag":[],"class_list":{"0":"post-2300","1":"product","2":"type-product","3":"status-publish","4":"has-post-thumbnail","6":"product_brand-curasept","7":"product_cat-28","8":"product_cat-36","9":"desktop-align-left","10":"tablet-align-left","11":"mobile-align-left","13":"first","14":"outofstock","15":"shipping-taxable","16":"purchasable","17":"product-type-simple"},"jetpack_sharing_enabled":true,"_links":{"self":[{"href":"https:\/\/zubochistka.az\/az\/wp-json\/wp\/v2\/product\/2300","targetHints":{"allow":["GET"]}}],"collection":[{"href":"https:\/\/zubochistka.az\/az\/wp-json\/wp\/v2\/product"}],"about":[{"href":"https:\/\/zubochistka.az\/az\/wp-json\/wp\/v2\/types\/product"}],"replies":[{"embeddable":true,"href":"https:\/\/zubochistka.az\/az\/wp-json\/wp\/v2\/comments?post=2300"}],"wp:featuredmedia":[{"embeddable":true,"href":"https:\/\/zubochistka.az\/az\/wp-json\/wp\/v2\/media\/5763"}],"wp:attachment":[{"href":"https:\/\/zubochistka.az\/az\/wp-json\/wp\/v2\/media?parent=2300"}],"wp:term":[{"taxonomy":"product_brand","embeddable":true,"href":"https:\/\/zubochistka.az\/az\/wp-json\/wp\/v2\/product_brand?post=2300"},{"taxonomy":"product_cat","embeddable":true,"href":"https:\/\/zubochistka.az\/az\/wp-json\/wp\/v2\/product_cat?post=2300"},{"taxonomy":"product_tag","embeddable":true,"href":"https:\/\/zubochistka.az\/az\/wp-json\/wp\/v2\/product_tag?post=2300"}],"curies":[{"name":"wp","href":"https:\/\/api.w.org\/{rel}","templated":true}]}}