{"id":2340,"date":"2022-03-29T08:55:21","date_gmt":"2022-03-29T04:55:21","guid":{"rendered":"https:\/\/zubochistka.az\/?post_type=product&#038;p=2340"},"modified":"2026-02-28T11:41:53","modified_gmt":"2026-02-28T07:41:53","slug":"%d0%b7%d1%83%d0%b1%d0%bd%d0%b0%d1%8f-%d0%bf%d0%b0%d1%81%d1%82%d0%b0-splat-professional-%d0%be%d1%82%d0%b1%d0%b5%d0%bb%d0%b8%d0%b2%d0%b0%d0%bd%d0%b8%d0%b5-%d0%bf%d0%bb%d1%8e%d1%81","status":"publish","type":"product","link":"https:\/\/zubochistka.az\/az\/product\/%d0%b7%d1%83%d0%b1%d0%bd%d0%b0%d1%8f-%d0%bf%d0%b0%d1%81%d1%82%d0%b0-splat-professional-%d0%be%d1%82%d0%b1%d0%b5%d0%bb%d0%b8%d0%b2%d0%b0%d0%bd%d0%b8%d0%b5-%d0%bf%d0%bb%d1%8e%d1%81\/","title":{"rendered":"SPLAT\u00ae Professional \u201cWHITENING PLUS\u201d papain v\u0259 fl\u00fcor t\u0259rkibli di\u015f m\u0259cunu."},"content":{"rendered":"","protected":false},"excerpt":{"rendered":"<p>\u041e\u0442\u0431\u0435\u043b\u0438\u0432\u0430\u044e\u0449\u0430\u044f \u0438 \u0437\u0430\u0449\u0438\u0449\u0430\u044e\u0449\u0430\u044f \u044d\u043c\u0430\u043b\u044c \u0437\u0443\u0431\u043d\u0430\u044f \u043f\u0430\u0441\u0442\u0430 \u0434\u043b\u044f \u0435\u0436\u0435\u0434\u043d\u0435\u0432\u043d\u043e\u0433\u043e \u0438\u0441\u043f\u043e\u043b\u044c\u0437\u043e\u0432\u0430\u043d\u0438\u044f, 100 \u0433\u0440<\/p>\n<p>Di\u015fl\u0259rin a\u011fard\u0131lmas\u0131 kompleks yana\u015fma t\u0259l\u0259b edir. Bu di\u015f  m\u0259cununu istifad\u0259 ed\u0259rk\u0259n, minan\u0131n  parlaqla\u015fd\u0131r\u0131lmas\u0131 papain fermenti v\u0259 cilalama hiss\u0259cikl\u0259rinin t\u0259siri il\u0259 \u0259ld\u0259 edilir. Kalsium ionlar\u0131, mina Kristal q\u0259f\u0259sin\u0259 s\u00fcr\u0259tl\u0259 daxil olur, di\u015fl\u0259rin y\u00fcks\u0259k h\u0259ssasl\u0131\u011f\u0131n\u0131 azald\u0131r v\u0259 fl\u00fcor ionlar\u0131 kariesd\u0259n effektiv m\u00fcdafi\u0259 edir. Bu m\u0259cun x\u00fcsusil\u0259 q\u0259hv\u0259 v\u0259 \u00e7ay h\u0259v\u0259skarlar\u0131na, el\u0259c\u0259 d\u0259 siqaret \u00e7\u0259k\u0259nl\u0259r\u0259 t\u00f6vsiy\u0259 olunur.<\/p>\n<p>T\u0259rkibi:<\/p>\n<p>Aqua, Hydrogenated Starch Hydrolysate, Hydrated Silica, Potassium Nitrate, Dicalcium Phosphate Dihydrate, PEG-8, Calcium Pyrophosphate, Pentasodium Triphosphate, Aroma, Sodium Coco-Sulfate, Cellulose Gum, Sodium Monofluorophosphate, CI 77891, Sodium Lauroyl Sarcosinate, PVP, Sodium Methylparaben, Sodium Saccharin, Menthol, Papain, Limonene. Fluoride content \u2013 0,1 % (1000 ppm).<\/p>\n<p>&nbsp;<\/p>","protected":false},"featured_media":5764,"comment_status":"open","ping_status":"closed","template":"","meta":{"_eb_attr":"","site-sidebar-layout":"default","site-content-layout":"default","ast-site-content-layout":"default","site-content-style":"default","site-sidebar-style":"default","ast-global-header-display":"","ast-banner-title-visibility":"","ast-main-header-display":"","ast-hfb-above-header-display":"","ast-hfb-below-header-display":"","ast-hfb-mobile-header-display":"","site-post-title":"","ast-breadcrumbs-content":"","ast-featured-img":"","footer-sml-layout":"","ast-disable-related-posts":"","theme-transparent-header-meta":"default","adv-header-id-meta":"","stick-header-meta":"","header-above-stick-meta":"","header-main-stick-meta":"","header-below-stick-meta":"","astra-migrate-meta-layouts":"set","ast-page-background-enabled":"default","ast-page-background-meta":{"desktop":{"background-color":"var(--ast-global-color-4)","background-image":"","background-repeat":"repeat","background-position":"center center","background-size":"auto","background-attachment":"scroll","background-type":"","background-media":"","overlay-type":"","overlay-color":"","overlay-opacity":"","overlay-gradient":""},"tablet":{"background-color":"","background-image":"","background-repeat":"repeat","background-position":"center center","background-size":"auto","background-attachment":"scroll","background-type":"","background-media":"","overlay-type":"","overlay-color":"","overlay-opacity":"","overlay-gradient":""},"mobile":{"background-color":"","background-image":"","background-repeat":"repeat","background-position":"center center","background-size":"auto","background-attachment":"scroll","background-type":"","background-media":"","overlay-type":"","overlay-color":"","overlay-opacity":"","overlay-gradient":""}},"ast-content-background-meta":{"desktop":{"background-color":"var(--ast-global-color-5)","background-image":"","background-repeat":"repeat","background-position":"center center","background-size":"auto","background-attachment":"scroll","background-type":"","background-media":"","overlay-type":"","overlay-color":"","overlay-opacity":"","overlay-gradient":""},"tablet":{"background-color":"var(--ast-global-color-5)","background-image":"","background-repeat":"repeat","background-position":"center center","background-size":"auto","background-attachment":"scroll","background-type":"","background-media":"","overlay-type":"","overlay-color":"","overlay-opacity":"","overlay-gradient":""},"mobile":{"background-color":"var(--ast-global-color-5)","background-image":"","background-repeat":"repeat","background-position":"center center","background-size":"auto","background-attachment":"scroll","background-type":"","background-media":"","overlay-type":"","overlay-color":"","overlay-opacity":"","overlay-gradient":""}}},"product_brand":[85],"product_cat":[62,47,21,45,34],"product_tag":[],"class_list":{"0":"post-2340","1":"product","2":"type-product","3":"status-publish","4":"has-post-thumbnail","6":"product_brand-splat","7":"product_cat-62","8":"product_cat-47","9":"product_cat-21","10":"product_cat-45","11":"product_cat-34","12":"desktop-align-left","13":"tablet-align-left","14":"mobile-align-left","16":"first","17":"outofstock","18":"shipping-taxable","19":"purchasable","20":"product-type-simple"},"jetpack_sharing_enabled":true,"_links":{"self":[{"href":"https:\/\/zubochistka.az\/az\/wp-json\/wp\/v2\/product\/2340","targetHints":{"allow":["GET"]}}],"collection":[{"href":"https:\/\/zubochistka.az\/az\/wp-json\/wp\/v2\/product"}],"about":[{"href":"https:\/\/zubochistka.az\/az\/wp-json\/wp\/v2\/types\/product"}],"replies":[{"embeddable":true,"href":"https:\/\/zubochistka.az\/az\/wp-json\/wp\/v2\/comments?post=2340"}],"wp:featuredmedia":[{"embeddable":true,"href":"https:\/\/zubochistka.az\/az\/wp-json\/wp\/v2\/media\/5764"}],"wp:attachment":[{"href":"https:\/\/zubochistka.az\/az\/wp-json\/wp\/v2\/media?parent=2340"}],"wp:term":[{"taxonomy":"product_brand","embeddable":true,"href":"https:\/\/zubochistka.az\/az\/wp-json\/wp\/v2\/product_brand?post=2340"},{"taxonomy":"product_cat","embeddable":true,"href":"https:\/\/zubochistka.az\/az\/wp-json\/wp\/v2\/product_cat?post=2340"},{"taxonomy":"product_tag","embeddable":true,"href":"https:\/\/zubochistka.az\/az\/wp-json\/wp\/v2\/product_tag?post=2340"}],"curies":[{"name":"wp","href":"https:\/\/api.w.org\/{rel}","templated":true}]}}