{"id":2355,"date":"2022-03-29T11:09:19","date_gmt":"2022-03-29T07:09:19","guid":{"rendered":"https:\/\/zubochistka.az\/?post_type=product&#038;p=2355"},"modified":"2026-03-11T13:38:54","modified_gmt":"2026-03-11T09:38:54","slug":"%d0%b7%d1%83%d0%b1%d0%bd%d0%b0%d1%8f-%d0%bf%d0%b0%d1%81%d1%82%d0%b0-splat-professional-sensitive-white-%d0%be%d1%82%d0%b1%d0%b5%d0%bb%d0%b8%d0%b2%d0%b0%d0%bd%d0%b8%d0%b5-%d0%b4","status":"publish","type":"product","link":"https:\/\/zubochistka.az\/az\/product\/%d0%b7%d1%83%d0%b1%d0%bd%d0%b0%d1%8f-%d0%bf%d0%b0%d1%81%d1%82%d0%b0-splat-professional-sensitive-white-%d0%be%d1%82%d0%b1%d0%b5%d0%bb%d0%b8%d0%b2%d0%b0%d0%bd%d0%b8%d0%b5-%d0%b4\/","title":{"rendered":"SPLAT\u00ae Professional \u201cSENSITIVE WHITE\u201d h\u0259ssas di\u015fler u\u00e7un a\u011fard\u0131c\u0131 di\u015f m\u0259cunu."},"content":{"rendered":"","protected":false},"excerpt":{"rendered":"<p>Di\u015f h\u0259ssasl\u0131\u011f\u0131n\u0131 azaltmaq v\u0259 minan\u0131 yum\u015faq bir \u015f\u0259kild\u0259 parlaqla\u015fd\u0131rmaq \u00fc\u00e7\u00fcn di\u015f m\u0259cunu, 100 ml<\/p>\n<p>SENS\u0130T\u0130VE WH\u0130TE di\u015f m\u0259cunu piqmentli \u0259rpi par\u00e7alayaraq minan\u0131 aktiv \u015f\u0259kild\u0259 i\u015f\u0131qland\u0131ran, efir ya\u011flar\u0131 is\u0259 onun yenid\u0259n \u0259m\u0259l\u0259 g\u0259lm\u0259sinin qar\u015f\u0131s\u0131n\u0131 alan ferment t\u0259rkiblidir. Pastan\u0131n t\u0259rkibind\u0259ki lizatlar (faydal\u0131 bifidobakteriyalar) mikrofloran\u0131n balans\u0131na k\u00f6m\u0259k edir.<\/p>\n<p>&nbsp;<\/p>\n<p><strong>T\u0259rkibi<\/strong><strong>:<\/strong><\/p>\n<p>&nbsp;<\/p>\n<p>Aqua, Hydrated Silica, Hydrogenated Starch Hydrolysate, Glycerin, Calcium Pyrophosphate, Sodium Coco-Sulfate, Aroma, Tetrasodium Pyrophosphate, Cellulose Gum, Zinc Gluconate, Ficus Carica Fruit Extract, Zinc Hydroxyapatite, Magnesium Phosphate, Stevia Rebaudiana Leaf Extract, Xanthan Gum, Ananas Sativus Fruit Extract, Menthyl Lactate, Bifida Ferment Lysate, Tocopheryl Acetate, PVP, Lysozyme, Tannase, Bisabolol, Mentha Piperita Oil, Citrus Paradisi Peel Oil, Coco-Glucoside, Sodium Benzoate, Potassium Sorbate, Citric Acid, Mica, CI 77891, Limonene. Fluoride free.<\/p>\n<p><strong>\u00a0<\/strong><\/p>","protected":false},"featured_media":5769,"comment_status":"open","ping_status":"closed","template":"","meta":{"_eb_attr":"","site-sidebar-layout":"default","site-content-layout":"default","ast-site-content-layout":"default","site-content-style":"default","site-sidebar-style":"default","ast-global-header-display":"","ast-banner-title-visibility":"","ast-main-header-display":"","ast-hfb-above-header-display":"","ast-hfb-below-header-display":"","ast-hfb-mobile-header-display":"","site-post-title":"","ast-breadcrumbs-content":"","ast-featured-img":"","footer-sml-layout":"","ast-disable-related-posts":"","theme-transparent-header-meta":"default","adv-header-id-meta":"","stick-header-meta":"","header-above-stick-meta":"","header-main-stick-meta":"","header-below-stick-meta":"","astra-migrate-meta-layouts":"set","ast-page-background-enabled":"default","ast-page-background-meta":{"desktop":{"background-color":"var(--ast-global-color-4)","background-image":"","background-repeat":"repeat","background-position":"center center","background-size":"auto","background-attachment":"scroll","background-type":"","background-media":"","overlay-type":"","overlay-color":"","overlay-opacity":"","overlay-gradient":""},"tablet":{"background-color":"","background-image":"","background-repeat":"repeat","background-position":"center center","background-size":"auto","background-attachment":"scroll","background-type":"","background-media":"","overlay-type":"","overlay-color":"","overlay-opacity":"","overlay-gradient":""},"mobile":{"background-color":"","background-image":"","background-repeat":"repeat","background-position":"center center","background-size":"auto","background-attachment":"scroll","background-type":"","background-media":"","overlay-type":"","overlay-color":"","overlay-opacity":"","overlay-gradient":""}},"ast-content-background-meta":{"desktop":{"background-color":"var(--ast-global-color-5)","background-image":"","background-repeat":"repeat","background-position":"center center","background-size":"auto","background-attachment":"scroll","background-type":"","background-media":"","overlay-type":"","overlay-color":"","overlay-opacity":"","overlay-gradient":""},"tablet":{"background-color":"var(--ast-global-color-5)","background-image":"","background-repeat":"repeat","background-position":"center center","background-size":"auto","background-attachment":"scroll","background-type":"","background-media":"","overlay-type":"","overlay-color":"","overlay-opacity":"","overlay-gradient":""},"mobile":{"background-color":"var(--ast-global-color-5)","background-image":"","background-repeat":"repeat","background-position":"center center","background-size":"auto","background-attachment":"scroll","background-type":"","background-media":"","overlay-type":"","overlay-color":"","overlay-opacity":"","overlay-gradient":""}}},"product_brand":[85],"product_cat":[62,47,21,45,34],"product_tag":[],"class_list":{"0":"post-2355","1":"product","2":"type-product","3":"status-publish","4":"has-post-thumbnail","6":"product_brand-splat","7":"product_cat-62","8":"product_cat-47","9":"product_cat-21","10":"product_cat-45","11":"product_cat-34","12":"desktop-align-left","13":"tablet-align-left","14":"mobile-align-left","16":"first","17":"instock","18":"shipping-taxable","19":"purchasable","20":"product-type-simple"},"jetpack_sharing_enabled":true,"_links":{"self":[{"href":"https:\/\/zubochistka.az\/az\/wp-json\/wp\/v2\/product\/2355","targetHints":{"allow":["GET"]}}],"collection":[{"href":"https:\/\/zubochistka.az\/az\/wp-json\/wp\/v2\/product"}],"about":[{"href":"https:\/\/zubochistka.az\/az\/wp-json\/wp\/v2\/types\/product"}],"replies":[{"embeddable":true,"href":"https:\/\/zubochistka.az\/az\/wp-json\/wp\/v2\/comments?post=2355"}],"wp:featuredmedia":[{"embeddable":true,"href":"https:\/\/zubochistka.az\/az\/wp-json\/wp\/v2\/media\/5769"}],"wp:attachment":[{"href":"https:\/\/zubochistka.az\/az\/wp-json\/wp\/v2\/media?parent=2355"}],"wp:term":[{"taxonomy":"product_brand","embeddable":true,"href":"https:\/\/zubochistka.az\/az\/wp-json\/wp\/v2\/product_brand?post=2355"},{"taxonomy":"product_cat","embeddable":true,"href":"https:\/\/zubochistka.az\/az\/wp-json\/wp\/v2\/product_cat?post=2355"},{"taxonomy":"product_tag","embeddable":true,"href":"https:\/\/zubochistka.az\/az\/wp-json\/wp\/v2\/product_tag?post=2355"}],"curies":[{"name":"wp","href":"https:\/\/api.w.org\/{rel}","templated":true}]}}