{"id":2403,"date":"2022-03-30T10:45:09","date_gmt":"2022-03-30T06:45:09","guid":{"rendered":"https:\/\/zubochistka.az\/?post_type=product&#038;p=2403"},"modified":"2025-02-07T16:39:17","modified_gmt":"2025-02-07T12:39:17","slug":"%d0%b7%d1%83%d0%b1%d0%bd%d0%b0%d1%8f-%d0%bf%d0%b0%d1%81%d1%82%d0%b0-splat-special-jasmine-whitening","status":"publish","type":"product","link":"https:\/\/zubochistka.az\/az\/product\/%d0%b7%d1%83%d0%b1%d0%bd%d0%b0%d1%8f-%d0%bf%d0%b0%d1%81%d1%82%d0%b0-splat-special-jasmine-whitening\/","title":{"rendered":"SPLAT\u00ae Special \u201cJASMINE WHITENING\u201d di\u015f m\u0259cunu."},"content":{"rendered":"","protected":false},"excerpt":{"rendered":"<p>Bitki \u0259sasl\u0131 innovativ a\u011fard\u0131c\u0131 di\u015f m\u0259cunu, 75 ml<\/p>\n<p>SPLAT\u00ae intensiv bitki \u0259sasl\u0131 a\u011fartma \u00fc\u00e7\u00fcn innovativ Jasmine Whitening di\u015f m\u0259cunun t\u0259qdimat\u0131 il\u0259 SPECIAL x\u0259ttini geni\u015fl\u0259ndirir. Patentli* De-Smoke\u00ae sistemi (di\u015f m\u0259cunu formulas\u0131) \u0259rpi effektiv \u015f\u0259kild\u0259 t\u0259mizl\u0259yir v\u0259 iltihab\u0259leyhin\u0259 antioksidant t\u0259sir g\u00f6st\u0259rir, h\u0259m\u00e7inin evd\u0259 di\u015f minas\u0131n\u0131 2,5 \u00e7alara q\u0259d\u0259r yum\u015faq v\u0259 t\u0259hl\u00fck\u0259siz \u015f\u0259kild\u0259 a\u011fard\u0131r.<\/p>\n<p>T\u0259rkibi:<\/p>\n<p>Aqua, Hydrogenated Starch Hydrolysate, Hydrated Silica, Glycerin, Dicalcium Phosphate Dihydrate, Calcium Hydroxyapatite, Tetrasodium Pyrophosphate, Aroma, Cellulose Gum, Sodium Lauroyl Sarcosinate, Benzyl Alcohol, Dipotassium Glycyrrhizate, Tetrasodium Glutamate Diacetate, Zinc Oxide, Menthyl Lactate, Salvia Officinalis Extract, Punica Granatum Seed Extract, Juglans Regia Leaf Extract, Camellia Sinensis Leaf Extract, Foeniculum Vulgare Seed Extract, Stevia Rebaudiana Leaf Extract, Menthol, Papain, Helianthus Annuus Seed Oil, Sodium Hydroxide, Linalool.<\/p>","protected":false},"featured_media":5780,"comment_status":"open","ping_status":"closed","template":"","meta":{"_eb_attr":"","site-sidebar-layout":"default","site-content-layout":"default","ast-site-content-layout":"default","site-content-style":"default","site-sidebar-style":"default","ast-global-header-display":"","ast-banner-title-visibility":"","ast-main-header-display":"","ast-hfb-above-header-display":"","ast-hfb-below-header-display":"","ast-hfb-mobile-header-display":"","site-post-title":"","ast-breadcrumbs-content":"","ast-featured-img":"","footer-sml-layout":"","ast-disable-related-posts":"","theme-transparent-header-meta":"default","adv-header-id-meta":"","stick-header-meta":"","header-above-stick-meta":"","header-main-stick-meta":"","header-below-stick-meta":"","astra-migrate-meta-layouts":"set","ast-page-background-enabled":"default","ast-page-background-meta":{"desktop":{"background-color":"var(--ast-global-color-4)","background-image":"","background-repeat":"repeat","background-position":"center center","background-size":"auto","background-attachment":"scroll","background-type":"","background-media":"","overlay-type":"","overlay-color":"","overlay-opacity":"","overlay-gradient":""},"tablet":{"background-color":"","background-image":"","background-repeat":"repeat","background-position":"center center","background-size":"auto","background-attachment":"scroll","background-type":"","background-media":"","overlay-type":"","overlay-color":"","overlay-opacity":"","overlay-gradient":""},"mobile":{"background-color":"","background-image":"","background-repeat":"repeat","background-position":"center center","background-size":"auto","background-attachment":"scroll","background-type":"","background-media":"","overlay-type":"","overlay-color":"","overlay-opacity":"","overlay-gradient":""}},"ast-content-background-meta":{"desktop":{"background-color":"var(--ast-global-color-5)","background-image":"","background-repeat":"repeat","background-position":"center center","background-size":"auto","background-attachment":"scroll","background-type":"","background-media":"","overlay-type":"","overlay-color":"","overlay-opacity":"","overlay-gradient":""},"tablet":{"background-color":"var(--ast-global-color-5)","background-image":"","background-repeat":"repeat","background-position":"center center","background-size":"auto","background-attachment":"scroll","background-type":"","background-media":"","overlay-type":"","overlay-color":"","overlay-opacity":"","overlay-gradient":""},"mobile":{"background-color":"var(--ast-global-color-5)","background-image":"","background-repeat":"repeat","background-position":"center center","background-size":"auto","background-attachment":"scroll","background-type":"","background-media":"","overlay-type":"","overlay-color":"","overlay-opacity":"","overlay-gradient":""}}},"product_brand":[85],"product_cat":[62,47,21,45,34],"product_tag":[],"class_list":{"0":"post-2403","1":"product","2":"type-product","3":"status-publish","4":"has-post-thumbnail","6":"product_brand-splat","7":"product_cat-62","8":"product_cat-47","9":"product_cat-21","10":"product_cat-45","11":"product_cat-34","12":"desktop-align-left","13":"tablet-align-left","14":"mobile-align-left","16":"first","17":"instock","18":"shipping-taxable","19":"purchasable","20":"product-type-simple"},"jetpack_sharing_enabled":true,"_links":{"self":[{"href":"https:\/\/zubochistka.az\/az\/wp-json\/wp\/v2\/product\/2403","targetHints":{"allow":["GET"]}}],"collection":[{"href":"https:\/\/zubochistka.az\/az\/wp-json\/wp\/v2\/product"}],"about":[{"href":"https:\/\/zubochistka.az\/az\/wp-json\/wp\/v2\/types\/product"}],"replies":[{"embeddable":true,"href":"https:\/\/zubochistka.az\/az\/wp-json\/wp\/v2\/comments?post=2403"}],"wp:featuredmedia":[{"embeddable":true,"href":"https:\/\/zubochistka.az\/az\/wp-json\/wp\/v2\/media\/5780"}],"wp:attachment":[{"href":"https:\/\/zubochistka.az\/az\/wp-json\/wp\/v2\/media?parent=2403"}],"wp:term":[{"taxonomy":"product_brand","embeddable":true,"href":"https:\/\/zubochistka.az\/az\/wp-json\/wp\/v2\/product_brand?post=2403"},{"taxonomy":"product_cat","embeddable":true,"href":"https:\/\/zubochistka.az\/az\/wp-json\/wp\/v2\/product_cat?post=2403"},{"taxonomy":"product_tag","embeddable":true,"href":"https:\/\/zubochistka.az\/az\/wp-json\/wp\/v2\/product_tag?post=2403"}],"curies":[{"name":"wp","href":"https:\/\/api.w.org\/{rel}","templated":true}]}}