{"id":2410,"date":"2022-03-30T11:18:40","date_gmt":"2022-03-30T07:18:40","guid":{"rendered":"https:\/\/zubochistka.az\/?post_type=product&#038;p=2410"},"modified":"2025-02-07T16:39:14","modified_gmt":"2025-02-07T12:39:14","slug":"%d0%b4%d0%b5%d1%82%d1%81%d0%ba%d0%b0%d1%8f-%d0%b7%d1%83%d0%b1%d0%bd%d0%b0%d1%8f-%d0%bf%d0%b0%d1%81%d1%82%d0%b0-splat-baby-%d0%b2%d0%b0%d0%bd%d0%b8%d0%bb%d1%8c-0-3-%d0%bb%d0%b5%d1%82-40-%d0%bc","status":"publish","type":"product","link":"https:\/\/zubochistka.az\/az\/product\/%d0%b4%d0%b5%d1%82%d1%81%d0%ba%d0%b0%d1%8f-%d0%b7%d1%83%d0%b1%d0%bd%d0%b0%d1%8f-%d0%bf%d0%b0%d1%81%d1%82%d0%b0-splat-baby-%d0%b2%d0%b0%d0%bd%d0%b8%d0%bb%d1%8c-0-3-%d0%bb%d0%b5%d1%82-40-%d0%bc\/","title":{"rendered":"SPLAT\u00ae BABY vanilli u\u015faq di\u015f m\u0259cunu (0-3 ya\u015f), 40 ml + barmaq f\u0131r\u00e7as\u0131."},"content":{"rendered":"","protected":false},"excerpt":{"rendered":"<p>0-3 ya\u015fl\u0131 u\u015faqlar \u00fc\u00e7\u00fcn \u00e7obanyast\u0131\u011f\u0131, kalendula, tikanl\u0131 armud v\u0259 Aloe Ver gelinin ekstrakt t\u0259rkibli bioaktiv di\u015f m\u0259cunu: kariesd\u0259n qorunma v\u0259 ilk di\u015fl\u0259ri \u00e7\u0131xarma\u011fa k\u00f6m\u0259klik edir.<\/p>\n<p>Kariesd\u0259n qorunmaq, mina qat\u0131n\u0131n intensiv m\u00f6hk\u0259ml\u0259ndirilm\u0259si, di\u015f \u0259tin\u0259 qulluq v\u0259 ilk di\u015fl\u0259rin \u00e7\u0131xmas\u0131 zaman\u0131 h\u0259ssasl\u0131\u011f\u0131 azaltmaq \u00fc\u00e7\u00fcn t\u0259hl\u00fck\u0259siz, hipoalerjenik v\u0259 t\u0259bii u\u015faq di\u015f m\u0259cunu. Di\u015f minas\u0131n\u0131n t\u0259rkibin\u0259 yax\u0131n olan yum\u015faq baza, minaya z\u0259r\u0259r verm\u0259d\u0259n \u0259rpi m\u0259hv edir, LUCTATOL\u00ae kompleksind\u0259ki biyan ekstrakt\u0131 (effektivliyi Yaponiyada s\u00fcbut edilmi\u015fdir) onun yenid\u0259n formala\u015fmas\u0131n\u0131n qar\u015f\u0131s\u0131n\u0131 96% al\u0131r. H\u0259r bir paketd\u0259 h\u0259diyy\u0259 olaraq di\u015f \u00e7\u0131xarma prosesind\u0259 t\u0259mizliy\u0259 diqq\u0259t yetirm\u0259k v\u0259 di\u015f \u0259tini masaj etm\u0259k \u00fc\u00e7\u00fcn silikon barmaq ucu f\u0131r\u00e7as\u0131 var. Vanil \u0259tirlidir.<\/p>\n<p>T\u0259rkibi:<\/p>\n<p>Aqua*, Hydrogenated Starch Hydrolysate*, Dicalcium Phosphate Dihydrate*, Hydrated Silica*, Glycerin*, Xanthan Gum*, Dipotassium Glycyrrhizate*, Polyglyceryl-4 Laurate\/Sebacate*, Polyglyceryl-6 Caprylate\/Caprate*, Lonicera Japonica Flower Extract*, O-cymen-5-ol, Cocamidopropyl Betaine*, Lonicera Caprifolium Flower Extract*, Arginine*, Maltitol*, Vaccinium Macrocarpon Fruit Extract*, Pentylene Glycol*, Sodium Chloride*, Vanilla Planifolia Fruit Extract*, Chamomilla Recutita Flower Extract*, Calendula Officinalis Flower Extract*, Aloe Barbadensis Leaf Extract*, Sodium Benzoate, Potassium Thiocyanate, Helianthus Annuus Seed Oil*, Citric Acid*, Lactoferrin*, Opuntia Ficus-Indica Flower Extract*, Lactoperoxidase*, Glycyrrhiza Glabra Root Extract*, Glucose Pentaacetate, Glucose Oxidase*. *Natural origin<\/p>","protected":false},"featured_media":5781,"comment_status":"open","ping_status":"closed","template":"","meta":{"_eb_attr":"","site-sidebar-layout":"default","site-content-layout":"default","ast-site-content-layout":"default","site-content-style":"default","site-sidebar-style":"default","ast-global-header-display":"","ast-banner-title-visibility":"","ast-main-header-display":"","ast-hfb-above-header-display":"","ast-hfb-below-header-display":"","ast-hfb-mobile-header-display":"","site-post-title":"","ast-breadcrumbs-content":"","ast-featured-img":"","footer-sml-layout":"","theme-transparent-header-meta":"default","adv-header-id-meta":"","stick-header-meta":"","header-above-stick-meta":"","header-main-stick-meta":"","header-below-stick-meta":"","astra-migrate-meta-layouts":"set","ast-page-background-enabled":"default","ast-page-background-meta":{"desktop":{"background-color":"var(--ast-global-color-4)","background-image":"","background-repeat":"repeat","background-position":"center center","background-size":"auto","background-attachment":"scroll","background-type":"","background-media":"","overlay-type":"","overlay-color":"","overlay-opacity":"","overlay-gradient":""},"tablet":{"background-color":"","background-image":"","background-repeat":"repeat","background-position":"center center","background-size":"auto","background-attachment":"scroll","background-type":"","background-media":"","overlay-type":"","overlay-color":"","overlay-opacity":"","overlay-gradient":""},"mobile":{"background-color":"","background-image":"","background-repeat":"repeat","background-position":"center center","background-size":"auto","background-attachment":"scroll","background-type":"","background-media":"","overlay-type":"","overlay-color":"","overlay-opacity":"","overlay-gradient":""}},"ast-content-background-meta":{"desktop":{"background-color":"var(--ast-global-color-5)","background-image":"","background-repeat":"repeat","background-position":"center center","background-size":"auto","background-attachment":"scroll","background-type":"","background-media":"","overlay-type":"","overlay-color":"","overlay-opacity":"","overlay-gradient":""},"tablet":{"background-color":"var(--ast-global-color-5)","background-image":"","background-repeat":"repeat","background-position":"center center","background-size":"auto","background-attachment":"scroll","background-type":"","background-media":"","overlay-type":"","overlay-color":"","overlay-opacity":"","overlay-gradient":""},"mobile":{"background-color":"var(--ast-global-color-5)","background-image":"","background-repeat":"repeat","background-position":"center center","background-size":"auto","background-attachment":"scroll","background-type":"","background-media":"","overlay-type":"","overlay-color":"","overlay-opacity":"","overlay-gradient":""}}},"product_brand":[85],"product_cat":[28,36],"product_tag":[],"class_list":{"0":"post-2410","1":"product","2":"type-product","3":"status-publish","4":"has-post-thumbnail","6":"product_brand-splat","7":"product_cat-28","8":"product_cat-36","9":"desktop-align-left","10":"tablet-align-left","11":"mobile-align-left","13":"first","14":"outofstock","15":"shipping-taxable","16":"purchasable","17":"product-type-simple"},"jetpack_sharing_enabled":true,"_links":{"self":[{"href":"https:\/\/zubochistka.az\/az\/wp-json\/wp\/v2\/product\/2410","targetHints":{"allow":["GET"]}}],"collection":[{"href":"https:\/\/zubochistka.az\/az\/wp-json\/wp\/v2\/product"}],"about":[{"href":"https:\/\/zubochistka.az\/az\/wp-json\/wp\/v2\/types\/product"}],"replies":[{"embeddable":true,"href":"https:\/\/zubochistka.az\/az\/wp-json\/wp\/v2\/comments?post=2410"}],"wp:featuredmedia":[{"embeddable":true,"href":"https:\/\/zubochistka.az\/az\/wp-json\/wp\/v2\/media\/5781"}],"wp:attachment":[{"href":"https:\/\/zubochistka.az\/az\/wp-json\/wp\/v2\/media?parent=2410"}],"wp:term":[{"taxonomy":"product_brand","embeddable":true,"href":"https:\/\/zubochistka.az\/az\/wp-json\/wp\/v2\/product_brand?post=2410"},{"taxonomy":"product_cat","embeddable":true,"href":"https:\/\/zubochistka.az\/az\/wp-json\/wp\/v2\/product_cat?post=2410"},{"taxonomy":"product_tag","embeddable":true,"href":"https:\/\/zubochistka.az\/az\/wp-json\/wp\/v2\/product_tag?post=2410"}],"curies":[{"name":"wp","href":"https:\/\/api.w.org\/{rel}","templated":true}]}}