{"id":2412,"date":"2022-03-30T11:27:25","date_gmt":"2022-03-30T07:27:25","guid":{"rendered":"https:\/\/zubochistka.az\/?post_type=product&#038;p=2412"},"modified":"2025-02-07T16:39:13","modified_gmt":"2025-02-07T12:39:13","slug":"%d0%b4%d0%b5%d1%82%d1%81%d0%ba%d0%b0%d1%8f-%d0%b7%d1%83%d0%b1%d0%bd%d0%b0%d1%8f-%d0%bf%d0%b0%d1%81%d1%82%d0%b0-splat-baby-%d1%8f%d0%b1%d0%bb%d0%be%d0%ba%d0%be-%d0%b1%d0%b0%d0%bd%d0%b0%d0%bd-0-3","status":"publish","type":"product","link":"https:\/\/zubochistka.az\/az\/product\/%d0%b4%d0%b5%d1%82%d1%81%d0%ba%d0%b0%d1%8f-%d0%b7%d1%83%d0%b1%d0%bd%d0%b0%d1%8f-%d0%bf%d0%b0%d1%81%d1%82%d0%b0-splat-baby-%d1%8f%d0%b1%d0%bb%d0%be%d0%ba%d0%be-%d0%b1%d0%b0%d0%bd%d0%b0%d0%bd-0-3\/","title":{"rendered":"SPLAT\u00ae BABY alma-banan u\u015faq di\u015f m\u0259cunu (0-3 ya\u015f), 40 ml + barmaqucu f\u0131r\u00e7as\u0131. U\u015faq di\u015f m\u0259cunu."},"content":{"rendered":"","protected":false},"excerpt":{"rendered":"<p>0-3 ya\u015fl\u0131 u\u015faqlar \u00fc\u00e7\u00fcn aktiv kalsium, t\u0259rkibind\u0259 L-Arginin v\u0259 biyan ekstrakt\u0131 olan bioaktiv di\u015f m\u0259cunu: kariyesd\u0259n qoruyur v\u0259 di\u015f \u00e7\u0131xarma\u011fa k\u00f6m\u0259k edir.<\/p>\n<p>1 ya\u015f\u0131na q\u0259d\u0259r u\u015faqlar yax\u015f\u0131 inki\u015faf etmi\u015f m\u00fcdafi\u0259 refleksl\u0259rin\u0259 malikdirl\u0259r, b\u00fct\u00fcn tan\u0131mad\u0131\u011f\u0131 qidalar\u0131 t\u00fcp\u00fcr\u00fcrl\u0259r - bir \u00e7ox valideynl\u0259r bu bar\u0259d\u0259 bilirl\u0259r. BABY APPLE-BANANA Bioaktiv di\u015f m\u0259cunu u\u015faqlara tan\u0131\u015f v\u0259 sevil\u0259n banan v\u0259 alman\u0131n dad\u0131na malikdir, ona g\u00f6r\u0259 d\u0259 k\u00f6rp\u0259niz bu m\u0259hsulu m\u00fctl\u0259q b\u0259y\u0259n\u0259c\u0259k v\u0259 di\u015fl\u0259rini f\u0131r\u00e7alamaq xo\u015f bir mac\u0259raya \u00e7evril\u0259c\u0259kdir. Di\u015f m\u0259cunun t\u0259rkibind\u0259ki t\u0259bii madd\u0259l\u0259r onu udan zaman t\u0259hl\u00fck\u0259siz edir, di\u015fl\u0259rin h\u0259rt\u0259r\u0259fli t\u0259mizl\u0259nm\u0259sini t\u0259min edir v\u0259 \u0259rpin \u0259m\u0259l\u0259 g\u0259lm\u0259sinin qar\u015f\u0131s\u0131n\u0131 al\u0131r. Di\u015f minas\u0131n\u0131n t\u0259rkibin\u0259 yax\u0131n olan yum\u015faq baza, minaya z\u0259r\u0259r verm\u0259d\u0259n \u0259rpi m\u0259hv edir, LUCTATOL\u00ae kompleksind\u0259ki biyan ekstrakt\u0131 (effektivliyi Yaponiyada s\u00fcbut edilmi\u015fdir) onun yenid\u0259n formala\u015fmas\u0131n\u0131n qar\u015f\u0131s\u0131n\u0131 96% al\u0131r. H\u0259r bir paketd\u0259 h\u0259diyy\u0259 olaraq silikon barmaq ucu f\u0131r\u00e7as\u0131 var - di\u015f \u00e7\u0131xarma prosesind\u0259 t\u0259mizliy\u0259 diqq\u0259t yetirm\u0259k v\u0259 di\u015f \u0259tl\u0259rini masaj etm\u0259k \u00fc\u00e7\u00fcn.<\/p>\n<p>T\u0259rkibi:<\/p>\n<p>Aqua*, Hydrogenated Starch Hydrolysate*, Dicalcium Phosphate Dihydrate*, Hydrated Silica*, Glycerin*, Calcium Hydroxyapatite*, Xanthan Gum*, Aroma*, Dipotassium Glycyrrhizate*, Lonicera Japonica Flower Extract*, O-Cymen-5-ol, Cocamidopropyl Betaine*, Lonicera Caprifolium Flower Extract*, Arginine*, Maltitol*, Vaccinium Macrocarpon Fruit Extract*, Pentylene Glycol*, Sodium Chloride*, Achillea Millefolium Flower\/Leaf\/Stem Extract*, Aloe Barbadensis Leaf Extract*, Sodium Benzoate, Potassium Thiocyanate, Helianthus Annuus Seed Oil*, Citric Acid*, Lactoferrin*, Lactoperoxidase*, Glycyrrhiza Glabra Root Extract*, Glucose Pentaacetate, Glucose Oxidase*. *Natural origin<\/p>","protected":false},"featured_media":5782,"comment_status":"open","ping_status":"closed","template":"","meta":{"_eb_attr":"","site-sidebar-layout":"default","site-content-layout":"default","ast-site-content-layout":"default","site-content-style":"default","site-sidebar-style":"default","ast-global-header-display":"","ast-banner-title-visibility":"","ast-main-header-display":"","ast-hfb-above-header-display":"","ast-hfb-below-header-display":"","ast-hfb-mobile-header-display":"","site-post-title":"","ast-breadcrumbs-content":"","ast-featured-img":"","footer-sml-layout":"","theme-transparent-header-meta":"default","adv-header-id-meta":"","stick-header-meta":"","header-above-stick-meta":"","header-main-stick-meta":"","header-below-stick-meta":"","astra-migrate-meta-layouts":"set","ast-page-background-enabled":"default","ast-page-background-meta":{"desktop":{"background-color":"var(--ast-global-color-4)","background-image":"","background-repeat":"repeat","background-position":"center center","background-size":"auto","background-attachment":"scroll","background-type":"","background-media":"","overlay-type":"","overlay-color":"","overlay-opacity":"","overlay-gradient":""},"tablet":{"background-color":"","background-image":"","background-repeat":"repeat","background-position":"center center","background-size":"auto","background-attachment":"scroll","background-type":"","background-media":"","overlay-type":"","overlay-color":"","overlay-opacity":"","overlay-gradient":""},"mobile":{"background-color":"","background-image":"","background-repeat":"repeat","background-position":"center center","background-size":"auto","background-attachment":"scroll","background-type":"","background-media":"","overlay-type":"","overlay-color":"","overlay-opacity":"","overlay-gradient":""}},"ast-content-background-meta":{"desktop":{"background-color":"var(--ast-global-color-5)","background-image":"","background-repeat":"repeat","background-position":"center center","background-size":"auto","background-attachment":"scroll","background-type":"","background-media":"","overlay-type":"","overlay-color":"","overlay-opacity":"","overlay-gradient":""},"tablet":{"background-color":"var(--ast-global-color-5)","background-image":"","background-repeat":"repeat","background-position":"center center","background-size":"auto","background-attachment":"scroll","background-type":"","background-media":"","overlay-type":"","overlay-color":"","overlay-opacity":"","overlay-gradient":""},"mobile":{"background-color":"var(--ast-global-color-5)","background-image":"","background-repeat":"repeat","background-position":"center center","background-size":"auto","background-attachment":"scroll","background-type":"","background-media":"","overlay-type":"","overlay-color":"","overlay-opacity":"","overlay-gradient":""}}},"product_brand":[85],"product_cat":[28,36],"product_tag":[],"class_list":{"0":"post-2412","1":"product","2":"type-product","3":"status-publish","4":"has-post-thumbnail","6":"product_brand-splat","7":"product_cat-28","8":"product_cat-36","9":"desktop-align-left","10":"tablet-align-left","11":"mobile-align-left","13":"first","14":"outofstock","15":"shipping-taxable","16":"purchasable","17":"product-type-simple"},"jetpack_sharing_enabled":true,"_links":{"self":[{"href":"https:\/\/zubochistka.az\/az\/wp-json\/wp\/v2\/product\/2412","targetHints":{"allow":["GET"]}}],"collection":[{"href":"https:\/\/zubochistka.az\/az\/wp-json\/wp\/v2\/product"}],"about":[{"href":"https:\/\/zubochistka.az\/az\/wp-json\/wp\/v2\/types\/product"}],"replies":[{"embeddable":true,"href":"https:\/\/zubochistka.az\/az\/wp-json\/wp\/v2\/comments?post=2412"}],"wp:featuredmedia":[{"embeddable":true,"href":"https:\/\/zubochistka.az\/az\/wp-json\/wp\/v2\/media\/5782"}],"wp:attachment":[{"href":"https:\/\/zubochistka.az\/az\/wp-json\/wp\/v2\/media?parent=2412"}],"wp:term":[{"taxonomy":"product_brand","embeddable":true,"href":"https:\/\/zubochistka.az\/az\/wp-json\/wp\/v2\/product_brand?post=2412"},{"taxonomy":"product_cat","embeddable":true,"href":"https:\/\/zubochistka.az\/az\/wp-json\/wp\/v2\/product_cat?post=2412"},{"taxonomy":"product_tag","embeddable":true,"href":"https:\/\/zubochistka.az\/az\/wp-json\/wp\/v2\/product_tag?post=2412"}],"curies":[{"name":"wp","href":"https:\/\/api.w.org\/{rel}","templated":true}]}}