{"id":2431,"date":"2022-03-31T12:19:59","date_gmt":"2022-03-31T08:19:59","guid":{"rendered":"https:\/\/zubochistka.az\/?post_type=product&#038;p=2431"},"modified":"2026-01-12T13:30:52","modified_gmt":"2026-01-12T09:30:52","slug":"%d0%b4%d0%b5%d1%82%d1%81%d0%ba%d0%b0%d1%8f-%d0%b7%d1%83%d0%b1%d0%bd%d0%b0%d1%8f-%d0%bf%d0%b0%d1%81%d1%82%d0%b0-splat-kids-%d1%84%d1%80%d1%83%d0%ba%d1%82%d0%be%d0%b2%d0%be%d0%b5-%d0%bc%d0%be","status":"publish","type":"product","link":"https:\/\/zubochistka.az\/az\/product\/%d0%b4%d0%b5%d1%82%d1%81%d0%ba%d0%b0%d1%8f-%d0%b7%d1%83%d0%b1%d0%bd%d0%b0%d1%8f-%d0%bf%d0%b0%d1%81%d1%82%d0%b0-splat-kids-%d1%84%d1%80%d1%83%d0%ba%d1%82%d0%be%d0%b2%d0%be%d0%b5-%d0%bc%d0%be\/","title":{"rendered":"U\u015faq di\u015f m\u0259cunu SPLAT\u00ae K\u0130DS meyv\u0259li dondurma (2-6 ya\u015f)."},"content":{"rendered":"","protected":false},"excerpt":{"rendered":"<p>2-6 ya\u015fl\u0131 u\u015faqlar \u00fc\u00e7\u00fcn t\u0259bii di\u015f m\u0259cunu: kariesd\u0259n qorunma v\u0259 minan\u0131n g\u00fccl\u0259ndirilm\u0259si, 50 ml<\/p>\n<p>Oyun ba\u015flay\u0131r! Dondurma l\u0259zz\u0259tli SPLAT\u00ae Kids Di\u015f m\u0259cunu u\u015faqlara v\u0259 onlar\u0131n valideynl\u0259rin\u0259 di\u015fl\u0259rini \u0259yl\u0259nc\u0259li \u015f\u0259kild\u0259 f\u0131r\u00e7alama\u011f\u0131 \u00f6yr\u0259d\u0259c\u0259k. Patentli LUCTATOL\u00ae sistemi s\u00fcd di\u015fl\u0259rini kariesd\u0259n qoruyacaq (effektivliyi kliniki c\u0259h\u0259td\u0259n s\u00fcbut olunmu\u015f), kalsium hidroksiapatit mina qat\u0131n\u0131n m\u00f6hk\u0259ml\u0259nm\u0259sin\u0259 k\u00f6m\u0259k ed\u0259c\u0259k v\u0259 aloe vera gel di\u015f \u0259tini qoruyacaq.<\/p>\n<p>T\u0259rkibi: Aqua*, Hydrogenated Starch Hydrolysate*, Glycerin*, Hydrated Silica*, Calcium Hydroxyapatite*, Cellulose Gum*, Aroma*, Sodium Benzoate, Cocamidopropyl Betaine*, Xanthan Gum*, Potassium Sorbate, Lonicera Japonica Flower Extract*, Maltitol*, Sodium Chloride*, Lonicera Caprifolium Flower Extract*, Vitis Vinifera Seed Extract*, Pentylene Glycol*, Arginine*, Potassium Thiocyanate, Aloe Barbadensis Leaf Extract*, Lactoferrin*, Glycyrrhiza Glabra Root Extract*, Citric Acid*, Helianthus Annuus Seed Oil*, Lactoperoxidase*, Zea Mays Starch*, Glucose Pentaacetate, Glucose Oxidase*, Xanthophylls*, Ascorbyl Palmitate, Tocopherol. *Natural origin<\/p>","protected":false},"featured_media":5783,"comment_status":"open","ping_status":"closed","template":"","meta":{"_eb_attr":"","site-sidebar-layout":"default","site-content-layout":"default","ast-site-content-layout":"default","site-content-style":"default","site-sidebar-style":"default","ast-global-header-display":"","ast-banner-title-visibility":"","ast-main-header-display":"","ast-hfb-above-header-display":"","ast-hfb-below-header-display":"","ast-hfb-mobile-header-display":"","site-post-title":"","ast-breadcrumbs-content":"","ast-featured-img":"","footer-sml-layout":"","theme-transparent-header-meta":"default","adv-header-id-meta":"","stick-header-meta":"","header-above-stick-meta":"","header-main-stick-meta":"","header-below-stick-meta":"","astra-migrate-meta-layouts":"set","ast-page-background-enabled":"default","ast-page-background-meta":{"desktop":{"background-color":"var(--ast-global-color-4)","background-image":"","background-repeat":"repeat","background-position":"center center","background-size":"auto","background-attachment":"scroll","background-type":"","background-media":"","overlay-type":"","overlay-color":"","overlay-opacity":"","overlay-gradient":""},"tablet":{"background-color":"","background-image":"","background-repeat":"repeat","background-position":"center center","background-size":"auto","background-attachment":"scroll","background-type":"","background-media":"","overlay-type":"","overlay-color":"","overlay-opacity":"","overlay-gradient":""},"mobile":{"background-color":"","background-image":"","background-repeat":"repeat","background-position":"center center","background-size":"auto","background-attachment":"scroll","background-type":"","background-media":"","overlay-type":"","overlay-color":"","overlay-opacity":"","overlay-gradient":""}},"ast-content-background-meta":{"desktop":{"background-color":"var(--ast-global-color-5)","background-image":"","background-repeat":"repeat","background-position":"center center","background-size":"auto","background-attachment":"scroll","background-type":"","background-media":"","overlay-type":"","overlay-color":"","overlay-opacity":"","overlay-gradient":""},"tablet":{"background-color":"var(--ast-global-color-5)","background-image":"","background-repeat":"repeat","background-position":"center center","background-size":"auto","background-attachment":"scroll","background-type":"","background-media":"","overlay-type":"","overlay-color":"","overlay-opacity":"","overlay-gradient":""},"mobile":{"background-color":"var(--ast-global-color-5)","background-image":"","background-repeat":"repeat","background-position":"center center","background-size":"auto","background-attachment":"scroll","background-type":"","background-media":"","overlay-type":"","overlay-color":"","overlay-opacity":"","overlay-gradient":""}}},"product_brand":[85],"product_cat":[28,36,64],"product_tag":[],"class_list":{"0":"post-2431","1":"product","2":"type-product","3":"status-publish","4":"has-post-thumbnail","6":"product_brand-splat","7":"product_cat-28","8":"product_cat-36","9":"product_cat---2","10":"desktop-align-left","11":"tablet-align-left","12":"mobile-align-left","14":"first","15":"outofstock","16":"shipping-taxable","17":"purchasable","18":"product-type-simple"},"jetpack_sharing_enabled":true,"_links":{"self":[{"href":"https:\/\/zubochistka.az\/az\/wp-json\/wp\/v2\/product\/2431","targetHints":{"allow":["GET"]}}],"collection":[{"href":"https:\/\/zubochistka.az\/az\/wp-json\/wp\/v2\/product"}],"about":[{"href":"https:\/\/zubochistka.az\/az\/wp-json\/wp\/v2\/types\/product"}],"replies":[{"embeddable":true,"href":"https:\/\/zubochistka.az\/az\/wp-json\/wp\/v2\/comments?post=2431"}],"wp:featuredmedia":[{"embeddable":true,"href":"https:\/\/zubochistka.az\/az\/wp-json\/wp\/v2\/media\/5783"}],"wp:attachment":[{"href":"https:\/\/zubochistka.az\/az\/wp-json\/wp\/v2\/media?parent=2431"}],"wp:term":[{"taxonomy":"product_brand","embeddable":true,"href":"https:\/\/zubochistka.az\/az\/wp-json\/wp\/v2\/product_brand?post=2431"},{"taxonomy":"product_cat","embeddable":true,"href":"https:\/\/zubochistka.az\/az\/wp-json\/wp\/v2\/product_cat?post=2431"},{"taxonomy":"product_tag","embeddable":true,"href":"https:\/\/zubochistka.az\/az\/wp-json\/wp\/v2\/product_tag?post=2431"}],"curies":[{"name":"wp","href":"https:\/\/api.w.org\/{rel}","templated":true}]}}