{"id":2470,"date":"2022-04-01T11:32:25","date_gmt":"2022-04-01T07:32:25","guid":{"rendered":"https:\/\/zubochistka.az\/?post_type=product&#038;p=2470"},"modified":"2026-01-12T13:36:49","modified_gmt":"2026-01-12T09:36:49","slug":"%d0%be%d0%bf%d0%be%d0%bb%d0%b0%d1%81%d0%ba%d0%b8%d0%b2%d0%b0%d1%82%d0%b5%d0%bb%d1%8c-%d0%b4%d0%bb%d1%8f-%d0%bf%d0%be%d0%bb%d0%be%d1%81%d1%82%d0%b8-%d1%80%d1%82%d0%b0-splat-total-care-%d0%ba","status":"publish","type":"product","link":"https:\/\/zubochistka.az\/az\/product\/%d0%be%d0%bf%d0%be%d0%bb%d0%b0%d1%81%d0%ba%d0%b8%d0%b2%d0%b0%d1%82%d0%b5%d0%bb%d1%8c-%d0%b4%d0%bb%d1%8f-%d0%bf%d0%be%d0%bb%d0%be%d1%81%d1%82%d0%b8-%d1%80%d1%82%d0%b0-splat-total-care-%d0%ba\/","title":{"rendered":"SPLAT\u00ae TOTAL CARE Kompleks qulluq a\u011f\u0131z yaxalay\u0131c\u0131s\u0131."},"content":{"rendered":"","protected":false},"excerpt":{"rendered":"<p>T\u0259rav\u0259tli n\u0259f\u0259s \u00fc\u00e7\u00fcn kompleks t\u0259sirli antibakterial a\u011f\u0131z yaxalay\u0131c\u0131s\u0131, 275 ml<br \/>\nTotal Care a\u011f\u0131z yaxalay\u0131c\u0131s\u0131nda yerli immuniteti d\u0259st\u0259kl\u0259y\u0259n v\u0259 minan\u0131 parlaq ed\u0259n bromelain fermenti v\u0259 bifidobakteriya lizat\u0131ndan ibar\u0259t innovativ kompleks olan BIO Sp.White\u00ae Mouthwash istifad\u0259 edilir. Q\u0259r\u0259nfil v\u0259 \u015f\u00fcy\u00fcd\u00fcn efir ya\u011flar\u0131, ada\u00e7ay\u0131 antibakterial, iltihab \u0259leyhin\u0259 t\u0259sir g\u00f6st\u0259rir, di\u015f \u0259tin\u0259 qulluq edir. Sink ql\u00fckonat a\u011f\u0131z qoxusuna s\u0259b\u0259b olan bakteriyalar\u0131n \u00e7oxalmas\u0131n\u0131n qar\u015f\u0131s\u0131n\u0131 al\u0131r. Maqnoliya qab\u0131\u011f\u0131 ekstrakt\u0131 karies\u0259 qar\u015f\u0131 t\u0259sir g\u00f6st\u0259rir.<br \/>\nT\u0259rkibi:<br \/>\nAqua, Hydrogenated Starch Hydrolysate, Aroma, Salvia Officinalis Leaf Water, Sodium Coco-Sulfate, PVP, Polyglyceryl-4 Laurate\/Sebacate, Polyglyceryl-6 Caprylate\/Caprate, Dipotassium Glycyrrhizate, Magnolia Officinalis Bark Extract, Zin\u0441 Gluconate, Menthyl Lactate, Ananas Sativus Fruit Extract, Papain, Bifida Ferment Lysate, Citric Acid, Eugenia Caryophyllus Bud Oil, Foeniculum Vulgare Oil, Sodium Benzoate, Potassium Sorbate, Eugenol, Limonene.<br \/>\nT\u0259rkibind\u0259 etil spirti yoxdur<\/p>","protected":false},"featured_media":5798,"comment_status":"open","ping_status":"closed","template":"","meta":{"_eb_attr":"","site-sidebar-layout":"default","site-content-layout":"default","ast-site-content-layout":"default","site-content-style":"default","site-sidebar-style":"default","ast-global-header-display":"","ast-banner-title-visibility":"","ast-main-header-display":"","ast-hfb-above-header-display":"","ast-hfb-below-header-display":"","ast-hfb-mobile-header-display":"","site-post-title":"","ast-breadcrumbs-content":"","ast-featured-img":"","footer-sml-layout":"","theme-transparent-header-meta":"default","adv-header-id-meta":"","stick-header-meta":"","header-above-stick-meta":"","header-main-stick-meta":"","header-below-stick-meta":"","astra-migrate-meta-layouts":"set","ast-page-background-enabled":"default","ast-page-background-meta":{"desktop":{"background-color":"var(--ast-global-color-4)","background-image":"","background-repeat":"repeat","background-position":"center center","background-size":"auto","background-attachment":"scroll","background-type":"","background-media":"","overlay-type":"","overlay-color":"","overlay-opacity":"","overlay-gradient":""},"tablet":{"background-color":"","background-image":"","background-repeat":"repeat","background-position":"center center","background-size":"auto","background-attachment":"scroll","background-type":"","background-media":"","overlay-type":"","overlay-color":"","overlay-opacity":"","overlay-gradient":""},"mobile":{"background-color":"","background-image":"","background-repeat":"repeat","background-position":"center center","background-size":"auto","background-attachment":"scroll","background-type":"","background-media":"","overlay-type":"","overlay-color":"","overlay-opacity":"","overlay-gradient":""}},"ast-content-background-meta":{"desktop":{"background-color":"var(--ast-global-color-5)","background-image":"","background-repeat":"repeat","background-position":"center center","background-size":"auto","background-attachment":"scroll","background-type":"","background-media":"","overlay-type":"","overlay-color":"","overlay-opacity":"","overlay-gradient":""},"tablet":{"background-color":"var(--ast-global-color-5)","background-image":"","background-repeat":"repeat","background-position":"center center","background-size":"auto","background-attachment":"scroll","background-type":"","background-media":"","overlay-type":"","overlay-color":"","overlay-opacity":"","overlay-gradient":""},"mobile":{"background-color":"var(--ast-global-color-5)","background-image":"","background-repeat":"repeat","background-position":"center center","background-size":"auto","background-attachment":"scroll","background-type":"","background-media":"","overlay-type":"","overlay-color":"","overlay-opacity":"","overlay-gradient":""}}},"product_brand":[85],"product_cat":[67,29],"product_tag":[],"class_list":{"0":"post-2470","1":"product","2":"type-product","3":"status-publish","4":"has-post-thumbnail","6":"product_brand-splat","7":"product_cat-67","8":"product_cat-29","9":"desktop-align-left","10":"tablet-align-left","11":"mobile-align-left","13":"first","14":"outofstock","15":"shipping-taxable","16":"purchasable","17":"product-type-simple"},"jetpack_sharing_enabled":true,"_links":{"self":[{"href":"https:\/\/zubochistka.az\/az\/wp-json\/wp\/v2\/product\/2470","targetHints":{"allow":["GET"]}}],"collection":[{"href":"https:\/\/zubochistka.az\/az\/wp-json\/wp\/v2\/product"}],"about":[{"href":"https:\/\/zubochistka.az\/az\/wp-json\/wp\/v2\/types\/product"}],"replies":[{"embeddable":true,"href":"https:\/\/zubochistka.az\/az\/wp-json\/wp\/v2\/comments?post=2470"}],"wp:featuredmedia":[{"embeddable":true,"href":"https:\/\/zubochistka.az\/az\/wp-json\/wp\/v2\/media\/5798"}],"wp:attachment":[{"href":"https:\/\/zubochistka.az\/az\/wp-json\/wp\/v2\/media?parent=2470"}],"wp:term":[{"taxonomy":"product_brand","embeddable":true,"href":"https:\/\/zubochistka.az\/az\/wp-json\/wp\/v2\/product_brand?post=2470"},{"taxonomy":"product_cat","embeddable":true,"href":"https:\/\/zubochistka.az\/az\/wp-json\/wp\/v2\/product_cat?post=2470"},{"taxonomy":"product_tag","embeddable":true,"href":"https:\/\/zubochistka.az\/az\/wp-json\/wp\/v2\/product_tag?post=2470"}],"curies":[{"name":"wp","href":"https:\/\/api.w.org\/{rel}","templated":true}]}}