{"id":2474,"date":"2022-04-01T11:48:31","date_gmt":"2022-04-01T07:48:31","guid":{"rendered":"https:\/\/zubochistka.az\/?post_type=product&#038;p=2474"},"modified":"2026-01-17T13:27:53","modified_gmt":"2026-01-17T09:27:53","slug":"%d0%be%d0%bf%d0%be%d0%bb%d0%b0%d1%81%d0%ba%d0%b8%d0%b2%d0%b0%d1%82%d0%b5%d0%bb%d1%8c-%d0%b4%d0%bb%d1%8f-%d0%bf%d0%be%d0%bb%d0%be%d1%81%d1%82%d0%b8-%d1%80%d1%82%d0%b0-splat-sensitive-%d0%b4%d0%bb","status":"publish","type":"product","link":"https:\/\/zubochistka.az\/az\/product\/%d0%be%d0%bf%d0%be%d0%bb%d0%b0%d1%81%d0%ba%d0%b8%d0%b2%d0%b0%d1%82%d0%b5%d0%bb%d1%8c-%d0%b4%d0%bb%d1%8f-%d0%bf%d0%be%d0%bb%d0%be%d1%81%d1%82%d0%b8-%d1%80%d1%82%d0%b0-splat-sensitive-%d0%b4%d0%bb\/","title":{"rendered":"SPLAT\u00ae SENSITIVE h\u0259ssas di\u015fl\u0259r \u00fc\u00e7\u00fcn a\u011f\u0131z yaxalay\u0131c\u0131s\u0131."},"content":{"rendered":"","protected":false},"excerpt":{"rendered":"<p>Di\u015f h\u0259ssasl\u0131\u011f\u0131ni azaldmaq \u00fc\u00e7\u00fcn a\u011f\u0131z yaxalay\u0131c\u0131s\u0131, 275 ml<br \/>\nA\u011f\u0131z yaxalay\u0131c\u0131lar\u0131n b\u00fct\u00fcn \u00e7e\u015fidl\u0259ri aras\u0131nda SPLAT SENSITIVE h\u0259ssas di\u015fl\u0259r \u00fc\u00e7\u00fcn t\u00f6vsiyy\u0259 olunur. T\u0259rkibind\u0259ki limon v\u0259 raziy\u0259n\u0259nin t\u0259bii ya\u011flar\u0131 iltihab \u0259leyhin\u0259 t\u0259sir g\u00f6st\u0259rir v\u0259 ilk t\u0259tbiqd\u0259n h\u0259ssasl\u0131\u011f\u0131 azald\u0131r, hidroksiapatit is\u0259 minan\u0131n b\u0259rpas\u0131na k\u00f6m\u0259klik edir.<br \/>\nT\u0259rkibi:<br \/>\nAqua, Hydrogenated Starch Hydrolysate, Dipotassium Oxalate, PVP, Polyglyceryl-4 Laurate\/Sebacate, Polyglyceryl-6 Caprylate\/Caprate, Rhodosorus Marinus Extract, Salicornia Herbacea Extract, Sodium Lauroyl Sarcosinate, Aroma, Glycerin, Bifida Ferment Lysate, Stevia Rebaudiana Leaf Extract, Ananas Sativus Fruit Extract, Illicium Verum Fruit\/Seed Oil, Eugenia Caryophyllus Bud Oil, Citrus Limon Peel Oil, Rosmarinus Officinalis Leaf Oil, Propanediol, Menthyl Lactate, Citric Acid, Sodium Benzoate, Potassium Sorbate, Limonene<\/p>","protected":false},"featured_media":5800,"comment_status":"open","ping_status":"closed","template":"","meta":{"_eb_attr":"","site-sidebar-layout":"default","site-content-layout":"default","ast-site-content-layout":"default","site-content-style":"default","site-sidebar-style":"default","ast-global-header-display":"","ast-banner-title-visibility":"","ast-main-header-display":"","ast-hfb-above-header-display":"","ast-hfb-below-header-display":"","ast-hfb-mobile-header-display":"","site-post-title":"","ast-breadcrumbs-content":"","ast-featured-img":"","footer-sml-layout":"","theme-transparent-header-meta":"default","adv-header-id-meta":"","stick-header-meta":"","header-above-stick-meta":"","header-main-stick-meta":"","header-below-stick-meta":"","astra-migrate-meta-layouts":"set","ast-page-background-enabled":"default","ast-page-background-meta":{"desktop":{"background-color":"var(--ast-global-color-4)","background-image":"","background-repeat":"repeat","background-position":"center center","background-size":"auto","background-attachment":"scroll","background-type":"","background-media":"","overlay-type":"","overlay-color":"","overlay-opacity":"","overlay-gradient":""},"tablet":{"background-color":"","background-image":"","background-repeat":"repeat","background-position":"center center","background-size":"auto","background-attachment":"scroll","background-type":"","background-media":"","overlay-type":"","overlay-color":"","overlay-opacity":"","overlay-gradient":""},"mobile":{"background-color":"","background-image":"","background-repeat":"repeat","background-position":"center center","background-size":"auto","background-attachment":"scroll","background-type":"","background-media":"","overlay-type":"","overlay-color":"","overlay-opacity":"","overlay-gradient":""}},"ast-content-background-meta":{"desktop":{"background-color":"var(--ast-global-color-5)","background-image":"","background-repeat":"repeat","background-position":"center center","background-size":"auto","background-attachment":"scroll","background-type":"","background-media":"","overlay-type":"","overlay-color":"","overlay-opacity":"","overlay-gradient":""},"tablet":{"background-color":"var(--ast-global-color-5)","background-image":"","background-repeat":"repeat","background-position":"center center","background-size":"auto","background-attachment":"scroll","background-type":"","background-media":"","overlay-type":"","overlay-color":"","overlay-opacity":"","overlay-gradient":""},"mobile":{"background-color":"var(--ast-global-color-5)","background-image":"","background-repeat":"repeat","background-position":"center center","background-size":"auto","background-attachment":"scroll","background-type":"","background-media":"","overlay-type":"","overlay-color":"","overlay-opacity":"","overlay-gradient":""}}},"product_brand":[85],"product_cat":[67,43,29],"product_tag":[],"class_list":{"0":"post-2474","1":"product","2":"type-product","3":"status-publish","4":"has-post-thumbnail","6":"product_brand-splat","7":"product_cat-67","8":"product_cat-43","9":"product_cat-29","10":"desktop-align-left","11":"tablet-align-left","12":"mobile-align-left","14":"first","15":"outofstock","16":"shipping-taxable","17":"purchasable","18":"product-type-simple"},"jetpack_sharing_enabled":true,"_links":{"self":[{"href":"https:\/\/zubochistka.az\/az\/wp-json\/wp\/v2\/product\/2474","targetHints":{"allow":["GET"]}}],"collection":[{"href":"https:\/\/zubochistka.az\/az\/wp-json\/wp\/v2\/product"}],"about":[{"href":"https:\/\/zubochistka.az\/az\/wp-json\/wp\/v2\/types\/product"}],"replies":[{"embeddable":true,"href":"https:\/\/zubochistka.az\/az\/wp-json\/wp\/v2\/comments?post=2474"}],"wp:featuredmedia":[{"embeddable":true,"href":"https:\/\/zubochistka.az\/az\/wp-json\/wp\/v2\/media\/5800"}],"wp:attachment":[{"href":"https:\/\/zubochistka.az\/az\/wp-json\/wp\/v2\/media?parent=2474"}],"wp:term":[{"taxonomy":"product_brand","embeddable":true,"href":"https:\/\/zubochistka.az\/az\/wp-json\/wp\/v2\/product_brand?post=2474"},{"taxonomy":"product_cat","embeddable":true,"href":"https:\/\/zubochistka.az\/az\/wp-json\/wp\/v2\/product_cat?post=2474"},{"taxonomy":"product_tag","embeddable":true,"href":"https:\/\/zubochistka.az\/az\/wp-json\/wp\/v2\/product_tag?post=2474"}],"curies":[{"name":"wp","href":"https:\/\/api.w.org\/{rel}","templated":true}]}}