{"id":2484,"date":"2022-04-01T12:32:12","date_gmt":"2022-04-01T12:32:12","guid":{"rendered":"https:\/\/zubochistka.az\/?post_type=product&#038;p=2484"},"modified":"2026-01-17T13:22:47","modified_gmt":"2026-01-17T09:22:47","slug":"%d0%be%d0%bf%d0%be%d0%bb%d0%b0%d1%81%d0%ba%d0%b8%d0%b2%d0%b0%d1%82%d0%b5%d0%bb%d1%8c-biomed-well-gum-%d1%81-%d0%bf%d1%8f%d1%82%d1%8c%d1%8e-%d1%8d%d1%84%d0%b8%d1%80%d0%bd%d1%8b%d0%bc%d0%b8","status":"publish","type":"product","link":"https:\/\/zubochistka.az\/az\/product\/%d0%be%d0%bf%d0%be%d0%bb%d0%b0%d1%81%d0%ba%d0%b8%d0%b2%d0%b0%d1%82%d0%b5%d0%bb%d1%8c-biomed-well-gum-%d1%81-%d0%bf%d1%8f%d1%82%d1%8c%d1%8e-%d1%8d%d1%84%d0%b8%d1%80%d0%bd%d1%8b%d0%bc%d0%b8\/","title":{"rendered":"Biomed\u00ae WELL GUM\u00ae be\u015f efir ya\u011flari il\u0259 a\u011f\u0131z yaxalay\u0131c\u0131s\u0131."},"content":{"rendered":"","protected":false},"excerpt":{"rendered":"<p>T\u0259bii a\u011f\u0131z yaxalay\u0131c\u0131s\u0131 - sa\u011flam di\u015f \u0259tinin sirri, 250 ml<br \/>\nBiomed Well Saqq\u0131z a\u011f\u0131z yaxalay\u0131c\u0131s\u0131nda b\u00fct\u00fcn g\u00fcn \u00fc\u00e7\u00fcn enerji ver\u0259n be\u015f efir ya\u011f\u0131 var - evkalipt, sidr, mix\u0259k, razyana v\u0259 rozmarin. Orijinal resept x\u00fcsusi olaraq di\u015f \u0259tl\u0259rinin infeksiya, iltihab v\u0259 qanaxmalardan g\u00fccl\u00fc qorunmas\u0131 \u00fc\u00e7\u00fcn n\u0259z\u0259rd\u0259 tutulmu\u015fdur. Ananas ekstrakt\u0131ndan olan bromelain par\u00e7alan\u0131r v\u0259 \u0259rpi \u00e7\u0131xar\u0131r. Ql\u00fctensiz.<br \/>\nT\u0259rkibi:<br \/>\nAqua, Hydrogenated Starch Hydrolysate, Sodium Coco-Sulfate, Salvia Officinalis Leaf Water, Betula Alba Leaf Extract, Plantago Lanceolata Leaf Extract, Rosmarinus Officinalis Leaf Oil, Stevia Rebaudiana Leaf Extract, Eucalyptus Globulus Leaf Oil, Illicium Verum Fruit\/Seed Oil, Eugenia Caryophyllus Bud Oil, Cedrus Atlantica Bark Oil, Polyglyceryl-4 Laurate\/Sebacate, Polyglyceryl-6 Caprylate\/Caprate, Aroma, Arginine, Ananas Sativus Fruit Extract, Magnesium Aspartate, Zinc Gluconate, Copper Gluconate, Glycerin, Benzyl Alcohol, Sodium Benzoate, Potassium Sorbate, Citric Acid, Tetrasodium Glutamate Diacetate, CI 19140, CI 42090, Limonene, Eugenol, Linalool.<\/p>","protected":false},"featured_media":5802,"comment_status":"open","ping_status":"closed","template":"","meta":{"_eb_attr":"","site-sidebar-layout":"default","site-content-layout":"default","ast-site-content-layout":"default","site-content-style":"default","site-sidebar-style":"default","ast-global-header-display":"","ast-banner-title-visibility":"","ast-main-header-display":"","ast-hfb-above-header-display":"","ast-hfb-below-header-display":"","ast-hfb-mobile-header-display":"","site-post-title":"","ast-breadcrumbs-content":"","ast-featured-img":"","footer-sml-layout":"","theme-transparent-header-meta":"default","adv-header-id-meta":"","stick-header-meta":"","header-above-stick-meta":"","header-main-stick-meta":"","header-below-stick-meta":"","astra-migrate-meta-layouts":"set","ast-page-background-enabled":"default","ast-page-background-meta":{"desktop":{"background-color":"var(--ast-global-color-4)","background-image":"","background-repeat":"repeat","background-position":"center center","background-size":"auto","background-attachment":"scroll","background-type":"","background-media":"","overlay-type":"","overlay-color":"","overlay-opacity":"","overlay-gradient":""},"tablet":{"background-color":"","background-image":"","background-repeat":"repeat","background-position":"center center","background-size":"auto","background-attachment":"scroll","background-type":"","background-media":"","overlay-type":"","overlay-color":"","overlay-opacity":"","overlay-gradient":""},"mobile":{"background-color":"","background-image":"","background-repeat":"repeat","background-position":"center center","background-size":"auto","background-attachment":"scroll","background-type":"","background-media":"","overlay-type":"","overlay-color":"","overlay-opacity":"","overlay-gradient":""}},"ast-content-background-meta":{"desktop":{"background-color":"var(--ast-global-color-5)","background-image":"","background-repeat":"repeat","background-position":"center center","background-size":"auto","background-attachment":"scroll","background-type":"","background-media":"","overlay-type":"","overlay-color":"","overlay-opacity":"","overlay-gradient":""},"tablet":{"background-color":"var(--ast-global-color-5)","background-image":"","background-repeat":"repeat","background-position":"center center","background-size":"auto","background-attachment":"scroll","background-type":"","background-media":"","overlay-type":"","overlay-color":"","overlay-opacity":"","overlay-gradient":""},"mobile":{"background-color":"var(--ast-global-color-5)","background-image":"","background-repeat":"repeat","background-position":"center center","background-size":"auto","background-attachment":"scroll","background-type":"","background-media":"","overlay-type":"","overlay-color":"","overlay-opacity":"","overlay-gradient":""}}},"product_brand":[84],"product_cat":[67,43,29],"product_tag":[],"class_list":{"0":"post-2484","1":"product","2":"type-product","3":"status-publish","4":"has-post-thumbnail","6":"product_brand-biomed","7":"product_cat-67","8":"product_cat-43","9":"product_cat-29","10":"desktop-align-left","11":"tablet-align-left","12":"mobile-align-left","14":"first","15":"outofstock","16":"shipping-taxable","17":"purchasable","18":"product-type-simple"},"jetpack_sharing_enabled":true,"_links":{"self":[{"href":"https:\/\/zubochistka.az\/az\/wp-json\/wp\/v2\/product\/2484","targetHints":{"allow":["GET"]}}],"collection":[{"href":"https:\/\/zubochistka.az\/az\/wp-json\/wp\/v2\/product"}],"about":[{"href":"https:\/\/zubochistka.az\/az\/wp-json\/wp\/v2\/types\/product"}],"replies":[{"embeddable":true,"href":"https:\/\/zubochistka.az\/az\/wp-json\/wp\/v2\/comments?post=2484"}],"wp:featuredmedia":[{"embeddable":true,"href":"https:\/\/zubochistka.az\/az\/wp-json\/wp\/v2\/media\/5802"}],"wp:attachment":[{"href":"https:\/\/zubochistka.az\/az\/wp-json\/wp\/v2\/media?parent=2484"}],"wp:term":[{"taxonomy":"product_brand","embeddable":true,"href":"https:\/\/zubochistka.az\/az\/wp-json\/wp\/v2\/product_brand?post=2484"},{"taxonomy":"product_cat","embeddable":true,"href":"https:\/\/zubochistka.az\/az\/wp-json\/wp\/v2\/product_cat?post=2484"},{"taxonomy":"product_tag","embeddable":true,"href":"https:\/\/zubochistka.az\/az\/wp-json\/wp\/v2\/product_tag?post=2484"}],"curies":[{"name":"wp","href":"https:\/\/api.w.org\/{rel}","templated":true}]}}