{"id":2496,"date":"2022-04-04T10:33:25","date_gmt":"2022-04-04T06:33:25","guid":{"rendered":"https:\/\/zubochistka.az\/?post_type=product&#038;p=2496"},"modified":"2026-03-11T13:33:13","modified_gmt":"2026-03-11T09:33:13","slug":"splat-clinic-care-medium","status":"publish","type":"product","link":"https:\/\/zubochistka.az\/az\/product\/splat-clinic-care-medium\/","title":{"rendered":"SPLAT\u00ae CLINIC CARE medium di\u015f f\u0131r\u00e7as\u0131"},"content":{"rendered":"","protected":false},"excerpt":{"rendered":"<h3>\u0130ki n\u00f6v t\u00fckc\u00fckl\u00fc<\/h3>\n<p>\u0130nc\u0259, burulmu\u015f orta s\u0131ra t\u00fckc\u00fckl\u0259r di\u015f s\u0259thi il\u0259 yum\u015faq, m\u00f6hk\u0259m t\u0259mas yarad\u0131r, yan t\u00fckc\u00fckl\u0259r is\u0259 a\u015fa\u011f\u0131 oturaraq, \u00e7\u0131x\u0131nt\u0131 \u0259m\u0259l\u0259 g\u0259tirir v\u0259 di\u015fl\u0259raras\u0131 bo\u015fluqlar \u00fc\u00e7\u00fcn \u0259lav\u0259 t\u0259mizl\u0259m\u0259 s\u0131ras\u0131 yarad\u0131r. Bu yana\u015fma a\u011f\u0131z bo\u015flu\u011funun t\u0259kmill\u0259\u015fdirilmi\u015f d\u0259rin t\u0259mizl\u0259nm\u0259sini t\u0259min edir. Yeni BASS texnikas\u0131ndan istifad\u0259 etm\u0259kl\u0259 a\u011f\u0131z bo\u015flu\u011funun t\u0259mizl\u0259nm\u0259si \u00fc\u00e7\u00fcn i\u015fl\u0259nib haz\u0131rlanm\u0131\u015fd\u0131r. BASS \u00fcsulu f\u0131r\u00e7alama zaman\u0131 f\u0131r\u00e7an\u0131n x\u00fcsusi m\u00f6vqeyini n\u0259z\u0259rd\u0259 tutur - o, 45 d\u0259r\u0259c\u0259 bucaq alt\u0131nda tutulmal\u0131d\u0131r, h\u0259m\u00e7inin f\u0131r\u00e7a il\u0259 x\u00fcsusi h\u0259r\u0259k\u0259tl\u0259rin h\u0259yata ke\u00e7irilm\u0259si, h\u0259tta \u00e7\u0259tin \u0259ld\u0259 edil\u0259n yerl\u0259ri t\u0259mizl\u0259m\u0259y\u0259 imkan verir.<\/p>\n<p>T\u0259rkibi:\nTutacaq - kopoliester, TPE; t\u00fckc\u00fckl\u0259r-PBT.<\/p>\n<p><strong>\u00a0<\/strong><\/p>","protected":false},"featured_media":5805,"comment_status":"open","ping_status":"closed","template":"","meta":{"_eb_attr":"","site-sidebar-layout":"default","site-content-layout":"default","ast-site-content-layout":"default","site-content-style":"default","site-sidebar-style":"default","ast-global-header-display":"","ast-banner-title-visibility":"","ast-main-header-display":"","ast-hfb-above-header-display":"","ast-hfb-below-header-display":"","ast-hfb-mobile-header-display":"","site-post-title":"","ast-breadcrumbs-content":"","ast-featured-img":"","footer-sml-layout":"","ast-disable-related-posts":"","theme-transparent-header-meta":"default","adv-header-id-meta":"","stick-header-meta":"","header-above-stick-meta":"","header-main-stick-meta":"","header-below-stick-meta":"","astra-migrate-meta-layouts":"set","ast-page-background-enabled":"default","ast-page-background-meta":{"desktop":{"background-color":"var(--ast-global-color-4)","background-image":"","background-repeat":"repeat","background-position":"center center","background-size":"auto","background-attachment":"scroll","background-type":"","background-media":"","overlay-type":"","overlay-color":"","overlay-opacity":"","overlay-gradient":""},"tablet":{"background-color":"","background-image":"","background-repeat":"repeat","background-position":"center center","background-size":"auto","background-attachment":"scroll","background-type":"","background-media":"","overlay-type":"","overlay-color":"","overlay-opacity":"","overlay-gradient":""},"mobile":{"background-color":"","background-image":"","background-repeat":"repeat","background-position":"center center","background-size":"auto","background-attachment":"scroll","background-type":"","background-media":"","overlay-type":"","overlay-color":"","overlay-opacity":"","overlay-gradient":""}},"ast-content-background-meta":{"desktop":{"background-color":"var(--ast-global-color-5)","background-image":"","background-repeat":"repeat","background-position":"center center","background-size":"auto","background-attachment":"scroll","background-type":"","background-media":"","overlay-type":"","overlay-color":"","overlay-opacity":"","overlay-gradient":""},"tablet":{"background-color":"var(--ast-global-color-5)","background-image":"","background-repeat":"repeat","background-position":"center center","background-size":"auto","background-attachment":"scroll","background-type":"","background-media":"","overlay-type":"","overlay-color":"","overlay-opacity":"","overlay-gradient":""},"mobile":{"background-color":"var(--ast-global-color-5)","background-image":"","background-repeat":"repeat","background-position":"center center","background-size":"auto","background-attachment":"scroll","background-type":"","background-media":"","overlay-type":"","overlay-color":"","overlay-opacity":"","overlay-gradient":""}}},"product_brand":[85],"product_cat":[24,23,60],"product_tag":[],"class_list":{"0":"post-2496","1":"product","2":"type-product","3":"status-publish","4":"has-post-thumbnail","6":"product_brand-splat","7":"product_cat-24","8":"product_cat-23","9":"product_cat-60","10":"desktop-align-left","11":"tablet-align-left","12":"mobile-align-left","14":"first","15":"instock","16":"shipping-taxable","17":"purchasable","18":"product-type-simple"},"jetpack_sharing_enabled":true,"_links":{"self":[{"href":"https:\/\/zubochistka.az\/az\/wp-json\/wp\/v2\/product\/2496","targetHints":{"allow":["GET"]}}],"collection":[{"href":"https:\/\/zubochistka.az\/az\/wp-json\/wp\/v2\/product"}],"about":[{"href":"https:\/\/zubochistka.az\/az\/wp-json\/wp\/v2\/types\/product"}],"replies":[{"embeddable":true,"href":"https:\/\/zubochistka.az\/az\/wp-json\/wp\/v2\/comments?post=2496"}],"wp:featuredmedia":[{"embeddable":true,"href":"https:\/\/zubochistka.az\/az\/wp-json\/wp\/v2\/media\/5805"}],"wp:attachment":[{"href":"https:\/\/zubochistka.az\/az\/wp-json\/wp\/v2\/media?parent=2496"}],"wp:term":[{"taxonomy":"product_brand","embeddable":true,"href":"https:\/\/zubochistka.az\/az\/wp-json\/wp\/v2\/product_brand?post=2496"},{"taxonomy":"product_cat","embeddable":true,"href":"https:\/\/zubochistka.az\/az\/wp-json\/wp\/v2\/product_cat?post=2496"},{"taxonomy":"product_tag","embeddable":true,"href":"https:\/\/zubochistka.az\/az\/wp-json\/wp\/v2\/product_tag?post=2496"}],"curies":[{"name":"wp","href":"https:\/\/api.w.org\/{rel}","templated":true}]}}