{"id":2530,"date":"2022-04-05T10:12:14","date_gmt":"2022-04-05T10:12:14","guid":{"rendered":"https:\/\/zubochistka.az\/?post_type=product&#038;p=2530"},"modified":"2026-03-11T13:32:42","modified_gmt":"2026-03-11T09:32:42","slug":"%d0%bc%d1%8f%d1%82%d0%bd%d0%b0%d1%8f-%d0%b7%d1%83%d0%b1%d0%bd%d0%b0%d1%8f-%d0%bd%d0%b8%d1%82%d1%8c-splat-professional-dentalfloss-c-%d0%b2%d0%be%d0%bb%d0%be%d0%ba%d0%bd%d0%b0%d0%bc%d0%b8-%d1%81","status":"publish","type":"product","link":"https:\/\/zubochistka.az\/az\/product\/%d0%bc%d1%8f%d1%82%d0%bd%d0%b0%d1%8f-%d0%b7%d1%83%d0%b1%d0%bd%d0%b0%d1%8f-%d0%bd%d0%b8%d1%82%d1%8c-splat-professional-dentalfloss-c-%d0%b2%d0%be%d0%bb%d0%be%d0%ba%d0%bd%d0%b0%d0%bc%d0%b8-%d1%81\/","title":{"rendered":"Splat di\u015f sap\u0131 nan\u0259li."},"content":{"rendered":"","protected":false},"excerpt":{"rendered":"<p>S\u0131x di\u015faras\u0131 bo\u015fluqlar \u00fc\u00e7\u00fcn super inc\u0259 nan\u0259li di\u015f sap\u0131 (di\u015f ipi), 30 m<\/p>\n<p>G\u00fcm\u00fc\u015f lifl\u0259ri olan super nazik di\u015f sap\u0131 h\u0259tta s\u0131x di\u015fl\u0259rd\u0259 bel\u0259 \u00e7\u0259tin \u0259ld\u0259 edil\u0259n yerl\u0259r\u0259 n\u00fcfuz edir. Sap\u0131n qurulu\u015fu onun delaminasiyas\u0131na v\u0259 y\u0131rt\u0131lmas\u0131na mane olur v\u0259 g\u00fcm\u00fc\u015f ionlar\u0131 \u0259lav\u0259si il\u0259 antiseptik t\u0259sir g\u00f6st\u0259rir. Nan\u0259 ekstrakt\u0131 il\u0259 birlikd\u0259 yeddi inc\u0259 g\u00fcm\u00fc\u015f lifi ikiqat antibakterial t\u0259sir g\u00f6st\u0259rir v\u0259 bakteriyalar\u0131n b\u00f6y\u00fcm\u0259sin\u0259 mane\u0259 t\u00f6r\u0259dir (in vitro testl\u0259ri il\u0259 t\u0259sdiql\u0259nib). \u0130TALYA ISTEHSALI.<\/p>\n<h3>T\u0259rkibi:<\/h3>\n<p>Cera Microcristallina, Aroma**, Limonene, Linalool. Sap material\u0131: poliamid (neylon), g\u00fcm\u00fc\u015f.T\u0259bii nan\u0259 ya\u011f\u0131 \u0259sas\u0131nda <span class=\"Y2IQFc\" lang=\"ru\">\u041d\u0430 \u043e\u0441\u043d\u043e\u0432\u0435 \u043d\u0430\u0442\u0443\u0440\u0430\u043b\u044c\u043d\u043e\u0433\u043e \u043c\u0430\u0441\u043b\u0430 \u043c\u044f\u0442\u044b <\/span><\/p>","protected":false},"featured_media":5813,"comment_status":"open","ping_status":"closed","template":"","meta":{"_eb_attr":"","site-sidebar-layout":"default","site-content-layout":"default","ast-site-content-layout":"default","site-content-style":"default","site-sidebar-style":"default","ast-global-header-display":"","ast-banner-title-visibility":"","ast-main-header-display":"","ast-hfb-above-header-display":"","ast-hfb-below-header-display":"","ast-hfb-mobile-header-display":"","site-post-title":"","ast-breadcrumbs-content":"","ast-featured-img":"","footer-sml-layout":"","ast-disable-related-posts":"","theme-transparent-header-meta":"default","adv-header-id-meta":"","stick-header-meta":"","header-above-stick-meta":"","header-main-stick-meta":"","header-below-stick-meta":"","astra-migrate-meta-layouts":"set","ast-page-background-enabled":"default","ast-page-background-meta":{"desktop":{"background-color":"var(--ast-global-color-4)","background-image":"","background-repeat":"repeat","background-position":"center center","background-size":"auto","background-attachment":"scroll","background-type":"","background-media":"","overlay-type":"","overlay-color":"","overlay-opacity":"","overlay-gradient":""},"tablet":{"background-color":"","background-image":"","background-repeat":"repeat","background-position":"center center","background-size":"auto","background-attachment":"scroll","background-type":"","background-media":"","overlay-type":"","overlay-color":"","overlay-opacity":"","overlay-gradient":""},"mobile":{"background-color":"","background-image":"","background-repeat":"repeat","background-position":"center center","background-size":"auto","background-attachment":"scroll","background-type":"","background-media":"","overlay-type":"","overlay-color":"","overlay-opacity":"","overlay-gradient":""}},"ast-content-background-meta":{"desktop":{"background-color":"var(--ast-global-color-5)","background-image":"","background-repeat":"repeat","background-position":"center center","background-size":"auto","background-attachment":"scroll","background-type":"","background-media":"","overlay-type":"","overlay-color":"","overlay-opacity":"","overlay-gradient":""},"tablet":{"background-color":"var(--ast-global-color-5)","background-image":"","background-repeat":"repeat","background-position":"center center","background-size":"auto","background-attachment":"scroll","background-type":"","background-media":"","overlay-type":"","overlay-color":"","overlay-opacity":"","overlay-gradient":""},"mobile":{"background-color":"var(--ast-global-color-5)","background-image":"","background-repeat":"repeat","background-position":"center center","background-size":"auto","background-attachment":"scroll","background-type":"","background-media":"","overlay-type":"","overlay-color":"","overlay-opacity":"","overlay-gradient":""}}},"product_brand":[85],"product_cat":[30],"product_tag":[],"class_list":{"0":"post-2530","1":"product","2":"type-product","3":"status-publish","4":"has-post-thumbnail","6":"product_brand-splat","7":"product_cat-30","8":"desktop-align-left","9":"tablet-align-left","10":"mobile-align-left","12":"first","13":"instock","14":"shipping-taxable","15":"purchasable","16":"product-type-simple"},"jetpack_sharing_enabled":true,"_links":{"self":[{"href":"https:\/\/zubochistka.az\/az\/wp-json\/wp\/v2\/product\/2530","targetHints":{"allow":["GET"]}}],"collection":[{"href":"https:\/\/zubochistka.az\/az\/wp-json\/wp\/v2\/product"}],"about":[{"href":"https:\/\/zubochistka.az\/az\/wp-json\/wp\/v2\/types\/product"}],"replies":[{"embeddable":true,"href":"https:\/\/zubochistka.az\/az\/wp-json\/wp\/v2\/comments?post=2530"}],"wp:featuredmedia":[{"embeddable":true,"href":"https:\/\/zubochistka.az\/az\/wp-json\/wp\/v2\/media\/5813"}],"wp:attachment":[{"href":"https:\/\/zubochistka.az\/az\/wp-json\/wp\/v2\/media?parent=2530"}],"wp:term":[{"taxonomy":"product_brand","embeddable":true,"href":"https:\/\/zubochistka.az\/az\/wp-json\/wp\/v2\/product_brand?post=2530"},{"taxonomy":"product_cat","embeddable":true,"href":"https:\/\/zubochistka.az\/az\/wp-json\/wp\/v2\/product_cat?post=2530"},{"taxonomy":"product_tag","embeddable":true,"href":"https:\/\/zubochistka.az\/az\/wp-json\/wp\/v2\/product_tag?post=2530"}],"curies":[{"name":"wp","href":"https:\/\/api.w.org\/{rel}","templated":true}]}}