{"id":2532,"date":"2022-04-05T10:21:37","date_gmt":"2022-04-05T10:21:37","guid":{"rendered":"https:\/\/zubochistka.az\/?post_type=product&#038;p=2532"},"modified":"2026-03-11T13:28:06","modified_gmt":"2026-03-11T09:28:06","slug":"2532","status":"publish","type":"product","link":"https:\/\/zubochistka.az\/az\/product\/2532\/","title":{"rendered":"SPLAT\u00ae H\u0259cmli \u00e7iy\u0259l\u0259k di\u015f sap\u0131"},"content":{"rendered":"","protected":false},"excerpt":{"rendered":"<p>Kompleks a\u011f\u0131z bax\u0131m\u0131 \u00fc\u00e7\u00fcn di\u015f sap\u0131 , 30 m<\/p>\n<p>H\u0259cmli di\u015f sap\u0131 \u00f6z\u00fcn\u0259m\u0259xsus qurulu\u015fu say\u0259sind\u0259 di\u015fl\u0259rin yan s\u0259thl\u0259rinin h\u0259rt\u0259r\u0259fli t\u0259mizl\u0259nm\u0259sini t\u0259min edir. Sapdan istifad\u0259 prosesind\u0259 onun lifl\u0259ri t\u00fckl\u0259ri \u015fi\u015fir, bu da mezotibulyar bo\u015fluqlar\u0131n daha effektiv t\u0259mizl\u0259nm\u0259sin\u0259 z\u0259man\u0259t verir. Sap\u0131n t\u0259rkibind\u0259ki Biosol komponenti karies\u0259 qar\u015f\u0131 t\u0259sir g\u00f6st\u0259rir.<\/p>\n<h3>T\u0259rkibi:<\/h3>\n<p>Cera Microcristallina, Aroma, o-Cymen-5-ol, D-Limonene. Sap material\u0131: polyester<\/p>","protected":false},"featured_media":5814,"comment_status":"open","ping_status":"closed","template":"","meta":{"_eb_attr":"","site-sidebar-layout":"default","site-content-layout":"default","ast-site-content-layout":"default","site-content-style":"default","site-sidebar-style":"default","ast-global-header-display":"","ast-banner-title-visibility":"","ast-main-header-display":"","ast-hfb-above-header-display":"","ast-hfb-below-header-display":"","ast-hfb-mobile-header-display":"","site-post-title":"","ast-breadcrumbs-content":"","ast-featured-img":"","footer-sml-layout":"","ast-disable-related-posts":"","theme-transparent-header-meta":"default","adv-header-id-meta":"","stick-header-meta":"","header-above-stick-meta":"","header-main-stick-meta":"","header-below-stick-meta":"","astra-migrate-meta-layouts":"set","ast-page-background-enabled":"default","ast-page-background-meta":{"desktop":{"background-color":"var(--ast-global-color-4)","background-image":"","background-repeat":"repeat","background-position":"center center","background-size":"auto","background-attachment":"scroll","background-type":"","background-media":"","overlay-type":"","overlay-color":"","overlay-opacity":"","overlay-gradient":""},"tablet":{"background-color":"","background-image":"","background-repeat":"repeat","background-position":"center center","background-size":"auto","background-attachment":"scroll","background-type":"","background-media":"","overlay-type":"","overlay-color":"","overlay-opacity":"","overlay-gradient":""},"mobile":{"background-color":"","background-image":"","background-repeat":"repeat","background-position":"center center","background-size":"auto","background-attachment":"scroll","background-type":"","background-media":"","overlay-type":"","overlay-color":"","overlay-opacity":"","overlay-gradient":""}},"ast-content-background-meta":{"desktop":{"background-color":"var(--ast-global-color-5)","background-image":"","background-repeat":"repeat","background-position":"center center","background-size":"auto","background-attachment":"scroll","background-type":"","background-media":"","overlay-type":"","overlay-color":"","overlay-opacity":"","overlay-gradient":""},"tablet":{"background-color":"var(--ast-global-color-5)","background-image":"","background-repeat":"repeat","background-position":"center center","background-size":"auto","background-attachment":"scroll","background-type":"","background-media":"","overlay-type":"","overlay-color":"","overlay-opacity":"","overlay-gradient":""},"mobile":{"background-color":"var(--ast-global-color-5)","background-image":"","background-repeat":"repeat","background-position":"center center","background-size":"auto","background-attachment":"scroll","background-type":"","background-media":"","overlay-type":"","overlay-color":"","overlay-opacity":"","overlay-gradient":""}}},"product_brand":[85],"product_cat":[30],"product_tag":[],"class_list":{"0":"post-2532","1":"product","2":"type-product","3":"status-publish","4":"has-post-thumbnail","6":"product_brand-splat","7":"product_cat-30","8":"desktop-align-left","9":"tablet-align-left","10":"mobile-align-left","12":"first","13":"instock","14":"shipping-taxable","15":"purchasable","16":"product-type-simple"},"jetpack_sharing_enabled":true,"_links":{"self":[{"href":"https:\/\/zubochistka.az\/az\/wp-json\/wp\/v2\/product\/2532","targetHints":{"allow":["GET"]}}],"collection":[{"href":"https:\/\/zubochistka.az\/az\/wp-json\/wp\/v2\/product"}],"about":[{"href":"https:\/\/zubochistka.az\/az\/wp-json\/wp\/v2\/types\/product"}],"replies":[{"embeddable":true,"href":"https:\/\/zubochistka.az\/az\/wp-json\/wp\/v2\/comments?post=2532"}],"wp:featuredmedia":[{"embeddable":true,"href":"https:\/\/zubochistka.az\/az\/wp-json\/wp\/v2\/media\/5814"}],"wp:attachment":[{"href":"https:\/\/zubochistka.az\/az\/wp-json\/wp\/v2\/media?parent=2532"}],"wp:term":[{"taxonomy":"product_brand","embeddable":true,"href":"https:\/\/zubochistka.az\/az\/wp-json\/wp\/v2\/product_brand?post=2532"},{"taxonomy":"product_cat","embeddable":true,"href":"https:\/\/zubochistka.az\/az\/wp-json\/wp\/v2\/product_cat?post=2532"},{"taxonomy":"product_tag","embeddable":true,"href":"https:\/\/zubochistka.az\/az\/wp-json\/wp\/v2\/product_tag?post=2532"}],"curies":[{"name":"wp","href":"https:\/\/api.w.org\/{rel}","templated":true}]}}