{"id":2535,"date":"2022-04-05T10:35:25","date_gmt":"2022-04-05T10:35:25","guid":{"rendered":"https:\/\/zubochistka.az\/?post_type=product&#038;p=2535"},"modified":"2026-03-11T13:28:04","modified_gmt":"2026-03-11T09:28:04","slug":"%d0%be%d0%b1%d1%8a%d0%b5%d0%bc%d0%bd%d0%b0%d1%8f-%d0%b7%d1%83%d0%b1%d0%bd%d0%b0%d1%8f-%d0%bd%d0%b8%d1%82%d1%8c-splat-professional-dentalfloss-%d1%81-%d0%b0%d1%80%d0%be%d0%bc%d0%b0%d1%82%d0%be","status":"publish","type":"product","link":"https:\/\/zubochistka.az\/az\/product\/%d0%be%d0%b1%d1%8a%d0%b5%d0%bc%d0%bd%d0%b0%d1%8f-%d0%b7%d1%83%d0%b1%d0%bd%d0%b0%d1%8f-%d0%bd%d0%b8%d1%82%d1%8c-splat-professional-dentalfloss-%d1%81-%d0%b0%d1%80%d0%be%d0%bc%d0%b0%d1%82%d0%be\/","title":{"rendered":"SPLAT Berqamot v\u0259 laym di\u015f sap\u0131"},"content":{"rendered":"","protected":false},"excerpt":{"rendered":"<p>T\u0259rav\u0259tl\u0259ndirici v\u0259 tonlay\u0131c\u0131 di\u015f sap\u0131 (floss), 30 m<\/p>\n<p>Berqamot Laym Di\u015f sap\u0131 bakterial t\u0259b\u0259q\u0259nin alt\u0131na n\u00fcfuz ed\u0259r\u0259k di\u015f \u0259tin\u0259 z\u0259r\u0259r verm\u0259d\u0259n yum\u015faq antibakterial t\u0259sir g\u00f6st\u0259rir. Unikal qurulu\u015fu say\u0259sind\u0259 di\u015fl\u0259rin yan s\u0259thl\u0259rinin h\u0259rt\u0259r\u0259fli t\u0259mizl\u0259nm\u0259sini t\u0259min edir. Sap\u0131n t\u0259rkibind\u0259ki Biosol komponenti kariyes\u0259 qar\u015f\u0131 t\u0259sir g\u00f6st\u0259rir.<\/p>\n<h3>T\u0259rkibi:<\/h3>\n<p>Cera Microcristallina, Aroma, D-Limonene, Linalool, o-Cymen-5-ol, Benzil Benzoat. Sap material\u0131: polyester<\/p>\n<p>&nbsp;<\/p>","protected":false},"featured_media":5815,"comment_status":"open","ping_status":"closed","template":"","meta":{"_eb_attr":"","site-sidebar-layout":"default","site-content-layout":"default","ast-site-content-layout":"default","site-content-style":"default","site-sidebar-style":"default","ast-global-header-display":"","ast-banner-title-visibility":"","ast-main-header-display":"","ast-hfb-above-header-display":"","ast-hfb-below-header-display":"","ast-hfb-mobile-header-display":"","site-post-title":"","ast-breadcrumbs-content":"","ast-featured-img":"","footer-sml-layout":"","ast-disable-related-posts":"","theme-transparent-header-meta":"default","adv-header-id-meta":"","stick-header-meta":"","header-above-stick-meta":"","header-main-stick-meta":"","header-below-stick-meta":"","astra-migrate-meta-layouts":"set","ast-page-background-enabled":"default","ast-page-background-meta":{"desktop":{"background-color":"var(--ast-global-color-4)","background-image":"","background-repeat":"repeat","background-position":"center center","background-size":"auto","background-attachment":"scroll","background-type":"","background-media":"","overlay-type":"","overlay-color":"","overlay-opacity":"","overlay-gradient":""},"tablet":{"background-color":"","background-image":"","background-repeat":"repeat","background-position":"center center","background-size":"auto","background-attachment":"scroll","background-type":"","background-media":"","overlay-type":"","overlay-color":"","overlay-opacity":"","overlay-gradient":""},"mobile":{"background-color":"","background-image":"","background-repeat":"repeat","background-position":"center center","background-size":"auto","background-attachment":"scroll","background-type":"","background-media":"","overlay-type":"","overlay-color":"","overlay-opacity":"","overlay-gradient":""}},"ast-content-background-meta":{"desktop":{"background-color":"var(--ast-global-color-5)","background-image":"","background-repeat":"repeat","background-position":"center center","background-size":"auto","background-attachment":"scroll","background-type":"","background-media":"","overlay-type":"","overlay-color":"","overlay-opacity":"","overlay-gradient":""},"tablet":{"background-color":"var(--ast-global-color-5)","background-image":"","background-repeat":"repeat","background-position":"center center","background-size":"auto","background-attachment":"scroll","background-type":"","background-media":"","overlay-type":"","overlay-color":"","overlay-opacity":"","overlay-gradient":""},"mobile":{"background-color":"var(--ast-global-color-5)","background-image":"","background-repeat":"repeat","background-position":"center center","background-size":"auto","background-attachment":"scroll","background-type":"","background-media":"","overlay-type":"","overlay-color":"","overlay-opacity":"","overlay-gradient":""}}},"product_brand":[85],"product_cat":[30],"product_tag":[],"class_list":{"0":"post-2535","1":"product","2":"type-product","3":"status-publish","4":"has-post-thumbnail","6":"product_brand-splat","7":"product_cat-30","8":"desktop-align-left","9":"tablet-align-left","10":"mobile-align-left","12":"first","13":"instock","14":"shipping-taxable","15":"purchasable","16":"product-type-simple"},"jetpack_sharing_enabled":true,"_links":{"self":[{"href":"https:\/\/zubochistka.az\/az\/wp-json\/wp\/v2\/product\/2535","targetHints":{"allow":["GET"]}}],"collection":[{"href":"https:\/\/zubochistka.az\/az\/wp-json\/wp\/v2\/product"}],"about":[{"href":"https:\/\/zubochistka.az\/az\/wp-json\/wp\/v2\/types\/product"}],"replies":[{"embeddable":true,"href":"https:\/\/zubochistka.az\/az\/wp-json\/wp\/v2\/comments?post=2535"}],"wp:featuredmedia":[{"embeddable":true,"href":"https:\/\/zubochistka.az\/az\/wp-json\/wp\/v2\/media\/5815"}],"wp:attachment":[{"href":"https:\/\/zubochistka.az\/az\/wp-json\/wp\/v2\/media?parent=2535"}],"wp:term":[{"taxonomy":"product_brand","embeddable":true,"href":"https:\/\/zubochistka.az\/az\/wp-json\/wp\/v2\/product_brand?post=2535"},{"taxonomy":"product_cat","embeddable":true,"href":"https:\/\/zubochistka.az\/az\/wp-json\/wp\/v2\/product_cat?post=2535"},{"taxonomy":"product_tag","embeddable":true,"href":"https:\/\/zubochistka.az\/az\/wp-json\/wp\/v2\/product_tag?post=2535"}],"curies":[{"name":"wp","href":"https:\/\/api.w.org\/{rel}","templated":true}]}}