{"id":2577,"date":"2022-04-11T09:43:46","date_gmt":"2022-04-11T05:43:46","guid":{"rendered":"https:\/\/zubochistka.az\/?post_type=product&#038;p=2577"},"modified":"2025-02-07T16:20:35","modified_gmt":"2025-02-07T12:20:35","slug":"oral-b-vitaly-100-3d-white-%d1%80%d0%be%d0%b7%d0%be%d0%b2%d1%8b%d0%b9","status":"publish","type":"product","link":"https:\/\/zubochistka.az\/az\/product\/oral-b-vitaly-100-3d-white-%d1%80%d0%be%d0%b7%d0%be%d0%b2%d1%8b%d0%b9\/","title":{"rendered":"Oral-B Vitaly 100 3D White \u00c7\u0259hray\u0131"},"content":{"rendered":"","protected":false},"excerpt":{"rendered":"<p>Oral-B Vitality D100 elektrikli di\u015f f\u0131r\u00e7as\u0131 il\u0259 g\u00fcnd\u0259lik di\u015f bax\u0131m\u0131 daha da t\u0259sirli olur. Elektrikli di\u015f f\u0131r\u00e7as\u0131 yuvarlaq ba\u015fl\u0131\u011f\u0131 v\u0259 qar\u015f\u0131l\u0131ql\u0131 h\u0259r\u0259k\u0259ti say\u0259sind\u0259 adi \u0259l di\u015f f\u0131r\u00e7as\u0131ndan daha \u00e7ox \u0259rp t\u0259mizl\u0259yir. 3D White yuvarlaq f\u0131r\u00e7a ba\u015fl\u0131\u011f\u0131 m\u0259rk\u0259zd\u0259 cilalay\u0131c\u0131 fincan il\u0259 h\u0259rt\u0259r\u0259fli t\u0259mizl\u0259m\u0259 v\u0259 a\u011fartmaq \u00fc\u00e7\u00fcn h\u0259r bir di\u015fin \u0259traf\u0131na sar\u0131l\u0131r. Modelin funksional x\u00fcsusiyy\u0259tl\u0259ri: - t\u0259mizlik zonalar\u0131n\u0131n d\u0259yi\u015fdirilm\u0259si bar\u0259d\u0259 bildiri\u015fl\u0259 qura\u015fd\u0131r\u0131lm\u0131\u015f iki d\u0259qiq\u0259lik vibrasiya taymeri (4 X 30 saniy\u0259);<br \/>\n- ba\u015fl\u0131q d\u0259qiq\u0259d\u0259 7600 qar\u015f\u0131l\u0131ql\u0131 f\u0131rlanma edir;<br \/>\n- 3D White uc 1-ci g\u00fcnd\u0259n mina qat\u0131n\u0131n saralmas\u0131n\u0131 aradan qald\u0131raraq di\u015fl\u0259ri a\u011fard\u0131r;<br \/>\n- suya davaml\u0131 ;<br \/>\n- doldurulan di\u015f f\u0131r\u00e7as\u0131 Oral-B 8 g\u00fcn\u0259 q\u0259d\u0259r doldurulmadan i\u015fl\u0259y\u0259 bilir;<br \/>\n- g\u00fcnd\u0259lik f\u0131r\u00e7alama rejimi di\u015fl\u0259r\u0259 v\u0259 di\u015f \u0259tl\u0259rin\u0259 h\u0259rt\u0259r\u0259fli qulluq etm\u0259y\u0259 k\u00f6m\u0259k edir.<br \/>\nDaxildir: 1 \u0259d\u0259d f\u0131r\u00e7a tutaca\u011f\u0131, 1 \u0259d\u0259d f\u0131r\u00e7a ba\u015fl\u0131\u011f\u0131<\/p>","protected":false},"featured_media":5817,"comment_status":"open","ping_status":"closed","template":"","meta":{"_eb_attr":"","site-sidebar-layout":"default","site-content-layout":"default","ast-site-content-layout":"default","site-content-style":"default","site-sidebar-style":"default","ast-global-header-display":"","ast-banner-title-visibility":"","ast-main-header-display":"","ast-hfb-above-header-display":"","ast-hfb-below-header-display":"","ast-hfb-mobile-header-display":"","site-post-title":"","ast-breadcrumbs-content":"","ast-featured-img":"","footer-sml-layout":"","ast-disable-related-posts":"","theme-transparent-header-meta":"default","adv-header-id-meta":"","stick-header-meta":"","header-above-stick-meta":"","header-main-stick-meta":"","header-below-stick-meta":"","astra-migrate-meta-layouts":"set","ast-page-background-enabled":"default","ast-page-background-meta":{"desktop":{"background-color":"var(--ast-global-color-4)","background-image":"","background-repeat":"repeat","background-position":"center center","background-size":"auto","background-attachment":"scroll","background-type":"","background-media":"","overlay-type":"","overlay-color":"","overlay-opacity":"","overlay-gradient":""},"tablet":{"background-color":"","background-image":"","background-repeat":"repeat","background-position":"center center","background-size":"auto","background-attachment":"scroll","background-type":"","background-media":"","overlay-type":"","overlay-color":"","overlay-opacity":"","overlay-gradient":""},"mobile":{"background-color":"","background-image":"","background-repeat":"repeat","background-position":"center center","background-size":"auto","background-attachment":"scroll","background-type":"","background-media":"","overlay-type":"","overlay-color":"","overlay-opacity":"","overlay-gradient":""}},"ast-content-background-meta":{"desktop":{"background-color":"var(--ast-global-color-5)","background-image":"","background-repeat":"repeat","background-position":"center center","background-size":"auto","background-attachment":"scroll","background-type":"","background-media":"","overlay-type":"","overlay-color":"","overlay-opacity":"","overlay-gradient":""},"tablet":{"background-color":"var(--ast-global-color-5)","background-image":"","background-repeat":"repeat","background-position":"center center","background-size":"auto","background-attachment":"scroll","background-type":"","background-media":"","overlay-type":"","overlay-color":"","overlay-opacity":"","overlay-gradient":""},"mobile":{"background-color":"var(--ast-global-color-5)","background-image":"","background-repeat":"repeat","background-position":"center center","background-size":"auto","background-attachment":"scroll","background-type":"","background-media":"","overlay-type":"","overlay-color":"","overlay-opacity":"","overlay-gradient":""}}},"product_brand":[83],"product_cat":[23,61],"product_tag":[],"class_list":{"0":"post-2577","1":"product","2":"type-product","3":"status-publish","4":"has-post-thumbnail","6":"product_brand-oral-b","7":"product_cat-23","8":"product_cat-61","9":"desktop-align-left","10":"tablet-align-left","11":"mobile-align-left","13":"first","14":"outofstock","15":"shipping-taxable","16":"purchasable","17":"product-type-simple"},"jetpack_sharing_enabled":true,"_links":{"self":[{"href":"https:\/\/zubochistka.az\/az\/wp-json\/wp\/v2\/product\/2577","targetHints":{"allow":["GET"]}}],"collection":[{"href":"https:\/\/zubochistka.az\/az\/wp-json\/wp\/v2\/product"}],"about":[{"href":"https:\/\/zubochistka.az\/az\/wp-json\/wp\/v2\/types\/product"}],"replies":[{"embeddable":true,"href":"https:\/\/zubochistka.az\/az\/wp-json\/wp\/v2\/comments?post=2577"}],"wp:featuredmedia":[{"embeddable":true,"href":"https:\/\/zubochistka.az\/az\/wp-json\/wp\/v2\/media\/5817"}],"wp:attachment":[{"href":"https:\/\/zubochistka.az\/az\/wp-json\/wp\/v2\/media?parent=2577"}],"wp:term":[{"taxonomy":"product_brand","embeddable":true,"href":"https:\/\/zubochistka.az\/az\/wp-json\/wp\/v2\/product_brand?post=2577"},{"taxonomy":"product_cat","embeddable":true,"href":"https:\/\/zubochistka.az\/az\/wp-json\/wp\/v2\/product_cat?post=2577"},{"taxonomy":"product_tag","embeddable":true,"href":"https:\/\/zubochistka.az\/az\/wp-json\/wp\/v2\/product_tag?post=2577"}],"curies":[{"name":"wp","href":"https:\/\/api.w.org\/{rel}","templated":true}]}}