{"id":2664,"date":"2022-04-12T22:26:39","date_gmt":"2022-04-12T22:26:39","guid":{"rendered":"https:\/\/zubochistka.az\/?post_type=product&#038;p=2664"},"modified":"2025-02-07T16:14:11","modified_gmt":"2025-02-07T12:14:11","slug":"%d0%be%d0%bf%d0%be%d0%bb%d0%b0%d1%81%d0%ba%d0%b8%d0%b2%d0%b0%d1%82%d0%b5%d0%bb%d1%8c-%d0%bf%d0%be%d0%bb%d0%be%d1%81%d1%82%d0%b8-%d1%80%d1%82%d0%b0-%d1%81-curasept-ads-perio-chx-0-12-%d1%81%d0%b8","status":"publish","type":"product","link":"https:\/\/zubochistka.az\/az\/product\/%d0%be%d0%bf%d0%be%d0%bb%d0%b0%d1%81%d0%ba%d0%b8%d0%b2%d0%b0%d1%82%d0%b5%d0%bb%d1%8c-%d0%bf%d0%be%d0%bb%d0%be%d1%81%d1%82%d0%b8-%d1%80%d1%82%d0%b0-%d1%81-curasept-ads-perio-chx-0-12-%d1%81%d0%b8\/","title":{"rendered":"CURASEPT ADS PERIO CHX 0,12% + ADS sistemi PVP-VA v\u0259 hialuron tur\u015fusu il\u0259 birlikd\u0259 a\u011f\u0131z yaxalay\u0131c\u0131s\u0131"},"content":{"rendered":"","protected":false},"excerpt":{"rendered":"<p>Qoruyucu bir lentin yaranmas\u0131i toxumalar\u0131n sa\u011falmas\u0131n\u0131 v\u0259 b\u0259rpas\u0131n\u0131 t\u0259min edir.<\/p>\n<p class=\"translation-block\">Xlorheksidin N\u018fD\u0130R?<br>\nXlorheksidin h\u0259l\u0259 d\u0259 \u0259n t\u0259sirli oral antiseptik hesab olunur. \u00dcst\u0259lik, s\u0259nayed\u0259 q\u0131z\u0131l standart hesab olunur.<\/p>\n<p class=\"translation-block\">Curasept ADS-d\u0259 ADS sistemi N\u018fD\u0130R? <br>\nADS\u00ae Sistemi xlorheksidin (CHX) t\u0259tbiqi zaman\u0131 l\u0259k\u0259l\u0259rin \u0259m\u0259l\u0259 g\u0259lm\u0259sind\u0259n m\u0259sul olan iki \u0259sas reaksiyaya t\u0259sir g\u00f6st\u0259r\u0259 bil\u0259n Anti-Provisioning System dem\u0259kdir. Maillard reaksiyas\u0131 v\u0259 z\u00fclal\u0131n denaturasiyas\u0131 prosesi.<\/p>\n<p><strong>Di\u015f h\u0259kiml\u0259ri bunu n\u0259 vaxt t\u00f6vsiy\u0259 edir?<\/strong><\/p>\n<p>Gingivitin qar\u015f\u0131s\u0131n\u0131n al\u0131nmas\u0131, di\u015f \u0259tinin iltihab\u0131, periodontit, periimplantitin m\u00fcalic\u0259si v\u0259 c\u0259rrahi m\u00fcalic\u0259d\u0259n \u0259vv\u0259l v\u0259 sonra. B\u0259zi x\u0259st\u0259l\u0259r xlorheksidin qarqaralar\u0131 istifad\u0259 etm\u0259yi sevmirl\u0259r, \u00e7\u00fcnki bu, di\u015fl\u0259rd\u0259 l\u0259k\u0259l\u0259r\u0259 s\u0259b\u0259b ola bil\u0259r. Curasept ADS il\u0259 bu ba\u015f vermir.<\/p>\n<p><strong>Faydalar\u0131 n\u0259l\u0259rdir?<\/strong><\/p>\n<ul>\n<li>Di\u015fl\u0259rinizin a\u011farmas\u0131n\u0131 t\u0259min ed\u0259n ilk xlorheksidin.<\/li>\n<li>Kliniki c\u0259h\u0259td\u0259n s\u00fcbut edilmi\u015f effektivlik. Son t\u0259dqiqatlar ADS-in effektivliyini t\u0259sdiql\u0259yir. Xlorheksidin + ADS b\u00fct\u00fcn d\u00fcnyada m\u00fcxt\u0259lif t\u0259limatlarda t\u00f6vsiy\u0259 olunur.<\/li>\n<li>ALKOQOL YOXDUR. Alkoqolun olmamas\u0131 a\u011fr\u0131lar\u0131, selikli qi\u015fan\u0131n susuzlu\u011funu v\u0259 durulama zaman\u0131 q\u0131c\u0131qlanman\u0131 azald\u0131r.<\/li>\n<li>Uzunm\u00fcdd\u0259tli istifad\u0259 \u00fc\u00e7\u00fcn tam t\u0259hl\u00fck\u0259sizlik v\u0259 \u00e7ox y\u00f6nl\u00fcl\u00fck<\/li>\n<li>Konsentrasiyadan as\u0131l\u0131 olaraq uzunm\u00fcdd\u0259tli m\u00fcalic\u0259 \u00fc\u00e7\u00fcn istifad\u0259 oluna bil\u0259r.<\/li>\n<\/ul>\n<p>ALKOQOL YOXDUR<\/p>","protected":false},"featured_media":5824,"comment_status":"open","ping_status":"closed","template":"","meta":{"_eb_attr":"","site-sidebar-layout":"default","site-content-layout":"default","ast-site-content-layout":"default","site-content-style":"default","site-sidebar-style":"default","ast-global-header-display":"","ast-banner-title-visibility":"","ast-main-header-display":"","ast-hfb-above-header-display":"","ast-hfb-below-header-display":"","ast-hfb-mobile-header-display":"","site-post-title":"","ast-breadcrumbs-content":"","ast-featured-img":"","footer-sml-layout":"","theme-transparent-header-meta":"default","adv-header-id-meta":"","stick-header-meta":"","header-above-stick-meta":"","header-main-stick-meta":"","header-below-stick-meta":"","astra-migrate-meta-layouts":"set","ast-page-background-enabled":"default","ast-page-background-meta":{"desktop":{"background-color":"var(--ast-global-color-4)","background-image":"","background-repeat":"repeat","background-position":"center center","background-size":"auto","background-attachment":"scroll","background-type":"","background-media":"","overlay-type":"","overlay-color":"","overlay-opacity":"","overlay-gradient":""},"tablet":{"background-color":"","background-image":"","background-repeat":"repeat","background-position":"center center","background-size":"auto","background-attachment":"scroll","background-type":"","background-media":"","overlay-type":"","overlay-color":"","overlay-opacity":"","overlay-gradient":""},"mobile":{"background-color":"","background-image":"","background-repeat":"repeat","background-position":"center center","background-size":"auto","background-attachment":"scroll","background-type":"","background-media":"","overlay-type":"","overlay-color":"","overlay-opacity":"","overlay-gradient":""}},"ast-content-background-meta":{"desktop":{"background-color":"var(--ast-global-color-5)","background-image":"","background-repeat":"repeat","background-position":"center center","background-size":"auto","background-attachment":"scroll","background-type":"","background-media":"","overlay-type":"","overlay-color":"","overlay-opacity":"","overlay-gradient":""},"tablet":{"background-color":"var(--ast-global-color-5)","background-image":"","background-repeat":"repeat","background-position":"center center","background-size":"auto","background-attachment":"scroll","background-type":"","background-media":"","overlay-type":"","overlay-color":"","overlay-opacity":"","overlay-gradient":""},"mobile":{"background-color":"var(--ast-global-color-5)","background-image":"","background-repeat":"repeat","background-position":"center center","background-size":"auto","background-attachment":"scroll","background-type":"","background-media":"","overlay-type":"","overlay-color":"","overlay-opacity":"","overlay-gradient":""}}},"product_brand":[74],"product_cat":[42,29],"product_tag":[],"class_list":{"0":"post-2664","1":"product","2":"type-product","3":"status-publish","4":"has-post-thumbnail","6":"product_brand-curasept","7":"product_cat-42","8":"product_cat-29","9":"desktop-align-left","10":"tablet-align-left","11":"mobile-align-left","13":"first","14":"outofstock","15":"shipping-taxable","16":"purchasable","17":"product-type-simple"},"jetpack_sharing_enabled":true,"_links":{"self":[{"href":"https:\/\/zubochistka.az\/az\/wp-json\/wp\/v2\/product\/2664","targetHints":{"allow":["GET"]}}],"collection":[{"href":"https:\/\/zubochistka.az\/az\/wp-json\/wp\/v2\/product"}],"about":[{"href":"https:\/\/zubochistka.az\/az\/wp-json\/wp\/v2\/types\/product"}],"replies":[{"embeddable":true,"href":"https:\/\/zubochistka.az\/az\/wp-json\/wp\/v2\/comments?post=2664"}],"wp:featuredmedia":[{"embeddable":true,"href":"https:\/\/zubochistka.az\/az\/wp-json\/wp\/v2\/media\/5824"}],"wp:attachment":[{"href":"https:\/\/zubochistka.az\/az\/wp-json\/wp\/v2\/media?parent=2664"}],"wp:term":[{"taxonomy":"product_brand","embeddable":true,"href":"https:\/\/zubochistka.az\/az\/wp-json\/wp\/v2\/product_brand?post=2664"},{"taxonomy":"product_cat","embeddable":true,"href":"https:\/\/zubochistka.az\/az\/wp-json\/wp\/v2\/product_cat?post=2664"},{"taxonomy":"product_tag","embeddable":true,"href":"https:\/\/zubochistka.az\/az\/wp-json\/wp\/v2\/product_tag?post=2664"}],"curies":[{"name":"wp","href":"https:\/\/api.w.org\/{rel}","templated":true}]}}