{"id":2670,"date":"2022-04-12T22:47:52","date_gmt":"2022-04-12T22:47:52","guid":{"rendered":"https:\/\/zubochistka.az\/?post_type=product&#038;p=2670"},"modified":"2025-08-19T12:46:22","modified_gmt":"2025-08-19T08:46:22","slug":"curasept-ads-020-astrigent-%d1%81-%d0%b3%d0%b0%d0%bc%d0%b0%d0%bc%d0%b5%d0%bb%d0%b8%d1%81%d0%be%d0%bc-%d0%b2%d0%b8%d1%80%d0%b3%d0%b8%d0%bd%d1%81%d0%ba%d0%b8%d0%bc","status":"publish","type":"product","link":"https:\/\/zubochistka.az\/az\/product\/curasept-ads-020-astrigent-%d1%81-%d0%b3%d0%b0%d0%bc%d0%b0%d0%bc%d0%b5%d0%bb%d0%b8%d1%81%d0%be%d0%bc-%d0%b2%d0%b8%d1%80%d0%b3%d0%b8%d0%bd%d1%81%d0%ba%d0%b8%d0%bc\/","title":{"rendered":"Curasept ADS 020 ASTRINGENT \u0441 \u0433\u0430\u043c\u0430\u043c\u0435\u043b\u0438\u0441\u043e\u043c \u0432\u0438\u0440\u0433\u0438\u043d\u0441\u043a\u0438\u043c"},"content":{"rendered":"","protected":false},"excerpt":{"rendered":"<p>Curasept ADS 020 ASTRIGENT xlorheksidin v\u0259 cad\u0131 f\u0131nd\u0131\u011f\u0131 il\u0259 a\u011f\u0131z qarqaras\u0131d\u0131r. T\u0259rkibind\u0259 0,20% xlorheksidin var.<\/p>\n<p>Xlorheksidin diglukonat a\u011f\u0131z qarqaralar\u0131 \u0259rp il\u0259 m\u00fcbariz\u0259 \u00fc\u00e7\u00fcn q\u0131z\u0131l standart hesab olunur. Xlorheksidinli dig\u0259r m\u0259hsullardan f\u0259rqli olaraq, Curasept ADS 020:<\/p>\n<ul>\n<li>dad h\u0259ssasl\u0131\u011f\u0131n\u0131 d\u0259yi\u015fmir<\/li>\n<li>di\u015fl\u0259ri a\u011f saxlay\u0131r<\/li>\n<li>t\u0259rkibind\u0259 spirt yoxdur<\/li>\n<\/ul>\n<p>ADS 020 durulama \u0259m\u0259liyyatdan \u0259vv\u0259l v\u0259 \u0259m\u0259liyyatdan sonra, x\u00fcsus\u0259n d\u0259 mexaniki m\u00fcalic\u0259 \u00e7\u0259tin olduqda, \u0259m\u0259liyyatdan sonrak\u0131 a\u011f\u0131rla\u015fmalar\u0131n qar\u015f\u0131s\u0131n\u0131 almaq \u00fc\u00e7\u00fcn t\u00f6vsiy\u0259 olunur. G\u00fccl\u00fc antibakterial t\u0259sir\u0259 malikdir. Mexanik h\u0259r\u0259k\u0259tl\u0259 ciddi m\u0259hdud gigiyena v\u0259ziyy\u0259tl\u0259rind\u0259 \u0259rpin meydana g\u0259lm\u0259sini gecikdirir. Hamamelis virginiana iltihab \u0259leyhin\u0259 v\u0259 hemostatik t\u0259sir g\u00f6st\u0259rir, \u015fi\u015fkinliyi v\u0259 g\u00f6y\u0259rm\u0259l\u0259ri azald\u0131r. ADS 020-nin 2 h\u0259ft\u0259d\u0259n \u00e7ox olmayaraq istifad\u0259 edilm\u0259si t\u00f6vsiy\u0259 olunur.<\/p>\n<p class=\"translation-block\"><strong>Diqq\u0259t!<\/strong> Xlorheksidin il\u0259 a\u011f\u0131z yuyan vasit\u0259l\u0259rd\u0259n istifad\u0259 ed\u0259rk\u0259n, t\u0259rkibind\u0259 natrium lauril sulfat olan di\u015f pastalar\u0131ndan istifad\u0259 etm\u0259k olmaz, \u00e7\u00fcnki o, xlorheksidin t\u0259sirini neytralla\u015fd\u0131r\u0131r. Curasept ADS 712, Curasept ADS 705, Curasept ADS 720 di\u015f pastalar\u0131 t\u00f6vsiy\u0259 olunur.Onlar\u0131n t\u0259rkibind\u0259 natrium lauril sulfat yoxdur.<\/p>\n<p><strong>T\u0259rkibi:<\/strong>\u00a0Aqua, Xylitol, Propylene Glycol, Peg-40 Hydrogenated Castor Oil, Sodium Citrate, Hamamelis Virginiana Leaf Extract, Zinc Citrate, Poloxamer 407, Ascorbic Acid, Sodium metabisulfite, Chlorhexidine Digluconate, Aroma, Citric Acid, C.I. 47005, C.I. 42090.<\/p>","protected":false},"featured_media":5825,"comment_status":"open","ping_status":"closed","template":"","meta":{"_eb_attr":"","site-sidebar-layout":"default","site-content-layout":"default","ast-site-content-layout":"default","site-content-style":"default","site-sidebar-style":"default","ast-global-header-display":"","ast-banner-title-visibility":"","ast-main-header-display":"","ast-hfb-above-header-display":"","ast-hfb-below-header-display":"","ast-hfb-mobile-header-display":"","site-post-title":"","ast-breadcrumbs-content":"","ast-featured-img":"","footer-sml-layout":"","theme-transparent-header-meta":"default","adv-header-id-meta":"","stick-header-meta":"","header-above-stick-meta":"","header-main-stick-meta":"","header-below-stick-meta":"","astra-migrate-meta-layouts":"set","ast-page-background-enabled":"default","ast-page-background-meta":{"desktop":{"background-color":"var(--ast-global-color-4)","background-image":"","background-repeat":"repeat","background-position":"center center","background-size":"auto","background-attachment":"scroll","background-type":"","background-media":"","overlay-type":"","overlay-color":"","overlay-opacity":"","overlay-gradient":""},"tablet":{"background-color":"","background-image":"","background-repeat":"repeat","background-position":"center center","background-size":"auto","background-attachment":"scroll","background-type":"","background-media":"","overlay-type":"","overlay-color":"","overlay-opacity":"","overlay-gradient":""},"mobile":{"background-color":"","background-image":"","background-repeat":"repeat","background-position":"center center","background-size":"auto","background-attachment":"scroll","background-type":"","background-media":"","overlay-type":"","overlay-color":"","overlay-opacity":"","overlay-gradient":""}},"ast-content-background-meta":{"desktop":{"background-color":"var(--ast-global-color-5)","background-image":"","background-repeat":"repeat","background-position":"center center","background-size":"auto","background-attachment":"scroll","background-type":"","background-media":"","overlay-type":"","overlay-color":"","overlay-opacity":"","overlay-gradient":""},"tablet":{"background-color":"var(--ast-global-color-5)","background-image":"","background-repeat":"repeat","background-position":"center center","background-size":"auto","background-attachment":"scroll","background-type":"","background-media":"","overlay-type":"","overlay-color":"","overlay-opacity":"","overlay-gradient":""},"mobile":{"background-color":"var(--ast-global-color-5)","background-image":"","background-repeat":"repeat","background-position":"center center","background-size":"auto","background-attachment":"scroll","background-type":"","background-media":"","overlay-type":"","overlay-color":"","overlay-opacity":"","overlay-gradient":""}}},"product_brand":[74],"product_cat":[42,29],"product_tag":[],"class_list":{"0":"post-2670","1":"product","2":"type-product","3":"status-publish","4":"has-post-thumbnail","6":"product_brand-curasept","7":"product_cat-42","8":"product_cat-29","9":"desktop-align-left","10":"tablet-align-left","11":"mobile-align-left","13":"first","14":"outofstock","15":"shipping-taxable","16":"purchasable","17":"product-type-simple"},"jetpack_sharing_enabled":true,"_links":{"self":[{"href":"https:\/\/zubochistka.az\/az\/wp-json\/wp\/v2\/product\/2670","targetHints":{"allow":["GET"]}}],"collection":[{"href":"https:\/\/zubochistka.az\/az\/wp-json\/wp\/v2\/product"}],"about":[{"href":"https:\/\/zubochistka.az\/az\/wp-json\/wp\/v2\/types\/product"}],"replies":[{"embeddable":true,"href":"https:\/\/zubochistka.az\/az\/wp-json\/wp\/v2\/comments?post=2670"}],"wp:featuredmedia":[{"embeddable":true,"href":"https:\/\/zubochistka.az\/az\/wp-json\/wp\/v2\/media\/5825"}],"wp:attachment":[{"href":"https:\/\/zubochistka.az\/az\/wp-json\/wp\/v2\/media?parent=2670"}],"wp:term":[{"taxonomy":"product_brand","embeddable":true,"href":"https:\/\/zubochistka.az\/az\/wp-json\/wp\/v2\/product_brand?post=2670"},{"taxonomy":"product_cat","embeddable":true,"href":"https:\/\/zubochistka.az\/az\/wp-json\/wp\/v2\/product_cat?post=2670"},{"taxonomy":"product_tag","embeddable":true,"href":"https:\/\/zubochistka.az\/az\/wp-json\/wp\/v2\/product_tag?post=2670"}],"curies":[{"name":"wp","href":"https:\/\/api.w.org\/{rel}","templated":true}]}}