{"id":2672,"date":"2022-04-12T22:58:25","date_gmt":"2022-04-12T22:58:25","guid":{"rendered":"https:\/\/zubochistka.az\/?post_type=product&#038;p=2672"},"modified":"2025-02-26T10:54:08","modified_gmt":"2025-02-26T06:54:08","slug":"%d0%be%d0%bf%d0%be%d0%bb%d0%b0%d1%81%d0%ba%d0%b8%d0%b2%d0%b0%d1%82%d0%b5%d0%bb%d1%8c-%d0%b4%d0%bb%d1%8f-%d0%bf%d0%be%d0%bb%d0%be%d1%81%d1%82%d0%b8-%d1%80%d1%82%d0%b0-ads-soothing-%d1%83%d1%81%d0%bf","status":"publish","type":"product","link":"https:\/\/zubochistka.az\/az\/product\/%d0%be%d0%bf%d0%be%d0%bb%d0%b0%d1%81%d0%ba%d0%b8%d0%b2%d0%b0%d1%82%d0%b5%d0%bb%d1%8c-%d0%b4%d0%bb%d1%8f-%d0%bf%d0%be%d0%bb%d0%be%d1%81%d1%82%d0%b8-%d1%80%d1%82%d0%b0-ads-soothing-%d1%83%d1%81%d0%bf\/","title":{"rendered":"ADS SOOTHING a\u011f\u0131z yaxalay\u0131c\u0131s\u0131 sakitl\u0259\u015fdirici t\u0259sir 0,20% Xlorheksidin + Xlorbutanol"},"content":{"rendered":"","protected":false},"excerpt":{"rendered":"<p>G\u00fcnd\u0259 iki d\u0259f\u0259 7-14 g\u00fcn\u0259 q\u0259d\u0259r istifad\u0259 edin, KBB praktikas\u0131nda kompleks ekstraksiyalar, CL \u0259m\u0259liyyatlar\u0131, selikli qi\u015fan\u0131n y\u0131rt\u0131qlar\u0131 v\u0259 z\u0259d\u0259l\u0259ri, xoralar v\u0259 aft\u00f6z stomatitl\u0259r, a\u011f\u0131z bo\u015flu\u011funun m\u00fcxt\u0259lif infeksiyalar\u0131 \u00fc\u00e7\u00fcn g\u00f6st\u0259rilir.<\/p>\n<p class=\"translation-block\">Xlorheksidin N\u018fD\u0130R?<br>\nXlorheksidin h\u0259l\u0259 d\u0259 \u0259n t\u0259sirli oral antiseptik hesab olunur. \u00dcst\u0259lik, s\u0259nayed\u0259 q\u0131z\u0131l standart hesab olunur.<\/p>\n<p class=\"translation-block\">Curasept ADS-d\u0259 ADS sistemi N\u018fD\u0130R? <br><br>\nADS\u00ae Sistemi xlorheksidin (CHX) t\u0259tbiqi zaman\u0131 l\u0259k\u0259l\u0259rin \u0259m\u0259l\u0259 g\u0259lm\u0259sind\u0259n m\u0259sul olan iki \u0259sas reaksiyaya t\u0259sir g\u00f6st\u0259r\u0259 bil\u0259n Anti-Provisioning System dem\u0259kdir.<\/p>\n<p>Di\u015f h\u0259kiml\u0259ri bunu n\u0259 vaxt t\u00f6vsiy\u0259 edir?<\/p>\n<ul>\n<li>\u018frpin \u0259m\u0259l\u0259 g\u0259lm\u0259sini azald\u0131r v\u0259 yaral\u0131 b\u00f6lg\u0259l\u0259rd\u0259 a\u011fr\u0131lar\u0131 aradan qald\u0131r\u0131r, yaxalad\u0131qdan d\u0259rhal sonra sakitl\u0259\u015fdirici t\u0259sir g\u00f6st\u0259rir.<\/li>\n<li>B\u00f6y\u00fck c\u0259rrahiyy\u0259 d\u0259 daxil olmaqla \u00fcz-\u00e7\u0259n\u0259 c\u0259rrahiyy\u0259sinin yerini qoruyur v\u0259 \u0259m\u0259liyyatdan sonrak\u0131 sa\u011falman\u0131 d\u0259st\u0259kl\u0259y\u0259rk\u0259n a\u011fr\u0131lar\u0131 azald\u0131r.<\/li>\n<li>Z\u0259d\u0259l\u0259nmi\u015f nahiy\u0259ni qoruyark\u0259n z\u0259d\u0259 ba\u015f verdikd\u0259n sonra birba\u015fa a\u00e7\u0131q olan sinir uclar\u0131na t\u0259sir ed\u0259r\u0259k a\u011fr\u0131lar\u0131 azald\u0131r.<\/li>\n<li>A\u011fr\u0131lar\u0131 aradan qald\u0131r\u0131r v\u0259 t\u0259sirl\u0259nmi\u015f \u0259razil\u0259ri qoruyur. Aft\u00f6z stomatitin m\u00fcalic\u0259si \u00fc\u00e7\u00fcn n\u0259z\u0259rd\u0259 tutulmu\u015f d\u0259rmanlarla birlikd\u0259 istifad\u0259 olunur.<\/li>\n<li>Yaxalama patogen floran\u0131n inki\u015faf\u0131n\u0131n qar\u015f\u0131s\u0131n\u0131 al\u0131r<\/li>\n<li>A\u011f\u0131z infeksiyalar\u0131na s\u0259b\u0259b olan mikroblarla m\u00fcbariz\u0259 apar\u0131r v\u0259 infeksiyadan t\u0259sirl\u0259n\u0259n b\u00f6lg\u0259l\u0259rd\u0259 a\u011fr\u0131lar\u0131 azald\u0131r.<\/li>\n<\/ul>","protected":false},"featured_media":5826,"comment_status":"open","ping_status":"closed","template":"","meta":{"_eb_attr":"","site-sidebar-layout":"default","site-content-layout":"default","ast-site-content-layout":"default","site-content-style":"default","site-sidebar-style":"default","ast-global-header-display":"","ast-banner-title-visibility":"","ast-main-header-display":"","ast-hfb-above-header-display":"","ast-hfb-below-header-display":"","ast-hfb-mobile-header-display":"","site-post-title":"","ast-breadcrumbs-content":"","ast-featured-img":"","footer-sml-layout":"","theme-transparent-header-meta":"default","adv-header-id-meta":"","stick-header-meta":"","header-above-stick-meta":"","header-main-stick-meta":"","header-below-stick-meta":"","astra-migrate-meta-layouts":"set","ast-page-background-enabled":"default","ast-page-background-meta":{"desktop":{"background-color":"var(--ast-global-color-4)","background-image":"","background-repeat":"repeat","background-position":"center center","background-size":"auto","background-attachment":"scroll","background-type":"","background-media":"","overlay-type":"","overlay-color":"","overlay-opacity":"","overlay-gradient":""},"tablet":{"background-color":"","background-image":"","background-repeat":"repeat","background-position":"center center","background-size":"auto","background-attachment":"scroll","background-type":"","background-media":"","overlay-type":"","overlay-color":"","overlay-opacity":"","overlay-gradient":""},"mobile":{"background-color":"","background-image":"","background-repeat":"repeat","background-position":"center center","background-size":"auto","background-attachment":"scroll","background-type":"","background-media":"","overlay-type":"","overlay-color":"","overlay-opacity":"","overlay-gradient":""}},"ast-content-background-meta":{"desktop":{"background-color":"var(--ast-global-color-5)","background-image":"","background-repeat":"repeat","background-position":"center center","background-size":"auto","background-attachment":"scroll","background-type":"","background-media":"","overlay-type":"","overlay-color":"","overlay-opacity":"","overlay-gradient":""},"tablet":{"background-color":"var(--ast-global-color-5)","background-image":"","background-repeat":"repeat","background-position":"center center","background-size":"auto","background-attachment":"scroll","background-type":"","background-media":"","overlay-type":"","overlay-color":"","overlay-opacity":"","overlay-gradient":""},"mobile":{"background-color":"var(--ast-global-color-5)","background-image":"","background-repeat":"repeat","background-position":"center center","background-size":"auto","background-attachment":"scroll","background-type":"","background-media":"","overlay-type":"","overlay-color":"","overlay-opacity":"","overlay-gradient":""}}},"product_brand":[74],"product_cat":[42,29],"product_tag":[],"class_list":{"0":"post-2672","1":"product","2":"type-product","3":"status-publish","4":"has-post-thumbnail","6":"product_brand-curasept","7":"product_cat-42","8":"product_cat-29","9":"desktop-align-left","10":"tablet-align-left","11":"mobile-align-left","13":"first","14":"outofstock","15":"shipping-taxable","16":"purchasable","17":"product-type-simple"},"jetpack_sharing_enabled":true,"_links":{"self":[{"href":"https:\/\/zubochistka.az\/az\/wp-json\/wp\/v2\/product\/2672","targetHints":{"allow":["GET"]}}],"collection":[{"href":"https:\/\/zubochistka.az\/az\/wp-json\/wp\/v2\/product"}],"about":[{"href":"https:\/\/zubochistka.az\/az\/wp-json\/wp\/v2\/types\/product"}],"replies":[{"embeddable":true,"href":"https:\/\/zubochistka.az\/az\/wp-json\/wp\/v2\/comments?post=2672"}],"wp:featuredmedia":[{"embeddable":true,"href":"https:\/\/zubochistka.az\/az\/wp-json\/wp\/v2\/media\/5826"}],"wp:attachment":[{"href":"https:\/\/zubochistka.az\/az\/wp-json\/wp\/v2\/media?parent=2672"}],"wp:term":[{"taxonomy":"product_brand","embeddable":true,"href":"https:\/\/zubochistka.az\/az\/wp-json\/wp\/v2\/product_brand?post=2672"},{"taxonomy":"product_cat","embeddable":true,"href":"https:\/\/zubochistka.az\/az\/wp-json\/wp\/v2\/product_cat?post=2672"},{"taxonomy":"product_tag","embeddable":true,"href":"https:\/\/zubochistka.az\/az\/wp-json\/wp\/v2\/product_tag?post=2672"}],"curies":[{"name":"wp","href":"https:\/\/api.w.org\/{rel}","templated":true}]}}