{"id":2678,"date":"2022-04-13T06:34:30","date_gmt":"2022-04-13T06:34:30","guid":{"rendered":"https:\/\/zubochistka.az\/?post_type=product&#038;p=2678"},"modified":"2025-02-07T16:15:51","modified_gmt":"2025-02-07T12:15:51","slug":"curasept-spray-afterapid-%d0%b4%d0%bd%d0%ba-15%d0%bc%d0%bb","status":"publish","type":"product","link":"https:\/\/zubochistka.az\/az\/product\/curasept-spray-afterapid-%d0%b4%d0%bd%d0%ba-15%d0%bc%d0%bb\/","title":{"rendered":"Curasept Sprey AfteRapid + DNT 15ml"},"content":{"rendered":"","protected":false},"excerpt":{"rendered":"<h2>M\u0259d\u0259 xoras\u0131 v\u0259 aft\u00f6z stomatit zaman\u0131 a\u011fr\u0131lar\u0131 aradan qald\u0131r\u0131r.<\/h2>\n<ul>\n<li>\u00c7atmas\u0131 \u00e7\u0259tin olan yerl\u0259rd\u0259 m\u0259qs\u0259dy\u00f6nl\u00fc f\u0259aliyy\u0259t \u00fc\u00e7\u00fcn ideald\u0131r.<\/li>\n<li>T\u0259k v\u0259 ya ki\u00e7ik xoral\u0131 s\u0259pgil\u0259rin g\u00f6r\u00fcld\u00fcy\u00fc halda yerli t\u0259sir \u00fc\u00e7\u00fcn ideald\u0131r.<\/li>\n<li>A\u011fr\u0131lar\u0131 azald\u0131r, yaran\u0131 qoruyur v\u0259 n\u0259ml\u0259ndirir.<\/li>\n<li>Sa\u011falman\u0131 s\u00fcr\u0259tl\u0259ndirir<\/li>\n<li>Dad qavray\u0131\u015f\u0131n\u0131 d\u0259yi\u015fmir.<\/li>\n<li>T\u0259rkibind\u0259 spirt yoxdur, yand\u0131rm\u0131r v\u0259 q\u0131c\u0131qland\u0131rm\u0131r.<\/li>\n<li>Veganlar \u00fc\u00e7\u00fcn uy\u011fundur<\/li>\n<\/ul>\n<p>\u0130ST\u0130FAD\u018f \u00dcSULU V\u018f DOZA:<\/p>\n<p>Bir h\u0259ft\u0259 \u0259rzind\u0259 g\u00fcnd\u0259 2-3 d\u0259f\u0259 spreyi birba\u015fa a\u011f\u0131z\u0131n z\u0259d\u0259l\u0259nmi\u015f hiss\u0259sin\u0259 s\u0259p\u0259l\u0259yin. \u018fn az\u0131 bir saat a\u011fz\u0131n\u0131z\u0131 yaxalamay\u0131n.<\/p>\n<p>X\u018fB\u018fRDARLIQ V\u018f \u018fKS G\u00d6ST\u018fR\u0130\u015eL\u018fR:<\/p>\n<p class=\"translation-block\">M\u0259hlulun c\u00fczi qeyri-\u015f\u0259ffafl\u0131\u011f\u0131 m\u0259hsulun f\u0259aliyy\u0259tin\u0259 v\u0259 t\u0259hl\u00fck\u0259sizliyin\u0259 t\u0259sir g\u00f6st\u0259rmir.<br>\nU\u015faqlar\u0131n \u0259li \u00e7atmayan yerd\u0259 saxlay\u0131n.<br>\n\u0130\u015f\u0131q v\u0259 istilik m\u0259nb\u0259l\u0259rind\u0259n uzaq saxlay\u0131n.<\/p>\n<p>FORMAT:<\/p>\n<p>15 ml<\/p>","protected":false},"featured_media":5829,"comment_status":"open","ping_status":"closed","template":"","meta":{"_eb_attr":"","site-sidebar-layout":"default","site-content-layout":"default","ast-site-content-layout":"default","site-content-style":"default","site-sidebar-style":"default","ast-global-header-display":"","ast-banner-title-visibility":"","ast-main-header-display":"","ast-hfb-above-header-display":"","ast-hfb-below-header-display":"","ast-hfb-mobile-header-display":"","site-post-title":"","ast-breadcrumbs-content":"","ast-featured-img":"","footer-sml-layout":"","theme-transparent-header-meta":"default","adv-header-id-meta":"","stick-header-meta":"","header-above-stick-meta":"","header-main-stick-meta":"","header-below-stick-meta":"","astra-migrate-meta-layouts":"set","ast-page-background-enabled":"default","ast-page-background-meta":{"desktop":{"background-color":"var(--ast-global-color-4)","background-image":"","background-repeat":"repeat","background-position":"center center","background-size":"auto","background-attachment":"scroll","background-type":"","background-media":"","overlay-type":"","overlay-color":"","overlay-opacity":"","overlay-gradient":""},"tablet":{"background-color":"","background-image":"","background-repeat":"repeat","background-position":"center center","background-size":"auto","background-attachment":"scroll","background-type":"","background-media":"","overlay-type":"","overlay-color":"","overlay-opacity":"","overlay-gradient":""},"mobile":{"background-color":"","background-image":"","background-repeat":"repeat","background-position":"center center","background-size":"auto","background-attachment":"scroll","background-type":"","background-media":"","overlay-type":"","overlay-color":"","overlay-opacity":"","overlay-gradient":""}},"ast-content-background-meta":{"desktop":{"background-color":"var(--ast-global-color-5)","background-image":"","background-repeat":"repeat","background-position":"center center","background-size":"auto","background-attachment":"scroll","background-type":"","background-media":"","overlay-type":"","overlay-color":"","overlay-opacity":"","overlay-gradient":""},"tablet":{"background-color":"var(--ast-global-color-5)","background-image":"","background-repeat":"repeat","background-position":"center center","background-size":"auto","background-attachment":"scroll","background-type":"","background-media":"","overlay-type":"","overlay-color":"","overlay-opacity":"","overlay-gradient":""},"mobile":{"background-color":"var(--ast-global-color-5)","background-image":"","background-repeat":"repeat","background-position":"center center","background-size":"auto","background-attachment":"scroll","background-type":"","background-media":"","overlay-type":"","overlay-color":"","overlay-opacity":"","overlay-gradient":""}}},"product_brand":[74],"product_cat":[42,29],"product_tag":[],"class_list":{"0":"post-2678","1":"product","2":"type-product","3":"status-publish","4":"has-post-thumbnail","6":"product_brand-curasept","7":"product_cat-42","8":"product_cat-29","9":"desktop-align-left","10":"tablet-align-left","11":"mobile-align-left","13":"first","14":"outofstock","15":"shipping-taxable","16":"purchasable","17":"product-type-simple"},"jetpack_sharing_enabled":true,"_links":{"self":[{"href":"https:\/\/zubochistka.az\/az\/wp-json\/wp\/v2\/product\/2678","targetHints":{"allow":["GET"]}}],"collection":[{"href":"https:\/\/zubochistka.az\/az\/wp-json\/wp\/v2\/product"}],"about":[{"href":"https:\/\/zubochistka.az\/az\/wp-json\/wp\/v2\/types\/product"}],"replies":[{"embeddable":true,"href":"https:\/\/zubochistka.az\/az\/wp-json\/wp\/v2\/comments?post=2678"}],"wp:featuredmedia":[{"embeddable":true,"href":"https:\/\/zubochistka.az\/az\/wp-json\/wp\/v2\/media\/5829"}],"wp:attachment":[{"href":"https:\/\/zubochistka.az\/az\/wp-json\/wp\/v2\/media?parent=2678"}],"wp:term":[{"taxonomy":"product_brand","embeddable":true,"href":"https:\/\/zubochistka.az\/az\/wp-json\/wp\/v2\/product_brand?post=2678"},{"taxonomy":"product_cat","embeddable":true,"href":"https:\/\/zubochistka.az\/az\/wp-json\/wp\/v2\/product_cat?post=2678"},{"taxonomy":"product_tag","embeddable":true,"href":"https:\/\/zubochistka.az\/az\/wp-json\/wp\/v2\/product_tag?post=2678"}],"curies":[{"name":"wp","href":"https:\/\/api.w.org\/{rel}","templated":true}]}}