{"id":2728,"date":"2022-04-14T10:53:02","date_gmt":"2022-04-14T06:53:02","guid":{"rendered":"https:\/\/zubochistka.az\/?post_type=product&#038;p=2728"},"modified":"2025-02-07T16:15:24","modified_gmt":"2025-02-07T12:15:24","slug":"%d0%b7%d1%83%d0%b1%d0%bd%d0%b0%d1%8f-%d1%89%d0%b5%d1%82%d0%ba%d0%b0-tepe-supreme-soft","status":"publish","type":"product","link":"https:\/\/zubochistka.az\/az\/product\/%d0%b7%d1%83%d0%b1%d0%bd%d0%b0%d1%8f-%d1%89%d0%b5%d1%82%d0%ba%d0%b0-tepe-supreme-soft\/","title":{"rendered":"Di\u015f f\u0131r\u00e7as\u0131 TePe Supreme, soft"},"content":{"rendered":"","protected":false},"excerpt":{"rendered":"<p>TePe Supreme di\u015f f\u0131r\u00e7as\u0131n\u0131n h\u0259r bir t\u00fck\u00fc di\u015fin \u0259sas s\u0259thini t\u0259mizl\u0259m\u0259k \u00fc\u00e7\u00fcn daha qal\u0131n bazaya malikdir v\u0259 t\u00fck\u00fcn daha inc\u0259 uzanmas\u0131 di\u015fl\u0259raras\u0131 bo\u015flu\u011fa v\u0259 di\u015f \u0259ti \u00e7uxuruna \u00e7\u0131x\u0131\u015f\u0131 asanla\u015fd\u0131r\u0131r. \u0130ki s\u0259viyy\u0259li uzunluqlu t\u00fckl\u0259r l\u0259k\u0259l\u0259rin t\u0259mizl\u0259nm\u0259sini t\u0259min edir. Supreme Di\u015f F\u0131r\u00e7as\u0131 konik ba\u015fl\u0131\u011fa v\u0259 rahat, s\u00fcr\u00fc\u015fm\u0259y\u0259n tutaca\u011fa malikdir.<\/p>\n<p>T\u00fck poliamid sapdan ibar\u0259tdir (c\u0259rrahi , hopmayan material; su il\u0259 asanl\u0131qla yuyulur; di\u015f \u0259tini v\u0259 di\u015f minas\u0131n\u0131 z\u0259d\u0259l\u0259mir; elastiklik  zaman\u0131 3-4 ay saxlan\u0131l\u0131r. ).<\/p>","protected":false},"featured_media":5834,"comment_status":"open","ping_status":"closed","template":"","meta":{"_eb_attr":"","site-sidebar-layout":"default","site-content-layout":"default","ast-site-content-layout":"default","site-content-style":"default","site-sidebar-style":"default","ast-global-header-display":"","ast-banner-title-visibility":"","ast-main-header-display":"","ast-hfb-above-header-display":"","ast-hfb-below-header-display":"","ast-hfb-mobile-header-display":"","site-post-title":"","ast-breadcrumbs-content":"","ast-featured-img":"","footer-sml-layout":"","ast-disable-related-posts":"","theme-transparent-header-meta":"default","adv-header-id-meta":"","stick-header-meta":"","header-above-stick-meta":"","header-main-stick-meta":"","header-below-stick-meta":"","astra-migrate-meta-layouts":"set","ast-page-background-enabled":"default","ast-page-background-meta":{"desktop":{"background-color":"var(--ast-global-color-4)","background-image":"","background-repeat":"repeat","background-position":"center center","background-size":"auto","background-attachment":"scroll","background-type":"","background-media":"","overlay-type":"","overlay-color":"","overlay-opacity":"","overlay-gradient":""},"tablet":{"background-color":"","background-image":"","background-repeat":"repeat","background-position":"center center","background-size":"auto","background-attachment":"scroll","background-type":"","background-media":"","overlay-type":"","overlay-color":"","overlay-opacity":"","overlay-gradient":""},"mobile":{"background-color":"","background-image":"","background-repeat":"repeat","background-position":"center center","background-size":"auto","background-attachment":"scroll","background-type":"","background-media":"","overlay-type":"","overlay-color":"","overlay-opacity":"","overlay-gradient":""}},"ast-content-background-meta":{"desktop":{"background-color":"var(--ast-global-color-5)","background-image":"","background-repeat":"repeat","background-position":"center center","background-size":"auto","background-attachment":"scroll","background-type":"","background-media":"","overlay-type":"","overlay-color":"","overlay-opacity":"","overlay-gradient":""},"tablet":{"background-color":"var(--ast-global-color-5)","background-image":"","background-repeat":"repeat","background-position":"center center","background-size":"auto","background-attachment":"scroll","background-type":"","background-media":"","overlay-type":"","overlay-color":"","overlay-opacity":"","overlay-gradient":""},"mobile":{"background-color":"var(--ast-global-color-5)","background-image":"","background-repeat":"repeat","background-position":"center center","background-size":"auto","background-attachment":"scroll","background-type":"","background-media":"","overlay-type":"","overlay-color":"","overlay-opacity":"","overlay-gradient":""}}},"product_brand":[82],"product_cat":[41,23,60],"product_tag":[],"class_list":{"0":"post-2728","1":"product","2":"type-product","3":"status-publish","4":"has-post-thumbnail","6":"product_brand-tepe","7":"product_cat-41","8":"product_cat-23","9":"product_cat-60","10":"desktop-align-left","11":"tablet-align-left","12":"mobile-align-left","14":"first","15":"instock","16":"shipping-taxable","17":"purchasable","18":"product-type-simple"},"jetpack_sharing_enabled":true,"_links":{"self":[{"href":"https:\/\/zubochistka.az\/az\/wp-json\/wp\/v2\/product\/2728","targetHints":{"allow":["GET"]}}],"collection":[{"href":"https:\/\/zubochistka.az\/az\/wp-json\/wp\/v2\/product"}],"about":[{"href":"https:\/\/zubochistka.az\/az\/wp-json\/wp\/v2\/types\/product"}],"replies":[{"embeddable":true,"href":"https:\/\/zubochistka.az\/az\/wp-json\/wp\/v2\/comments?post=2728"}],"wp:featuredmedia":[{"embeddable":true,"href":"https:\/\/zubochistka.az\/az\/wp-json\/wp\/v2\/media\/5834"}],"wp:attachment":[{"href":"https:\/\/zubochistka.az\/az\/wp-json\/wp\/v2\/media?parent=2728"}],"wp:term":[{"taxonomy":"product_brand","embeddable":true,"href":"https:\/\/zubochistka.az\/az\/wp-json\/wp\/v2\/product_brand?post=2728"},{"taxonomy":"product_cat","embeddable":true,"href":"https:\/\/zubochistka.az\/az\/wp-json\/wp\/v2\/product_cat?post=2728"},{"taxonomy":"product_tag","embeddable":true,"href":"https:\/\/zubochistka.az\/az\/wp-json\/wp\/v2\/product_tag?post=2728"}],"curies":[{"name":"wp","href":"https:\/\/api.w.org\/{rel}","templated":true}]}}