{"id":2761,"date":"2022-04-15T10:24:05","date_gmt":"2022-04-15T06:24:05","guid":{"rendered":"https:\/\/zubochistka.az\/?post_type=product&#038;p=2761"},"modified":"2026-03-04T12:00:30","modified_gmt":"2026-03-04T08:00:30","slug":"tepe-dental-floss-%d0%bc%d0%b5%d0%b6%d0%b7%d1%83%d0%b1%d0%bd%d0%b0%d1%8f-%d1%82%d0%b5%d1%84%d0%bb%d0%be%d0%bd%d0%be%d0%b2%d0%b0%d1%8f-%d0%bd%d0%b8%d1%82%d1%8c-40-%d0%bc","status":"publish","type":"product","link":"https:\/\/zubochistka.az\/az\/product\/tepe-dental-floss-%d0%bc%d0%b5%d0%b6%d0%b7%d1%83%d0%b1%d0%bd%d0%b0%d1%8f-%d1%82%d0%b5%d1%84%d0%bb%d0%be%d0%bd%d0%be%d0%b2%d0%b0%d1%8f-%d0%bd%d0%b8%d1%82%d1%8c-40-%d0%bc\/","title":{"rendered":"TePe Dental Floss Interdental Teflon Floss, 40 M"},"content":{"rendered":"","protected":false},"excerpt":{"rendered":"<p>Di\u015fl\u0259rin aras\u0131ndan \u0259rpin aradan qald\u0131r\u0131lmas\u0131 di\u015f\u0259ti x\u0259st\u0259liyinin v\u0259 kariyesin qar\u015f\u0131s\u0131n\u0131 almaq \u00fc\u00e7\u00fcn s\u0259m\u0259r\u0259li yoldur. Di\u015fl\u0259rinizi v\u0259 di\u015f \u0259tl\u0259rinizi g\u00fcnd\u0259lik di\u015f sap\u0131ndan istifad\u0259 ed\u0259\n\nTePe Dental Floss di\u015f aralar\u0131n s\u0259m\u0259r\u0259li t\u0259mizl\u0259m\u0259si \u00fc\u00e7\u00fcn \u00fcst\u00fcn keyfiyy\u0259tli, mumlu di\u015f sap\u0131d\u0131r. Di\u015f sap\u0131 \u0259rpin optimal aradan qald\u0131r\u0131lmas\u0131 \u00fc\u00e7\u00fcn geni\u015f v\u0259 yast\u0131d\u0131r. Mumlu di\u015f sap\u0131 dar di\u015faralar\u0131nda x\u00fcsusil\u0259 faydal\u0131d\u0131r. 30m<\/p>","protected":false},"featured_media":5842,"comment_status":"open","ping_status":"closed","template":"","meta":{"_eb_attr":"","site-sidebar-layout":"default","site-content-layout":"default","ast-site-content-layout":"default","site-content-style":"default","site-sidebar-style":"default","ast-global-header-display":"","ast-banner-title-visibility":"","ast-main-header-display":"","ast-hfb-above-header-display":"","ast-hfb-below-header-display":"","ast-hfb-mobile-header-display":"","site-post-title":"","ast-breadcrumbs-content":"","ast-featured-img":"","footer-sml-layout":"","ast-disable-related-posts":"","theme-transparent-header-meta":"default","adv-header-id-meta":"","stick-header-meta":"","header-above-stick-meta":"","header-main-stick-meta":"","header-below-stick-meta":"","astra-migrate-meta-layouts":"set","ast-page-background-enabled":"default","ast-page-background-meta":{"desktop":{"background-color":"var(--ast-global-color-4)","background-image":"","background-repeat":"repeat","background-position":"center center","background-size":"auto","background-attachment":"scroll","background-type":"","background-media":"","overlay-type":"","overlay-color":"","overlay-opacity":"","overlay-gradient":""},"tablet":{"background-color":"","background-image":"","background-repeat":"repeat","background-position":"center center","background-size":"auto","background-attachment":"scroll","background-type":"","background-media":"","overlay-type":"","overlay-color":"","overlay-opacity":"","overlay-gradient":""},"mobile":{"background-color":"","background-image":"","background-repeat":"repeat","background-position":"center center","background-size":"auto","background-attachment":"scroll","background-type":"","background-media":"","overlay-type":"","overlay-color":"","overlay-opacity":"","overlay-gradient":""}},"ast-content-background-meta":{"desktop":{"background-color":"var(--ast-global-color-5)","background-image":"","background-repeat":"repeat","background-position":"center center","background-size":"auto","background-attachment":"scroll","background-type":"","background-media":"","overlay-type":"","overlay-color":"","overlay-opacity":"","overlay-gradient":""},"tablet":{"background-color":"var(--ast-global-color-5)","background-image":"","background-repeat":"repeat","background-position":"center center","background-size":"auto","background-attachment":"scroll","background-type":"","background-media":"","overlay-type":"","overlay-color":"","overlay-opacity":"","overlay-gradient":""},"mobile":{"background-color":"var(--ast-global-color-5)","background-image":"","background-repeat":"repeat","background-position":"center center","background-size":"auto","background-attachment":"scroll","background-type":"","background-media":"","overlay-type":"","overlay-color":"","overlay-opacity":"","overlay-gradient":""}}},"product_brand":[82],"product_cat":[30],"product_tag":[],"class_list":{"0":"post-2761","1":"product","2":"type-product","3":"status-publish","4":"has-post-thumbnail","6":"product_brand-tepe","7":"product_cat-30","8":"desktop-align-left","9":"tablet-align-left","10":"mobile-align-left","12":"first","13":"instock","14":"shipping-taxable","15":"purchasable","16":"product-type-simple"},"jetpack_sharing_enabled":true,"_links":{"self":[{"href":"https:\/\/zubochistka.az\/az\/wp-json\/wp\/v2\/product\/2761","targetHints":{"allow":["GET"]}}],"collection":[{"href":"https:\/\/zubochistka.az\/az\/wp-json\/wp\/v2\/product"}],"about":[{"href":"https:\/\/zubochistka.az\/az\/wp-json\/wp\/v2\/types\/product"}],"replies":[{"embeddable":true,"href":"https:\/\/zubochistka.az\/az\/wp-json\/wp\/v2\/comments?post=2761"}],"wp:featuredmedia":[{"embeddable":true,"href":"https:\/\/zubochistka.az\/az\/wp-json\/wp\/v2\/media\/5842"}],"wp:attachment":[{"href":"https:\/\/zubochistka.az\/az\/wp-json\/wp\/v2\/media?parent=2761"}],"wp:term":[{"taxonomy":"product_brand","embeddable":true,"href":"https:\/\/zubochistka.az\/az\/wp-json\/wp\/v2\/product_brand?post=2761"},{"taxonomy":"product_cat","embeddable":true,"href":"https:\/\/zubochistka.az\/az\/wp-json\/wp\/v2\/product_cat?post=2761"},{"taxonomy":"product_tag","embeddable":true,"href":"https:\/\/zubochistka.az\/az\/wp-json\/wp\/v2\/product_tag?post=2761"}],"curies":[{"name":"wp","href":"https:\/\/api.w.org\/{rel}","templated":true}]}}