{"id":2804,"date":"2022-04-18T09:15:14","date_gmt":"2022-04-18T09:15:14","guid":{"rendered":"https:\/\/zubochistka.az\/?post_type=product&#038;p=2804"},"modified":"2025-02-07T15:51:24","modified_gmt":"2025-02-07T11:51:24","slug":"%d0%bc%d0%b5%d0%b6%d0%b7%d1%83%d0%b1%d0%bd%d1%8b%d0%b5-%d1%91%d1%80%d1%88%d0%b8%d0%ba%d0%b8-tepe-original-05-red","status":"publish","type":"product","link":"https:\/\/zubochistka.az\/az\/product\/%d0%bc%d0%b5%d0%b6%d0%b7%d1%83%d0%b1%d0%bd%d1%8b%d0%b5-%d1%91%d1%80%d1%88%d0%b8%d0%ba%d0%b8-tepe-original-05-red\/","title":{"rendered":"Di\u015faras\u0131 f\u0131r\u00e7alar  TePe Original 0,5 (red)"},"content":{"rendered":"","protected":false},"excerpt":{"rendered":"<p>TePe Original di\u015faras\u0131 f\u0131r\u00e7alar\u0131 ist\u0259nil\u0259n \u00f6l\u00e7\u00fcd\u0259 , di\u015fl\u0259r aras\u0131ndak\u0131 bo\u015fluqlar \u00fc\u00e7\u00fcn dar v\u0259 geni\u015f t\u00fckc\u00fckl\u0259r \u00f6l\u00e7\u00fcl\u0259rin\u0259 uy\u011fun 9 r\u0259ngd\u0259 m\u00f6vcuddur: 0 - s\u0131x interdental bo\u015fluqlar, az\u0131 di\u015fl\u0259ri, arxa di\u015fl\u0259r v\u0259 di\u015f \u0259tl\u0259ri aras\u0131ndak\u0131 bo\u015fluqlar \u00fc\u00e7\u00fcn 1 - 2, di\u015fl\u0259rin oldu\u011fu yerl\u0259rd\u0259 3 - 5 itkin. Spiral\u0131n diametri v\u0259 ISO \u00f6l\u00e7\u00fcs\u00fc qabla\u015fd\u0131rmada g\u00f6st\u0259rilmi\u015fdir.<\/p>\n<p>TePe Original interdental f\u0131r\u00e7alar\u0131n\u0131n \u00fcst\u00fcnl\u00fckl\u0259ri<\/p>\n<ol>\n<li>F\u0131r\u00e7an\u0131n spirali  elastikdir, x\u00fcsusi tibbi silikonla \u00f6rt\u00fcl\u00fcr (di\u015f \u0259ti v\u0259 mina z\u0259d\u0259l\u0259nmir).<\/li>\n<li>T\u00fckc\u00fckl\u0259r poliamid sapdan haz\u0131rlan\u0131r (hopdurucu olmayan material, mina v\u0259 di\u015f \u0259tl\u0259rini z\u0259d\u0259l\u0259mir, asanl\u0131qla su il\u0259 yuyulur).<\/li>\n<\/ol>\n<p>&nbsp;<\/p>","protected":false},"featured_media":5864,"comment_status":"open","ping_status":"closed","template":"","meta":{"_eb_attr":"","site-sidebar-layout":"default","site-content-layout":"default","ast-site-content-layout":"default","site-content-style":"default","site-sidebar-style":"default","ast-global-header-display":"","ast-banner-title-visibility":"","ast-main-header-display":"","ast-hfb-above-header-display":"","ast-hfb-below-header-display":"","ast-hfb-mobile-header-display":"","site-post-title":"","ast-breadcrumbs-content":"","ast-featured-img":"","footer-sml-layout":"","ast-disable-related-posts":"","theme-transparent-header-meta":"default","adv-header-id-meta":"","stick-header-meta":"","header-above-stick-meta":"","header-main-stick-meta":"","header-below-stick-meta":"","astra-migrate-meta-layouts":"set","ast-page-background-enabled":"default","ast-page-background-meta":{"desktop":{"background-color":"var(--ast-global-color-4)","background-image":"","background-repeat":"repeat","background-position":"center center","background-size":"auto","background-attachment":"scroll","background-type":"","background-media":"","overlay-type":"","overlay-color":"","overlay-opacity":"","overlay-gradient":""},"tablet":{"background-color":"","background-image":"","background-repeat":"repeat","background-position":"center center","background-size":"auto","background-attachment":"scroll","background-type":"","background-media":"","overlay-type":"","overlay-color":"","overlay-opacity":"","overlay-gradient":""},"mobile":{"background-color":"","background-image":"","background-repeat":"repeat","background-position":"center center","background-size":"auto","background-attachment":"scroll","background-type":"","background-media":"","overlay-type":"","overlay-color":"","overlay-opacity":"","overlay-gradient":""}},"ast-content-background-meta":{"desktop":{"background-color":"var(--ast-global-color-5)","background-image":"","background-repeat":"repeat","background-position":"center center","background-size":"auto","background-attachment":"scroll","background-type":"","background-media":"","overlay-type":"","overlay-color":"","overlay-opacity":"","overlay-gradient":""},"tablet":{"background-color":"var(--ast-global-color-5)","background-image":"","background-repeat":"repeat","background-position":"center center","background-size":"auto","background-attachment":"scroll","background-type":"","background-media":"","overlay-type":"","overlay-color":"","overlay-opacity":"","overlay-gradient":""},"mobile":{"background-color":"var(--ast-global-color-5)","background-image":"","background-repeat":"repeat","background-position":"center center","background-size":"auto","background-attachment":"scroll","background-type":"","background-media":"","overlay-type":"","overlay-color":"","overlay-opacity":"","overlay-gradient":""}}},"product_brand":[82],"product_cat":[31],"product_tag":[],"class_list":{"0":"post-2804","1":"product","2":"type-product","3":"status-publish","4":"has-post-thumbnail","6":"product_brand-tepe","7":"product_cat-31","8":"desktop-align-left","9":"tablet-align-left","10":"mobile-align-left","12":"first","13":"instock","14":"shipping-taxable","15":"purchasable","16":"product-type-simple"},"jetpack_sharing_enabled":true,"_links":{"self":[{"href":"https:\/\/zubochistka.az\/az\/wp-json\/wp\/v2\/product\/2804","targetHints":{"allow":["GET"]}}],"collection":[{"href":"https:\/\/zubochistka.az\/az\/wp-json\/wp\/v2\/product"}],"about":[{"href":"https:\/\/zubochistka.az\/az\/wp-json\/wp\/v2\/types\/product"}],"replies":[{"embeddable":true,"href":"https:\/\/zubochistka.az\/az\/wp-json\/wp\/v2\/comments?post=2804"}],"wp:featuredmedia":[{"embeddable":true,"href":"https:\/\/zubochistka.az\/az\/wp-json\/wp\/v2\/media\/5864"}],"wp:attachment":[{"href":"https:\/\/zubochistka.az\/az\/wp-json\/wp\/v2\/media?parent=2804"}],"wp:term":[{"taxonomy":"product_brand","embeddable":true,"href":"https:\/\/zubochistka.az\/az\/wp-json\/wp\/v2\/product_brand?post=2804"},{"taxonomy":"product_cat","embeddable":true,"href":"https:\/\/zubochistka.az\/az\/wp-json\/wp\/v2\/product_cat?post=2804"},{"taxonomy":"product_tag","embeddable":true,"href":"https:\/\/zubochistka.az\/az\/wp-json\/wp\/v2\/product_tag?post=2804"}],"curies":[{"name":"wp","href":"https:\/\/api.w.org\/{rel}","templated":true}]}}