{"id":2816,"date":"2022-04-18T09:59:36","date_gmt":"2022-04-18T09:59:36","guid":{"rendered":"https:\/\/zubochistka.az\/?post_type=product&#038;p=2816"},"modified":"2025-02-07T15:51:10","modified_gmt":"2025-02-07T11:51:10","slug":"%d0%b7%d1%83%d0%b1%d0%bd%d0%b0%d1%8f-%d0%bd%d0%b8%d1%82%d1%8c-miradent-mirafloss-implant-chx-22-%d0%bc%d0%bc-%d0%b4%d0%bb%d1%8f-%d0%b8%d0%bc%d0%bf%d0%bb%d0%b0%d0%bd%d1%82%d0%be%d0%b2-%d0%b1%d1%80","status":"publish","type":"product","link":"https:\/\/zubochistka.az\/az\/product\/%d0%b7%d1%83%d0%b1%d0%bd%d0%b0%d1%8f-%d0%bd%d0%b8%d1%82%d1%8c-miradent-mirafloss-implant-chx-22-%d0%bc%d0%bc-%d0%b4%d0%bb%d1%8f-%d0%b8%d0%bc%d0%bf%d0%bb%d0%b0%d0%bd%d1%82%d0%be%d0%b2-%d0%b1%d1%80\/","title":{"rendered":"Di\u015f sap\u0131 Miradent Mirafloss \u0130mplant Chx, 2,2 MM (\u0130mplantlar\/Breketl\u0259r) \u00fc\u00e7\u00fcn"},"content":{"rendered":"","protected":false},"excerpt":{"rendered":"<p>Antibakterial sap miradent Mirafloss\u00ae \u0130mplant chx orta qal\u0131nl\u0131qda (dipinin diametri - 2,2 mm), rulon \u015f\u0259klind\u0259. Praktik qutuda h\u0259r biri 15 sm olan 50 ip var, onlar\u0131 bir-bir k\u0259sm\u0259k v\u0259 \u00e7\u0131xarmaq asand\u0131r. Nazik u\u00e7lar\u0131 di\u015f sap\u0131n\u0131n ke\u00e7m\u0259sini asanla\u015fd\u0131r\u0131r. Di\u015f sap\u0131n orta hiss\u0259si 0,2% xlorheksidinl\u0259 hopdurulub, bel\u0259likl\u0259 implantlar, breketl\u0259r v\u0259 k\u00f6rp\u00fcl\u0259r \u00fc\u00e7\u00fcn ideal qulluq t\u0259min edir. Xlorheksidin bakteriyalar\u0131n b\u00f6y\u00fcm\u0259sini v\u0259 \u0259rpin \u0259m\u0259l\u0259 g\u0259lm\u0259sini dayand\u0131r\u0131r.<\/p>","protected":false},"featured_media":5860,"comment_status":"open","ping_status":"closed","template":"","meta":{"_eb_attr":"","site-sidebar-layout":"default","site-content-layout":"default","ast-site-content-layout":"default","site-content-style":"default","site-sidebar-style":"default","ast-global-header-display":"","ast-banner-title-visibility":"","ast-main-header-display":"","ast-hfb-above-header-display":"","ast-hfb-below-header-display":"","ast-hfb-mobile-header-display":"","site-post-title":"","ast-breadcrumbs-content":"","ast-featured-img":"","footer-sml-layout":"","ast-disable-related-posts":"","theme-transparent-header-meta":"default","adv-header-id-meta":"","stick-header-meta":"","header-above-stick-meta":"","header-main-stick-meta":"","header-below-stick-meta":"","astra-migrate-meta-layouts":"set","ast-page-background-enabled":"default","ast-page-background-meta":{"desktop":{"background-color":"var(--ast-global-color-4)","background-image":"","background-repeat":"repeat","background-position":"center center","background-size":"auto","background-attachment":"scroll","background-type":"","background-media":"","overlay-type":"","overlay-color":"","overlay-opacity":"","overlay-gradient":""},"tablet":{"background-color":"","background-image":"","background-repeat":"repeat","background-position":"center center","background-size":"auto","background-attachment":"scroll","background-type":"","background-media":"","overlay-type":"","overlay-color":"","overlay-opacity":"","overlay-gradient":""},"mobile":{"background-color":"","background-image":"","background-repeat":"repeat","background-position":"center center","background-size":"auto","background-attachment":"scroll","background-type":"","background-media":"","overlay-type":"","overlay-color":"","overlay-opacity":"","overlay-gradient":""}},"ast-content-background-meta":{"desktop":{"background-color":"var(--ast-global-color-5)","background-image":"","background-repeat":"repeat","background-position":"center center","background-size":"auto","background-attachment":"scroll","background-type":"","background-media":"","overlay-type":"","overlay-color":"","overlay-opacity":"","overlay-gradient":""},"tablet":{"background-color":"var(--ast-global-color-5)","background-image":"","background-repeat":"repeat","background-position":"center center","background-size":"auto","background-attachment":"scroll","background-type":"","background-media":"","overlay-type":"","overlay-color":"","overlay-opacity":"","overlay-gradient":""},"mobile":{"background-color":"var(--ast-global-color-5)","background-image":"","background-repeat":"repeat","background-position":"center center","background-size":"auto","background-attachment":"scroll","background-type":"","background-media":"","overlay-type":"","overlay-color":"","overlay-opacity":"","overlay-gradient":""}}},"product_brand":[81],"product_cat":[30],"product_tag":[],"class_list":{"0":"post-2816","1":"product","2":"type-product","3":"status-publish","4":"has-post-thumbnail","6":"product_brand-miradent","7":"product_cat-30","8":"desktop-align-left","9":"tablet-align-left","10":"mobile-align-left","12":"first","13":"outofstock","14":"shipping-taxable","15":"purchasable","16":"product-type-simple"},"jetpack_sharing_enabled":true,"_links":{"self":[{"href":"https:\/\/zubochistka.az\/az\/wp-json\/wp\/v2\/product\/2816","targetHints":{"allow":["GET"]}}],"collection":[{"href":"https:\/\/zubochistka.az\/az\/wp-json\/wp\/v2\/product"}],"about":[{"href":"https:\/\/zubochistka.az\/az\/wp-json\/wp\/v2\/types\/product"}],"replies":[{"embeddable":true,"href":"https:\/\/zubochistka.az\/az\/wp-json\/wp\/v2\/comments?post=2816"}],"wp:featuredmedia":[{"embeddable":true,"href":"https:\/\/zubochistka.az\/az\/wp-json\/wp\/v2\/media\/5860"}],"wp:attachment":[{"href":"https:\/\/zubochistka.az\/az\/wp-json\/wp\/v2\/media?parent=2816"}],"wp:term":[{"taxonomy":"product_brand","embeddable":true,"href":"https:\/\/zubochistka.az\/az\/wp-json\/wp\/v2\/product_brand?post=2816"},{"taxonomy":"product_cat","embeddable":true,"href":"https:\/\/zubochistka.az\/az\/wp-json\/wp\/v2\/product_cat?post=2816"},{"taxonomy":"product_tag","embeddable":true,"href":"https:\/\/zubochistka.az\/az\/wp-json\/wp\/v2\/product_tag?post=2816"}],"curies":[{"name":"wp","href":"https:\/\/api.w.org\/{rel}","templated":true}]}}