{"id":2825,"date":"2022-04-18T10:36:15","date_gmt":"2022-04-18T10:36:15","guid":{"rendered":"https:\/\/zubochistka.az\/?post_type=product&#038;p=2825"},"modified":"2026-03-04T11:47:07","modified_gmt":"2026-03-04T07:47:07","slug":"%d0%b7%d1%83%d0%b1%d0%bd%d0%b0%d1%8f-%d0%bf%d0%b0%d1%81%d1%82%d0%b0-miradent-mirasensitive-hap-%d0%b4%d0%bb%d1%8f-%d1%87%d1%83%d0%b2%d1%81%d1%82%d0%b2%d0%b8%d1%82%d0%b5%d0%bb%d1%8c%d0%bd%d1%8b%d1%85","status":"publish","type":"product","link":"https:\/\/zubochistka.az\/az\/product\/%d0%b7%d1%83%d0%b1%d0%bd%d0%b0%d1%8f-%d0%bf%d0%b0%d1%81%d1%82%d0%b0-miradent-mirasensitive-hap-%d0%b4%d0%bb%d1%8f-%d1%87%d1%83%d0%b2%d1%81%d1%82%d0%b2%d0%b8%d1%82%d0%b5%d0%bb%d1%8c%d0%bd%d1%8b%d1%85\/","title":{"rendered":"Miradent Mirasensitive hap+\ndi\u015f m\u0259cunu, 50 ml"},"content":{"rendered":"","protected":false},"excerpt":{"rendered":"<p>H\u0259ssas di\u015fl\u0259rin intensiv m\u00fcdafi\u0259si \u00fc\u00e7\u00fcn: Di\u015fl\u0259rin y\u00fcks\u0259k h\u0259ssasl\u0131\u011f\u0131- b\u00f6y\u00fckl\u0259rin 80%-nin tez v\u0259 ya gec qar\u015f\u0131la\u015fd\u0131\u011f\u0131 \u00e7ox tan\u0131\u015f problemdir. H\u0259ssasl\u0131\u011f\u0131n s\u0259b\u0259bi di\u015fl\u0259rin \u00e7\u0131lpaqla\u015fm\u0131\u015f boynu, di\u015f f\u0131r\u00e7as\u0131ndan v\u0259 ya mina-dentin s\u0259rh\u0259ddind\u0259 nazik mina qat\u0131na tsiklik t\u0259sird\u0259n ba\u015f ver\u0259n z\u0259d\u0259l\u0259nm\u0259dir.<\/p>\n<p>\u0130nnovativ duo-kompleks hap+ bir t\u0259r\u0259fd\u0259n uy\u011fun t\u0259bii emal (30%-li qidroksiapatit) formala\u015fd\u0131rmaqla dentin kanallar\u0131n\u0131 doldurur, dig\u0259r t\u0259r\u0259fd\u0259n is\u0259 (5%-li kaliyum ionlar\u0131) dentin kanallar\u0131 il\u0259 sinirin\u0259 do\u011fru q\u0131c\u0131q selinin qar\u015f\u0131s\u0131n\u0131 almaqla sinir q\u0131c\u0131qlanmalar\u0131n\u0131 azald\u0131r. \u0130\u015fl\u0259nm\u0259 prosesind\u0259, ani yaranan a\u011fr\u0131lar\u0131 v\u0259 daimi h\u0259ssasl\u0131\u011f\u0131 aradan g\u00f6t\u00fcrm\u0259k m\u00fcmk\u00fcn oldu.<\/p>\n<p>T\u0259rkibind\u0259ki fl\u00fcor (1.450 ppm) Mirasensitive hap+\u0131n g\u00fcnd\u0259lik t\u0259mizl\u0259m\u0259 \u00fc\u00e7\u00fcn ideald\u0131r v\u0259 di\u015fl\u0259ri kariesd\u0259n m\u00fcdafi\u0259 edir. \nAdi di\u015f pastas\u0131n\u0131 tam \u0259v\u0259z ed\u0259 bil\u0259r.<\/p>\n<p><strong>T\u0259rkibi:<\/strong><\/p>\n<p>Hydroxylapatite, Aqua, Sorbitol, Xylitol, Propylene Glycol, Potassium Citrate, Tetrapotassium Pyrophosphate, Cellulose Gum, Aroma, Sodium C 14-16 Olefin Sulfonate, Cocamidopropyl Betaine, Disodium Pyrophosphate, Sodium Fluoride, Sodium Saccharin, Sodium Chloride, Limonene, CI 77891<\/p>","protected":false},"featured_media":5858,"comment_status":"open","ping_status":"closed","template":"","meta":{"_eb_attr":"","site-sidebar-layout":"default","site-content-layout":"default","ast-site-content-layout":"default","site-content-style":"default","site-sidebar-style":"default","ast-global-header-display":"","ast-banner-title-visibility":"","ast-main-header-display":"","ast-hfb-above-header-display":"","ast-hfb-below-header-display":"","ast-hfb-mobile-header-display":"","site-post-title":"","ast-breadcrumbs-content":"","ast-featured-img":"","footer-sml-layout":"","ast-disable-related-posts":"","theme-transparent-header-meta":"default","adv-header-id-meta":"","stick-header-meta":"","header-above-stick-meta":"","header-main-stick-meta":"","header-below-stick-meta":"","astra-migrate-meta-layouts":"set","ast-page-background-enabled":"default","ast-page-background-meta":{"desktop":{"background-color":"var(--ast-global-color-4)","background-image":"","background-repeat":"repeat","background-position":"center center","background-size":"auto","background-attachment":"scroll","background-type":"","background-media":"","overlay-type":"","overlay-color":"","overlay-opacity":"","overlay-gradient":""},"tablet":{"background-color":"","background-image":"","background-repeat":"repeat","background-position":"center center","background-size":"auto","background-attachment":"scroll","background-type":"","background-media":"","overlay-type":"","overlay-color":"","overlay-opacity":"","overlay-gradient":""},"mobile":{"background-color":"","background-image":"","background-repeat":"repeat","background-position":"center center","background-size":"auto","background-attachment":"scroll","background-type":"","background-media":"","overlay-type":"","overlay-color":"","overlay-opacity":"","overlay-gradient":""}},"ast-content-background-meta":{"desktop":{"background-color":"var(--ast-global-color-5)","background-image":"","background-repeat":"repeat","background-position":"center center","background-size":"auto","background-attachment":"scroll","background-type":"","background-media":"","overlay-type":"","overlay-color":"","overlay-opacity":"","overlay-gradient":""},"tablet":{"background-color":"var(--ast-global-color-5)","background-image":"","background-repeat":"repeat","background-position":"center center","background-size":"auto","background-attachment":"scroll","background-type":"","background-media":"","overlay-type":"","overlay-color":"","overlay-opacity":"","overlay-gradient":""},"mobile":{"background-color":"var(--ast-global-color-5)","background-image":"","background-repeat":"repeat","background-position":"center center","background-size":"auto","background-attachment":"scroll","background-type":"","background-media":"","overlay-type":"","overlay-color":"","overlay-opacity":"","overlay-gradient":""}}},"product_brand":[81],"product_cat":[21,59],"product_tag":[],"class_list":{"0":"post-2825","1":"product","2":"type-product","3":"status-publish","4":"has-post-thumbnail","6":"product_brand-miradent","7":"product_cat-21","8":"product_cat-59","9":"desktop-align-left","10":"tablet-align-left","11":"mobile-align-left","13":"first","14":"instock","15":"shipping-taxable","16":"purchasable","17":"product-type-simple"},"jetpack_sharing_enabled":true,"_links":{"self":[{"href":"https:\/\/zubochistka.az\/az\/wp-json\/wp\/v2\/product\/2825","targetHints":{"allow":["GET"]}}],"collection":[{"href":"https:\/\/zubochistka.az\/az\/wp-json\/wp\/v2\/product"}],"about":[{"href":"https:\/\/zubochistka.az\/az\/wp-json\/wp\/v2\/types\/product"}],"replies":[{"embeddable":true,"href":"https:\/\/zubochistka.az\/az\/wp-json\/wp\/v2\/comments?post=2825"}],"wp:featuredmedia":[{"embeddable":true,"href":"https:\/\/zubochistka.az\/az\/wp-json\/wp\/v2\/media\/5858"}],"wp:attachment":[{"href":"https:\/\/zubochistka.az\/az\/wp-json\/wp\/v2\/media?parent=2825"}],"wp:term":[{"taxonomy":"product_brand","embeddable":true,"href":"https:\/\/zubochistka.az\/az\/wp-json\/wp\/v2\/product_brand?post=2825"},{"taxonomy":"product_cat","embeddable":true,"href":"https:\/\/zubochistka.az\/az\/wp-json\/wp\/v2\/product_cat?post=2825"},{"taxonomy":"product_tag","embeddable":true,"href":"https:\/\/zubochistka.az\/az\/wp-json\/wp\/v2\/product_tag?post=2825"}],"curies":[{"name":"wp","href":"https:\/\/api.w.org\/{rel}","templated":true}]}}