{"id":2869,"date":"2022-04-26T09:59:51","date_gmt":"2022-04-26T05:59:51","guid":{"rendered":"https:\/\/zubochistka.az\/?post_type=product&#038;p=2869"},"modified":"2025-02-07T15:43:59","modified_gmt":"2025-02-07T11:43:59","slug":"%d0%be%d0%bf%d0%be%d0%bb%d0%b0%d1%81%d0%ba%d0%b8%d0%b2%d0%b0%d1%82%d0%b5%d0%bb%d1%8c-%d0%b4%d0%bb%d1%8f-%d0%bf%d0%be%d0%bb%d0%be%d1%81%d1%82%d0%b8-%d1%80%d1%82%d0%b0-%d0%b0%d0%ba%d1%82%d0%b8","status":"publish","type":"product","link":"https:\/\/zubochistka.az\/az\/product\/%d0%be%d0%bf%d0%be%d0%bb%d0%b0%d1%81%d0%ba%d0%b8%d0%b2%d0%b0%d1%82%d0%b5%d0%bb%d1%8c-%d0%b4%d0%bb%d1%8f-%d0%bf%d0%be%d0%bb%d0%be%d1%81%d1%82%d0%b8-%d1%80%d1%82%d0%b0-%d0%b0%d0%ba%d1%82%d0%b8\/","title":{"rendered":"\u041e\u043f\u043e\u043b\u0430\u0441\u043a\u0438\u0432\u0430\u0442\u0435\u043b\u044c \u0434\u043b\u044f \u043f\u043e\u043b\u043e\u0441\u0442\u0438 \u0440\u0442\u0430 SYNERGETIC \u00ab\u0410\u043a\u0442\u0438\u0432\u043d\u0430\u044f \u0437\u0430\u0449\u0438\u0442\u0430\u00bb \u041b\u0410\u0419\u041c + \u041c\u042f\u0422\u0410, 200\u043c\u043b"},"content":{"rendered":"","protected":false},"excerpt":{"rendered":"<p>T\u0259bii a\u011f\u0131z yaxalay\u0131c\u0131s\u0131 SYNERGETIC \"Aktiv Qoruma\" bitki ekstraktlar\u0131, 99% -d\u0259n \u00e7ox t\u0259bii madd\u0259l\u0259r, kariyesd\u0259n qoruyur, t\u0259rav\u0259tli n\u0259f\u0259s verir v\u0259 di\u015fl\u0259ri v\u0259 di\u015f \u0259tl\u0259rini sa\u011flam saxlay\u0131r. H\u0259rt\u0259r\u0259fli a\u011f\u0131z bax\u0131m\u0131. T\u0259rkibind\u0259ki \u00e7obanyast\u0131\u011f\u0131, kalendula, civanper\u00e7emi, ada\u00e7ay\u0131 v\u0259 aloe veran\u0131n t\u0259bii ekstraktlar\u0131, h\u0259m\u00e7inin Almaniyadan v\u0259 \u0130sve\u00e7r\u0259d\u0259n olan bitki t\u0259rkibli A, C, E vitaminl\u0259ri iltihab\u0131 azaltma\u011fa k\u00f6m\u0259k edir, a\u011f\u0131z bo\u015flu\u011funun selikli qi\u015fas\u0131na v\u0259 di\u015f \u0259tl\u0259rin\u0259 sakitl\u0259\u015fdirici, g\u00fccl\u0259ndirici v\u0259 m\u00fcalic\u0259vi t\u0259sir g\u00f6st\u0259rir. Ksilitol kariogen bakteriyalar\u0131n say\u0131n\u0131 azald\u0131r, berqamot v\u0259 \u0259tir\u015fah\u0131n efir ya\u011flar\u0131 kompleksi uzunm\u00fcdd\u0259tli n\u0259f\u0259s t\u0259rav\u0259tini t\u0259min edir.<br \/>\nSYNERGETIC Natural t\u0259rkibind\u0259 he\u00e7 bir heyvanm\u0259n\u015f\u0259li komponent yoxdur,Vegan markas\u0131 etik m\u0259hsullar \u00fc\u00e7\u00fcn d\u00fcnya standart\u0131d\u0131r. \n T\u0259rkibind\u0259 fl\u00fcor, boyalar, sintetik \u0259tirl\u0259r, SLS, SLES, PEG, saxarin, parabenl\u0259r, triklosan, xlorheksidin, spirt yoxdur.<\/p>\n<h2>T\u0259rkibi<\/h2>\n<p>Aqua (su); Gliserin (t\u0259bii n\u0259ml\u0259ndirici t\u0259rkib hiss\u0259si); Polyglyceryl-4 Laurate \/ Sebacate, Polyglyceryl-6 Caprylate \/ Caprate (bitki emulqatorlar\u0131); Ksilitol (a\u011f\u0131z bo\u015flu\u011funda kariogen bakteriyalar\u0131n say\u0131n\u0131 azaldan t\u0259bii m\u0259n\u015f\u0259li komponent); natrium benzoat, kalium sorbat (t\u0259bii konservantlar); Aroma (\"\u018fh\u0259ng + Nan\u0259\" aromatik t\u0259rkibi); Stevioside (t\u0259bii tatland\u0131r\u0131c\u0131); Natrium Lauroyl Sarcosinate (yum\u015faq t\u0259mizl\u0259yici v\u0259 k\u00f6p\u00fckl\u0259ndirici t\u0259sir\u0259 malik bitki m\u0259n\u015f\u0259li komponent); Chamomilla Recutita (Matricaria) ekstrakt\u0131 (\u00e7obanyast\u0131\u011f\u0131 ekstrakt\u0131); Calendula Officinalis \u00c7i\u00e7\u0259k Ekstrakt\u0131 (kalendula ekstrakt\u0131); Salvia Officinalis Essential Extract (civanper\u00e7emi ekstrakt\u0131); Achillea Millefolium ekstrakt\u0131 (ada\u00e7ay\u0131 ekstrakt\u0131); Aloe Barbadensis ekstrakt\u0131 (aloe vera ekstrakt\u0131); Sitrik tur\u015fusu (limon tur\u015fusu); Citrus Aurantium Bergamia (Bergamot) Meyv\u0259 Ya\u011f\u0131 (berqamot efir ya\u011f\u0131); Pelargonium Graveolens \u00c7i\u00e7\u0259k Ya\u011f\u0131 (\u0259tir\u015fah efir ya\u011f\u0131); Bisabolol (bitki ekstrakt\u0131); Tokoferol \/ Vitamin E (Vitamin E); Tiamin \/ Vitamin B1 (Vitamin B1); Riboflavin \/ Vitamin B2 (Vitamin B2); niasinamid (vitamin B3); pantotenik tur\u015fu (B5 vitamini); Piridoksin \/ Vitamin B6 (Vitamin B6); Siyanokobalamin \/ Vitamin B12 (Vitamin B12), Askorbin tur\u015fusu \/ Vitamin C (Vitamin C); Fol tur\u015fusu \/ Vitamin B9 (Vitamin B9); Biotin (H vitamini); Retinil Palmitat \/ Vitamin A (Vitamin A); Maltodekstrin (bitki emulqatoru).<br \/>\n* T\u0259biilik faizi 99,3% SYNERGETIC standart\u0131na uy\u011fun olaraq hesablan\u0131r.<\/p>\n<p>&nbsp;<\/p>","protected":false},"featured_media":5854,"comment_status":"open","ping_status":"closed","template":"","meta":{"_eb_attr":"","site-sidebar-layout":"default","site-content-layout":"default","ast-site-content-layout":"default","site-content-style":"default","site-sidebar-style":"default","ast-global-header-display":"","ast-banner-title-visibility":"","ast-main-header-display":"","ast-hfb-above-header-display":"","ast-hfb-below-header-display":"","ast-hfb-mobile-header-display":"","site-post-title":"","ast-breadcrumbs-content":"","ast-featured-img":"","footer-sml-layout":"","ast-disable-related-posts":"","theme-transparent-header-meta":"default","adv-header-id-meta":"","stick-header-meta":"","header-above-stick-meta":"","header-main-stick-meta":"","header-below-stick-meta":"","astra-migrate-meta-layouts":"set","ast-page-background-enabled":"default","ast-page-background-meta":{"desktop":{"background-color":"var(--ast-global-color-4)","background-image":"","background-repeat":"repeat","background-position":"center center","background-size":"auto","background-attachment":"scroll","background-type":"","background-media":"","overlay-type":"","overlay-color":"","overlay-opacity":"","overlay-gradient":""},"tablet":{"background-color":"","background-image":"","background-repeat":"repeat","background-position":"center center","background-size":"auto","background-attachment":"scroll","background-type":"","background-media":"","overlay-type":"","overlay-color":"","overlay-opacity":"","overlay-gradient":""},"mobile":{"background-color":"","background-image":"","background-repeat":"repeat","background-position":"center center","background-size":"auto","background-attachment":"scroll","background-type":"","background-media":"","overlay-type":"","overlay-color":"","overlay-opacity":"","overlay-gradient":""}},"ast-content-background-meta":{"desktop":{"background-color":"var(--ast-global-color-5)","background-image":"","background-repeat":"repeat","background-position":"center center","background-size":"auto","background-attachment":"scroll","background-type":"","background-media":"","overlay-type":"","overlay-color":"","overlay-opacity":"","overlay-gradient":""},"tablet":{"background-color":"var(--ast-global-color-5)","background-image":"","background-repeat":"repeat","background-position":"center center","background-size":"auto","background-attachment":"scroll","background-type":"","background-media":"","overlay-type":"","overlay-color":"","overlay-opacity":"","overlay-gradient":""},"mobile":{"background-color":"var(--ast-global-color-5)","background-image":"","background-repeat":"repeat","background-position":"center center","background-size":"auto","background-attachment":"scroll","background-type":"","background-media":"","overlay-type":"","overlay-color":"","overlay-opacity":"","overlay-gradient":""}}},"product_brand":[86],"product_cat":[67,43,29],"product_tag":[],"class_list":{"0":"post-2869","1":"product","2":"type-product","3":"status-publish","4":"has-post-thumbnail","6":"product_brand-synergetic","7":"product_cat-67","8":"product_cat-43","9":"product_cat-29","10":"desktop-align-left","11":"tablet-align-left","12":"mobile-align-left","14":"first","15":"outofstock","16":"shipping-taxable","17":"purchasable","18":"product-type-simple"},"jetpack_sharing_enabled":true,"_links":{"self":[{"href":"https:\/\/zubochistka.az\/az\/wp-json\/wp\/v2\/product\/2869","targetHints":{"allow":["GET"]}}],"collection":[{"href":"https:\/\/zubochistka.az\/az\/wp-json\/wp\/v2\/product"}],"about":[{"href":"https:\/\/zubochistka.az\/az\/wp-json\/wp\/v2\/types\/product"}],"replies":[{"embeddable":true,"href":"https:\/\/zubochistka.az\/az\/wp-json\/wp\/v2\/comments?post=2869"}],"wp:featuredmedia":[{"embeddable":true,"href":"https:\/\/zubochistka.az\/az\/wp-json\/wp\/v2\/media\/5854"}],"wp:attachment":[{"href":"https:\/\/zubochistka.az\/az\/wp-json\/wp\/v2\/media?parent=2869"}],"wp:term":[{"taxonomy":"product_brand","embeddable":true,"href":"https:\/\/zubochistka.az\/az\/wp-json\/wp\/v2\/product_brand?post=2869"},{"taxonomy":"product_cat","embeddable":true,"href":"https:\/\/zubochistka.az\/az\/wp-json\/wp\/v2\/product_cat?post=2869"},{"taxonomy":"product_tag","embeddable":true,"href":"https:\/\/zubochistka.az\/az\/wp-json\/wp\/v2\/product_tag?post=2869"}],"curies":[{"name":"wp","href":"https:\/\/api.w.org\/{rel}","templated":true}]}}