{"id":2947,"date":"2022-05-10T06:20:12","date_gmt":"2022-05-10T06:20:12","guid":{"rendered":"https:\/\/zubochistka.az\/?post_type=product&#038;p=2947"},"modified":"2025-02-07T15:39:48","modified_gmt":"2025-02-07T11:39:48","slug":"%d1%89%d0%b5%d1%82%d0%ba%d0%b0-%d0%b4%d0%bb%d1%8f-%d0%bf%d1%80%d0%be%d1%82%d0%b5%d0%b7%d0%be%d0%b2-miradent-protho-brush-de-luxe","status":"publish","type":"product","link":"https:\/\/zubochistka.az\/az\/product\/%d1%89%d0%b5%d1%82%d0%ba%d0%b0-%d0%b4%d0%bb%d1%8f-%d0%bf%d1%80%d0%be%d1%82%d0%b5%d0%b7%d0%be%d0%b2-miradent-protho-brush-de-luxe\/","title":{"rendered":"\u0429\u0435\u0442\u043a\u0430 \u0434\u043b\u044f \u043f\u0440\u043e\u0442\u0435\u0437\u043e\u0432 Miradent Protho Brush De luxe"},"content":{"rendered":"","protected":false},"excerpt":{"rendered":"<p>Miradent Protho Brush\u00ae De Luxe f\u0131r\u00e7as\u0131 \u00e7\u0131xar\u0131la bil\u0259n protezl\u0259ri qida qal\u0131qlar\u0131ndan effektiv \u015f\u0259kild\u0259 t\u0259mizl\u0259m\u0259k \u00fc\u00e7\u00fcn n\u0259z\u0259rd\u0259 tutulmu\u015fdur.Erqonomik s\u0259kkizbucaql\u0131 tutacaq \u0259ll\u0259rin motorikas\u0131nda v\u0259 \u0259ll\u0259rin elastikliyind\u0259 problemi olan ya\u015fl\u0131 insanlar\u0131n istifad\u0259si \u00fc\u00e7\u00fcn \u0259lveri\u015flidir.Miradent Protho Brush\u00ae De Luxe f\u0131r\u00e7as\u0131n\u0131n m\u00fcnt\u0259z\u0259m istifad\u0259si protez v\u0259 di\u015f \u00e7\u00f6k\u00fcnt\u00fcl\u0259rinin \u0259m\u0259l\u0259 g\u0259lm\u0259sinin v\u0259 a\u011f\u0131z qoxusunun qar\u015f\u0131s\u0131n\u0131 al\u0131r.<\/p>","protected":false},"featured_media":5609,"comment_status":"open","ping_status":"closed","template":"","meta":{"_eb_attr":"","site-sidebar-layout":"default","site-content-layout":"default","ast-site-content-layout":"default","site-content-style":"default","site-sidebar-style":"default","ast-global-header-display":"","ast-banner-title-visibility":"","ast-main-header-display":"","ast-hfb-above-header-display":"","ast-hfb-below-header-display":"","ast-hfb-mobile-header-display":"","site-post-title":"","ast-breadcrumbs-content":"","ast-featured-img":"","footer-sml-layout":"","ast-disable-related-posts":"","theme-transparent-header-meta":"default","adv-header-id-meta":"","stick-header-meta":"","header-above-stick-meta":"","header-main-stick-meta":"","header-below-stick-meta":"","astra-migrate-meta-layouts":"set","ast-page-background-enabled":"default","ast-page-background-meta":{"desktop":{"background-color":"var(--ast-global-color-4)","background-image":"","background-repeat":"repeat","background-position":"center center","background-size":"auto","background-attachment":"scroll","background-type":"","background-media":"","overlay-type":"","overlay-color":"","overlay-opacity":"","overlay-gradient":""},"tablet":{"background-color":"","background-image":"","background-repeat":"repeat","background-position":"center center","background-size":"auto","background-attachment":"scroll","background-type":"","background-media":"","overlay-type":"","overlay-color":"","overlay-opacity":"","overlay-gradient":""},"mobile":{"background-color":"","background-image":"","background-repeat":"repeat","background-position":"center center","background-size":"auto","background-attachment":"scroll","background-type":"","background-media":"","overlay-type":"","overlay-color":"","overlay-opacity":"","overlay-gradient":""}},"ast-content-background-meta":{"desktop":{"background-color":"var(--ast-global-color-5)","background-image":"","background-repeat":"repeat","background-position":"center center","background-size":"auto","background-attachment":"scroll","background-type":"","background-media":"","overlay-type":"","overlay-color":"","overlay-opacity":"","overlay-gradient":""},"tablet":{"background-color":"var(--ast-global-color-5)","background-image":"","background-repeat":"repeat","background-position":"center center","background-size":"auto","background-attachment":"scroll","background-type":"","background-media":"","overlay-type":"","overlay-color":"","overlay-opacity":"","overlay-gradient":""},"mobile":{"background-color":"var(--ast-global-color-5)","background-image":"","background-repeat":"repeat","background-position":"center center","background-size":"auto","background-attachment":"scroll","background-type":"","background-media":"","overlay-type":"","overlay-color":"","overlay-opacity":"","overlay-gradient":""}}},"product_brand":[81],"product_cat":[23,60],"product_tag":[],"class_list":{"0":"post-2947","1":"product","2":"type-product","3":"status-publish","4":"has-post-thumbnail","6":"product_brand-miradent","7":"product_cat-23","8":"product_cat-60","9":"desktop-align-left","10":"tablet-align-left","11":"mobile-align-left","13":"first","14":"instock","15":"shipping-taxable","16":"purchasable","17":"product-type-simple"},"jetpack_sharing_enabled":true,"_links":{"self":[{"href":"https:\/\/zubochistka.az\/az\/wp-json\/wp\/v2\/product\/2947","targetHints":{"allow":["GET"]}}],"collection":[{"href":"https:\/\/zubochistka.az\/az\/wp-json\/wp\/v2\/product"}],"about":[{"href":"https:\/\/zubochistka.az\/az\/wp-json\/wp\/v2\/types\/product"}],"replies":[{"embeddable":true,"href":"https:\/\/zubochistka.az\/az\/wp-json\/wp\/v2\/comments?post=2947"}],"wp:featuredmedia":[{"embeddable":true,"href":"https:\/\/zubochistka.az\/az\/wp-json\/wp\/v2\/media\/5609"}],"wp:attachment":[{"href":"https:\/\/zubochistka.az\/az\/wp-json\/wp\/v2\/media?parent=2947"}],"wp:term":[{"taxonomy":"product_brand","embeddable":true,"href":"https:\/\/zubochistka.az\/az\/wp-json\/wp\/v2\/product_brand?post=2947"},{"taxonomy":"product_cat","embeddable":true,"href":"https:\/\/zubochistka.az\/az\/wp-json\/wp\/v2\/product_cat?post=2947"},{"taxonomy":"product_tag","embeddable":true,"href":"https:\/\/zubochistka.az\/az\/wp-json\/wp\/v2\/product_tag?post=2947"}],"curies":[{"name":"wp","href":"https:\/\/api.w.org\/{rel}","templated":true}]}}