{"id":2956,"date":"2022-05-10T10:06:02","date_gmt":"2022-05-10T10:06:02","guid":{"rendered":"https:\/\/zubochistka.az\/?post_type=product&#038;p=2956"},"modified":"2025-02-07T15:36:37","modified_gmt":"2025-02-07T11:36:37","slug":"%d0%b7%d1%83%d0%b1%d0%bd%d0%b0%d1%8f-%d1%89%d0%b5%d1%82%d0%ba%d0%b0-miradent-carebrush-white%d0%b7%d0%b5%d0%bb%d0%b5%d0%bd%d0%b0%d1%8f","status":"publish","type":"product","link":"https:\/\/zubochistka.az\/az\/product\/%d0%b7%d1%83%d0%b1%d0%bd%d0%b0%d1%8f-%d1%89%d0%b5%d1%82%d0%ba%d0%b0-miradent-carebrush-white%d0%b7%d0%b5%d0%bb%d0%b5%d0%bd%d0%b0%d1%8f\/","title":{"rendered":"Di\u015f F\u0131r\u00e7as\u0131 Miradent Carebrush White,\nya\u015f\u0131l"},"content":{"rendered":"","protected":false},"excerpt":{"rendered":"<h4>Carebrush\u00ae a\u011fard\u0131c\u0131 di\u015f f\u0131r\u00e7as\u0131<\/h4>\n<p>T\u00fckc\u00fckl\u0259rin \u00e7arpaz d\u00fcz\u00fcl\u00fc\u015f\u00fc di\u015fl\u0259ri v\u0259 di\u015fl\u0259raras\u0131 bo\u015fluqlar\u0131 h\u0259rt\u0259r\u0259fli t\u0259mizl\u0259m\u0259y\u0259 imkan verir. Carebrush\u00ae white di\u015f f\u0131r\u00e7as\u0131n\u0131n rezin b\u0131\u00e7aqlar\u0131n\u0131 di\u015fl\u0259rin pe\u015f\u0259kar t\u0259mizl\u0259nm\u0259 il\u0259 m\u00fcqayis\u0259 edil\u0259 bil\u0259r. Rezin s\u00fcnb\u00fcll\u0259r di\u015fl\u0259rin s\u0259thini z\u0259rifc\u0259 a\u011fard\u0131r, a\u011f\u0131z bo\u015flu\u011funu h\u0259rt\u0259r\u0259fli t\u0259mizl\u0259yir. Bel\u0259likl\u0259, di\u015fl\u0259rin t\u0259bii a\u011fl\u0131\u011f\u0131 b\u0259rpa olunur.F\u0131r\u00e7an\u0131n s\u00fcr\u00fc\u015fm\u0259y\u0259 qar\u015f\u0131 erqonomik tutaca\u011f\u0131 rezin hiss\u0259l\u0259ri il\u0259 t\u0259chiz olunub v\u0259 istifad\u0259si \u00e7ox rahatd\u0131r.<\/p>","protected":false},"featured_media":5605,"comment_status":"open","ping_status":"closed","template":"","meta":{"_eb_attr":"","site-sidebar-layout":"default","site-content-layout":"default","ast-site-content-layout":"default","site-content-style":"default","site-sidebar-style":"default","ast-global-header-display":"","ast-banner-title-visibility":"","ast-main-header-display":"","ast-hfb-above-header-display":"","ast-hfb-below-header-display":"","ast-hfb-mobile-header-display":"","site-post-title":"","ast-breadcrumbs-content":"","ast-featured-img":"","footer-sml-layout":"","ast-disable-related-posts":"","theme-transparent-header-meta":"default","adv-header-id-meta":"","stick-header-meta":"","header-above-stick-meta":"","header-main-stick-meta":"","header-below-stick-meta":"","astra-migrate-meta-layouts":"set","ast-page-background-enabled":"default","ast-page-background-meta":{"desktop":{"background-color":"var(--ast-global-color-4)","background-image":"","background-repeat":"repeat","background-position":"center center","background-size":"auto","background-attachment":"scroll","background-type":"","background-media":"","overlay-type":"","overlay-color":"","overlay-opacity":"","overlay-gradient":""},"tablet":{"background-color":"","background-image":"","background-repeat":"repeat","background-position":"center center","background-size":"auto","background-attachment":"scroll","background-type":"","background-media":"","overlay-type":"","overlay-color":"","overlay-opacity":"","overlay-gradient":""},"mobile":{"background-color":"","background-image":"","background-repeat":"repeat","background-position":"center center","background-size":"auto","background-attachment":"scroll","background-type":"","background-media":"","overlay-type":"","overlay-color":"","overlay-opacity":"","overlay-gradient":""}},"ast-content-background-meta":{"desktop":{"background-color":"var(--ast-global-color-5)","background-image":"","background-repeat":"repeat","background-position":"center center","background-size":"auto","background-attachment":"scroll","background-type":"","background-media":"","overlay-type":"","overlay-color":"","overlay-opacity":"","overlay-gradient":""},"tablet":{"background-color":"var(--ast-global-color-5)","background-image":"","background-repeat":"repeat","background-position":"center center","background-size":"auto","background-attachment":"scroll","background-type":"","background-media":"","overlay-type":"","overlay-color":"","overlay-opacity":"","overlay-gradient":""},"mobile":{"background-color":"var(--ast-global-color-5)","background-image":"","background-repeat":"repeat","background-position":"center center","background-size":"auto","background-attachment":"scroll","background-type":"","background-media":"","overlay-type":"","overlay-color":"","overlay-opacity":"","overlay-gradient":""}}},"product_brand":[81],"product_cat":[24,23,60],"product_tag":[],"class_list":{"0":"post-2956","1":"product","2":"type-product","3":"status-publish","4":"has-post-thumbnail","6":"product_brand-miradent","7":"product_cat-24","8":"product_cat-23","9":"product_cat-60","10":"desktop-align-left","11":"tablet-align-left","12":"mobile-align-left","14":"first","15":"instock","16":"shipping-taxable","17":"purchasable","18":"product-type-simple"},"jetpack_sharing_enabled":true,"_links":{"self":[{"href":"https:\/\/zubochistka.az\/az\/wp-json\/wp\/v2\/product\/2956","targetHints":{"allow":["GET"]}}],"collection":[{"href":"https:\/\/zubochistka.az\/az\/wp-json\/wp\/v2\/product"}],"about":[{"href":"https:\/\/zubochistka.az\/az\/wp-json\/wp\/v2\/types\/product"}],"replies":[{"embeddable":true,"href":"https:\/\/zubochistka.az\/az\/wp-json\/wp\/v2\/comments?post=2956"}],"wp:featuredmedia":[{"embeddable":true,"href":"https:\/\/zubochistka.az\/az\/wp-json\/wp\/v2\/media\/5605"}],"wp:attachment":[{"href":"https:\/\/zubochistka.az\/az\/wp-json\/wp\/v2\/media?parent=2956"}],"wp:term":[{"taxonomy":"product_brand","embeddable":true,"href":"https:\/\/zubochistka.az\/az\/wp-json\/wp\/v2\/product_brand?post=2956"},{"taxonomy":"product_cat","embeddable":true,"href":"https:\/\/zubochistka.az\/az\/wp-json\/wp\/v2\/product_cat?post=2956"},{"taxonomy":"product_tag","embeddable":true,"href":"https:\/\/zubochistka.az\/az\/wp-json\/wp\/v2\/product_tag?post=2956"}],"curies":[{"name":"wp","href":"https:\/\/api.w.org\/{rel}","templated":true}]}}