{"id":4081,"date":"2022-11-30T06:50:24","date_gmt":"2022-11-30T06:50:24","guid":{"rendered":"https:\/\/zubochistka.az\/?post_type=product&#038;p=4081"},"modified":"2025-02-07T15:16:11","modified_gmt":"2025-02-07T11:16:11","slug":"curaprox-cs-5460-summer-edition-2022","status":"publish","type":"product","link":"https:\/\/zubochistka.az\/az\/product\/curaprox-cs-5460-summer-edition-2022\/","title":{"rendered":"Curaprox CS 5460 Summer Edition 2022"},"content":{"rendered":"","protected":false},"excerpt":{"rendered":"<p>C\u0259lbedici vanna ota\u011f\u0131 aksesuar\u0131. Bu di\u015f f\u0131r\u00e7alar\u0131 d\u00fcnyan\u0131n h\u0259r yerind\u0259n k\u00f6kl\u00fc v\u0259 inki\u015faf etm\u0259kd\u0259 olan r\u0259ssamlarla \u0259m\u0259kda\u015fl\u0131\u011f\u0131n n\u0259tic\u0259sidir. Di\u015f f\u0131r\u00e7as\u0131 haz\u0131rlamaq tap\u015f\u0131r\u0131ld\u0131qda onlar\u0131n ham\u0131s\u0131 bir az t\u0259\u0259cc\u00fcbl\u0259ndil\u0259r, lakin bu r\u0259ssamlar indi CS 5460-dan \u00f6zl\u0259ri istifad\u0259 edirl\u0259r.<\/p>\n<p>&nbsp;<\/p>\n<p>Z\u0259rif Curen\u00ae t\u00fckc\u00fckl\u0259ri<\/p>\n<ul>\n<li>\u2022 5460 s\u0131x \u015f\u0259kild\u0259 y\u0131\u011f\u0131lm\u0131\u015f Curen\u00ae t\u00fckc\u00fckl\u0259ri say\u0259sind\u0259 effektiv t\u0259mizl\u0259yici s\u0259th.<\/li>\n<li>\u2022 Y\u00fcng\u00fcl bucaq alt\u0131nda olan y\u0131\u011fcam ba\u015fl\u0131q a\u011f\u0131z bo\u015flu\u011funun h\u0259r k\u00fcnc\u00fcn\u0259 \u00e7at\u0131r.<\/li>\n<li>\u2022 S\u0259kkizgu\u015f\u0259li tutacaq d\u00fczg\u00fcn bucaq alt\u0131nda f\u0131r\u00e7alama\u011fa k\u00f6m\u0259k edir.<\/li>\n<li>\u2022 \u0130sve\u00e7r\u0259d\u0259 istehsal edilmi\u015fdir<\/li>\n<\/ul>\n<p>Curaprox di\u015f f\u0131r\u00e7alar\u0131 sizi f\u0131r\u00e7alama zaman\u0131 z\u0259d\u0259l\u0259nm\u0259d\u0259n qoruyur, \u0259rpi optimal \u015f\u0259kild\u0259 par\u00e7alay\u0131r v\u0259 t\u0259mizl\u0259yir. Curen\u00ae t\u00fckc\u00fckl\u0259ri neylon t\u00fckc\u00fckl\u0259rd\u0259n daha s\u0259rtdir v\u0259 quruyanda oldu\u011fu kimi a\u011f\u0131zda m\u00f6hk\u0259m qal\u0131r.<\/p>","protected":false},"featured_media":5591,"comment_status":"open","ping_status":"closed","template":"","meta":{"_eb_attr":"","site-sidebar-layout":"default","site-content-layout":"default","ast-site-content-layout":"default","site-content-style":"default","site-sidebar-style":"default","ast-global-header-display":"","ast-banner-title-visibility":"","ast-main-header-display":"","ast-hfb-above-header-display":"","ast-hfb-below-header-display":"","ast-hfb-mobile-header-display":"","site-post-title":"","ast-breadcrumbs-content":"","ast-featured-img":"","footer-sml-layout":"","ast-disable-related-posts":"","theme-transparent-header-meta":"default","adv-header-id-meta":"","stick-header-meta":"","header-above-stick-meta":"","header-main-stick-meta":"","header-below-stick-meta":"","astra-migrate-meta-layouts":"set","ast-page-background-enabled":"default","ast-page-background-meta":{"desktop":{"background-color":"var(--ast-global-color-4)","background-image":"","background-repeat":"repeat","background-position":"center center","background-size":"auto","background-attachment":"scroll","background-type":"","background-media":"","overlay-type":"","overlay-color":"","overlay-opacity":"","overlay-gradient":""},"tablet":{"background-color":"","background-image":"","background-repeat":"repeat","background-position":"center center","background-size":"auto","background-attachment":"scroll","background-type":"","background-media":"","overlay-type":"","overlay-color":"","overlay-opacity":"","overlay-gradient":""},"mobile":{"background-color":"","background-image":"","background-repeat":"repeat","background-position":"center center","background-size":"auto","background-attachment":"scroll","background-type":"","background-media":"","overlay-type":"","overlay-color":"","overlay-opacity":"","overlay-gradient":""}},"ast-content-background-meta":{"desktop":{"background-color":"var(--ast-global-color-5)","background-image":"","background-repeat":"repeat","background-position":"center center","background-size":"auto","background-attachment":"scroll","background-type":"","background-media":"","overlay-type":"","overlay-color":"","overlay-opacity":"","overlay-gradient":""},"tablet":{"background-color":"var(--ast-global-color-5)","background-image":"","background-repeat":"repeat","background-position":"center center","background-size":"auto","background-attachment":"scroll","background-type":"","background-media":"","overlay-type":"","overlay-color":"","overlay-opacity":"","overlay-gradient":""},"mobile":{"background-color":"var(--ast-global-color-5)","background-image":"","background-repeat":"repeat","background-position":"center center","background-size":"auto","background-attachment":"scroll","background-type":"","background-media":"","overlay-type":"","overlay-color":"","overlay-opacity":"","overlay-gradient":""}}},"product_brand":[73],"product_cat":[40,23,60],"product_tag":[],"class_list":{"0":"post-4081","1":"product","2":"type-product","3":"status-publish","4":"has-post-thumbnail","6":"product_brand-curaprox","7":"product_cat-40","8":"product_cat-23","9":"product_cat-60","10":"desktop-align-left","11":"tablet-align-left","12":"mobile-align-left","14":"first","15":"outofstock","16":"shipping-taxable","17":"purchasable","18":"product-type-simple"},"jetpack_sharing_enabled":true,"_links":{"self":[{"href":"https:\/\/zubochistka.az\/az\/wp-json\/wp\/v2\/product\/4081","targetHints":{"allow":["GET"]}}],"collection":[{"href":"https:\/\/zubochistka.az\/az\/wp-json\/wp\/v2\/product"}],"about":[{"href":"https:\/\/zubochistka.az\/az\/wp-json\/wp\/v2\/types\/product"}],"replies":[{"embeddable":true,"href":"https:\/\/zubochistka.az\/az\/wp-json\/wp\/v2\/comments?post=4081"}],"wp:featuredmedia":[{"embeddable":true,"href":"https:\/\/zubochistka.az\/az\/wp-json\/wp\/v2\/media\/5591"}],"wp:attachment":[{"href":"https:\/\/zubochistka.az\/az\/wp-json\/wp\/v2\/media?parent=4081"}],"wp:term":[{"taxonomy":"product_brand","embeddable":true,"href":"https:\/\/zubochistka.az\/az\/wp-json\/wp\/v2\/product_brand?post=4081"},{"taxonomy":"product_cat","embeddable":true,"href":"https:\/\/zubochistka.az\/az\/wp-json\/wp\/v2\/product_cat?post=4081"},{"taxonomy":"product_tag","embeddable":true,"href":"https:\/\/zubochistka.az\/az\/wp-json\/wp\/v2\/product_tag?post=4081"}],"curies":[{"name":"wp","href":"https:\/\/api.w.org\/{rel}","templated":true}]}}