{"id":4294,"date":"2023-09-11T01:09:05","date_gmt":"2023-09-10T21:09:05","guid":{"rendered":"https:\/\/zubochistka.az\/?post_type=product&#038;p=4294"},"modified":"2026-01-12T11:58:52","modified_gmt":"2026-01-12T07:58:52","slug":"curasept-ads-350-%d0%b3%d0%b5%d0%bb%d1%8c-%d0%bf%d0%b0%d1%80%d0%be%d0%b4%d0%be%d0%bd%d1%82%d0%b8%d1%87%d0%b5%d1%81%d0%ba%d0%b8%d0%b9-%d1%85%d0%bb%d0%be%d1%80%d0%b3%d0%b5%d0%ba%d1%81%d0%b8%d0%b4%d0%b8","status":"publish","type":"product","link":"https:\/\/zubochistka.az\/az\/product\/curasept-ads-350-%d0%b3%d0%b5%d0%bb%d1%8c-%d0%bf%d0%b0%d1%80%d0%be%d0%b4%d0%be%d0%bd%d1%82%d0%b8%d1%87%d0%b5%d1%81%d0%ba%d0%b8%d0%b9-%d1%85%d0%bb%d0%be%d1%80%d0%b3%d0%b5%d0%ba%d1%81%d0%b8%d0%b4%d0%b8\/","title":{"rendered":"Curasept ADS 350 \u0413\u0435\u043b\u044c \u043f\u0430\u0440\u043e\u0434\u043e\u043d\u0442\u0438\u0447\u0435\u0441\u043a\u0438\u0439 \u0445\u043b\u043e\u0440\u0433\u0435\u043a\u0441\u0438\u0434\u0438\u043d \u0434\u0438\u0433\u043b\u044e\u043a\u043e\u043d\u0430\u0442 0,5%"},"content":{"rendered":"","protected":false},"excerpt":{"rendered":"<p>Curasept ADS 350 - 0,5% xlorheksidinli gel di\u015f m\u00fcdaxil\u0259sind\u0259n \u0259vv\u0259l v\u0259 sonrak\u0131 d\u00f6vrd\u0259, periodontal x\u0259st\u0259lik v\u0259 implantlar\u0131n istifad\u0259si zaman\u0131, h\u0259m\u00e7inin ortodontik m\u00fcalic\u0259 zaman\u0131 di\u015f \u0259tl\u0259rini qorumaq \u00fc\u00e7\u00fcn n\u0259z\u0259rd\u0259 tutulub. Curasept m\u0259hsullar\u0131n\u0131n t\u0259rkibind\u0259 olan ADS sistemi di\u015fl\u0259rin piqmentasiya mexanizminin qar\u015f\u0131s\u0131n\u0131 al\u0131r.<\/p>\n<p>&nbsp;<\/p>\n<p>Gelin t\u0259rkibind\u0259ki xlorheksidin bakteriyalara h\u00fccum ed\u0259n, onlar\u0131 \u00f6ld\u00fcr\u0259n v\u0259 a\u011f\u0131z toxumas\u0131n\u0131 m\u0259hv ed\u0259n \u0259rpd\u0259ki bakteriyalar\u0131n qar\u015f\u0131s\u0131n\u0131 alan antibakterial vasit\u0259dir. Xlorheksidin di\u015f v\u0259 di\u015f \u0259tl\u0259rini \u00f6rt\u0259r\u0259k uzunm\u00fcdd\u0259tli qoruma t\u0259min ed\u0259n qoruyucu t\u0259b\u0259q\u0259 yarad\u0131r.<\/p>","protected":false},"featured_media":5565,"comment_status":"open","ping_status":"closed","template":"","meta":{"_eb_attr":"","site-sidebar-layout":"default","site-content-layout":"","ast-site-content-layout":"default","site-content-style":"default","site-sidebar-style":"default","ast-global-header-display":"","ast-banner-title-visibility":"","ast-main-header-display":"","ast-hfb-above-header-display":"","ast-hfb-below-header-display":"","ast-hfb-mobile-header-display":"","site-post-title":"","ast-breadcrumbs-content":"","ast-featured-img":"","footer-sml-layout":"","ast-disable-related-posts":"","theme-transparent-header-meta":"default","adv-header-id-meta":"","stick-header-meta":"","header-above-stick-meta":"","header-main-stick-meta":"","header-below-stick-meta":"","astra-migrate-meta-layouts":"set","ast-page-background-enabled":"default","ast-page-background-meta":{"desktop":{"background-color":"var(--ast-global-color-4)","background-image":"","background-repeat":"repeat","background-position":"center center","background-size":"auto","background-attachment":"scroll","background-type":"","background-media":"","overlay-type":"","overlay-color":"","overlay-opacity":"","overlay-gradient":""},"tablet":{"background-color":"","background-image":"","background-repeat":"repeat","background-position":"center center","background-size":"auto","background-attachment":"scroll","background-type":"","background-media":"","overlay-type":"","overlay-color":"","overlay-opacity":"","overlay-gradient":""},"mobile":{"background-color":"","background-image":"","background-repeat":"repeat","background-position":"center center","background-size":"auto","background-attachment":"scroll","background-type":"","background-media":"","overlay-type":"","overlay-color":"","overlay-opacity":"","overlay-gradient":""}},"ast-content-background-meta":{"desktop":{"background-color":"var(--ast-global-color-5)","background-image":"","background-repeat":"repeat","background-position":"center center","background-size":"auto","background-attachment":"scroll","background-type":"","background-media":"","overlay-type":"","overlay-color":"","overlay-opacity":"","overlay-gradient":""},"tablet":{"background-color":"var(--ast-global-color-5)","background-image":"","background-repeat":"repeat","background-position":"center center","background-size":"auto","background-attachment":"scroll","background-type":"","background-media":"","overlay-type":"","overlay-color":"","overlay-opacity":"","overlay-gradient":""},"mobile":{"background-color":"var(--ast-global-color-5)","background-image":"","background-repeat":"repeat","background-position":"center center","background-size":"auto","background-attachment":"scroll","background-type":"","background-media":"","overlay-type":"","overlay-color":"","overlay-opacity":"","overlay-gradient":""}}},"product_brand":[74],"product_cat":[21,59],"product_tag":[],"class_list":{"0":"post-4294","1":"product","2":"type-product","3":"status-publish","4":"has-post-thumbnail","6":"product_brand-curasept","7":"product_cat-21","8":"product_cat-59","9":"desktop-align-left","10":"tablet-align-left","11":"mobile-align-left","13":"first","14":"instock","15":"shipping-taxable","16":"purchasable","17":"product-type-simple"},"jetpack_sharing_enabled":true,"_links":{"self":[{"href":"https:\/\/zubochistka.az\/az\/wp-json\/wp\/v2\/product\/4294","targetHints":{"allow":["GET"]}}],"collection":[{"href":"https:\/\/zubochistka.az\/az\/wp-json\/wp\/v2\/product"}],"about":[{"href":"https:\/\/zubochistka.az\/az\/wp-json\/wp\/v2\/types\/product"}],"replies":[{"embeddable":true,"href":"https:\/\/zubochistka.az\/az\/wp-json\/wp\/v2\/comments?post=4294"}],"wp:featuredmedia":[{"embeddable":true,"href":"https:\/\/zubochistka.az\/az\/wp-json\/wp\/v2\/media\/5565"}],"wp:attachment":[{"href":"https:\/\/zubochistka.az\/az\/wp-json\/wp\/v2\/media?parent=4294"}],"wp:term":[{"taxonomy":"product_brand","embeddable":true,"href":"https:\/\/zubochistka.az\/az\/wp-json\/wp\/v2\/product_brand?post=4294"},{"taxonomy":"product_cat","embeddable":true,"href":"https:\/\/zubochistka.az\/az\/wp-json\/wp\/v2\/product_cat?post=4294"},{"taxonomy":"product_tag","embeddable":true,"href":"https:\/\/zubochistka.az\/az\/wp-json\/wp\/v2\/product_tag?post=4294"}],"curies":[{"name":"wp","href":"https:\/\/api.w.org\/{rel}","templated":true}]}}