{"id":4982,"date":"2024-02-28T20:48:31","date_gmt":"2024-02-28T16:48:31","guid":{"rendered":"https:\/\/zubochistka.az\/?post_type=product&#038;p=4982"},"modified":"2025-02-05T18:39:40","modified_gmt":"2025-02-05T14:39:40","slug":"cps-460-%d0%be%d1%80%d1%82%d0%be%d0%b4%d0%be%d0%bd%d1%82%d0%b8%d1%87%d0%b5%d1%81%d0%ba%d0%b8%d0%b9-%d0%bd%d0%b0%d0%b1%d0%be%d1%80","status":"publish","type":"product","link":"https:\/\/zubochistka.az\/az\/product\/cps-460-%d0%be%d1%80%d1%82%d0%be%d0%b4%d0%be%d0%bd%d1%82%d0%b8%d1%87%d0%b5%d1%81%d0%ba%d0%b8%d0%b9-%d0%bd%d0%b0%d0%b1%d0%be%d1%80\/","title":{"rendered":"CPS 460 \u041e\u0420\u0422\u041e\u0414\u041e\u041d\u0422\u0418\u0427\u0415\u0421\u041a\u0418\u0419 \u041d\u0410\u0411\u041e\u0420"},"content":{"rendered":"","protected":false},"excerpt":{"rendered":"<p>G\u0130G\u0130YEN\u0130K QULLUQ \u00dc\u00c7\u00dcN CPS 460 ORTODONT\u0130K D\u018fST\nUHS 470 tutaca\u011f\u0131 v\u0259 \u00fc\u00e7 f\u0131r\u00e7a ba\u015fl\u0131\u011f\u0131 olan gigiyenik qulluq \u00fc\u00e7\u00fcn ortodontik d\u0259st (CPS orto cib d\u0259sti UHS470).<\/p>\n<p>T\u00f6vsiy\u0259 olunur:<\/p>\n<ul>\n<li>ortodontik m\u00fcalic\u0259 zaman\u0131<\/li>\n<li>b\u00f6y\u00fckl\u0259r \u00fc\u00e7\u00fcn<\/li>\n<li>h\u0259ssas mina qat\u0131 v\u0259 di\u015f \u0259ti olanlar \u00fc\u00e7\u00fcn<\/li>\n<li>gingivit v\u0259 periodontitin ilkin profilaktikas\u0131 \u00fc\u00e7\u00fcn<\/li>\n<li>kariyesin ilkin profilaktikas\u0131 \u00fc\u00e7\u00fcn<\/li>\n<li>di\u015f aras\u0131 bo\u015fluqlarda \u0259rpin \u0259n effektiv \u015f\u0259kild\u0259 \u00e7\u0131xar\u0131lmas\u0131<\/li>\n<li>allergiyas\u0131 olan insanlar \u00fc\u00e7\u00fcn<\/li>\n<li>geni\u015f di\u015faras\u0131 bo\u015fluqlar\u0131 olan x\u0259st\u0259l\u0259r \u00fc\u00e7\u00fcn, a\u00e7\u0131q bo\u015fluqlarda t\u0259krar profilaktika \u00fc\u00e7\u00fcn<\/li>\n<li>plomblar\u0131, kronlar\u0131, k\u00f6rp\u00fcl\u0259r\u0131, implantlar\u0131 olan x\u0259st\u0259l\u0259r \u00fc\u00e7\u00fcn<\/li>\n<\/ul>\n<p>DAX\u0130LD\u0130R:<\/p>\n<ul>\n<li>UHS 470 tutaca\u011f\u0131<\/li>\n<li>0,7 mm, 1,4 mm, 1,8 mm diametrli 3 f\u0131r\u00e7a ba\u015fl\u0131\u011f\u0131<\/li>\n<li>Qutu<\/li>\n<\/ul>","protected":false},"featured_media":5573,"comment_status":"open","ping_status":"closed","template":"","meta":{"_eb_attr":"","site-sidebar-layout":"default","site-content-layout":"","ast-site-content-layout":"default","site-content-style":"default","site-sidebar-style":"default","ast-global-header-display":"","ast-banner-title-visibility":"","ast-main-header-display":"","ast-hfb-above-header-display":"","ast-hfb-below-header-display":"","ast-hfb-mobile-header-display":"","site-post-title":"","ast-breadcrumbs-content":"","ast-featured-img":"","footer-sml-layout":"","ast-disable-related-posts":"","theme-transparent-header-meta":"default","adv-header-id-meta":"","stick-header-meta":"","header-above-stick-meta":"","header-main-stick-meta":"","header-below-stick-meta":"","astra-migrate-meta-layouts":"set","ast-page-background-enabled":"default","ast-page-background-meta":{"desktop":{"background-color":"var(--ast-global-color-4)","background-image":"","background-repeat":"repeat","background-position":"center center","background-size":"auto","background-attachment":"scroll","background-type":"","background-media":"","overlay-type":"","overlay-color":"","overlay-opacity":"","overlay-gradient":""},"tablet":{"background-color":"","background-image":"","background-repeat":"repeat","background-position":"center center","background-size":"auto","background-attachment":"scroll","background-type":"","background-media":"","overlay-type":"","overlay-color":"","overlay-opacity":"","overlay-gradient":""},"mobile":{"background-color":"","background-image":"","background-repeat":"repeat","background-position":"center center","background-size":"auto","background-attachment":"scroll","background-type":"","background-media":"","overlay-type":"","overlay-color":"","overlay-opacity":"","overlay-gradient":""}},"ast-content-background-meta":{"desktop":{"background-color":"var(--ast-global-color-5)","background-image":"","background-repeat":"repeat","background-position":"center center","background-size":"auto","background-attachment":"scroll","background-type":"","background-media":"","overlay-type":"","overlay-color":"","overlay-opacity":"","overlay-gradient":""},"tablet":{"background-color":"var(--ast-global-color-5)","background-image":"","background-repeat":"repeat","background-position":"center center","background-size":"auto","background-attachment":"scroll","background-type":"","background-media":"","overlay-type":"","overlay-color":"","overlay-opacity":"","overlay-gradient":""},"mobile":{"background-color":"var(--ast-global-color-5)","background-image":"","background-repeat":"repeat","background-position":"center center","background-size":"auto","background-attachment":"scroll","background-type":"","background-media":"","overlay-type":"","overlay-color":"","overlay-opacity":"","overlay-gradient":""}}},"product_brand":[73],"product_cat":[31,19],"product_tag":[],"class_list":{"0":"post-4982","1":"product","2":"type-product","3":"status-publish","4":"has-post-thumbnail","6":"product_brand-curaprox","7":"product_cat-31","8":"product_cat-19","9":"desktop-align-left","10":"tablet-align-left","11":"mobile-align-left","13":"first","14":"instock","15":"shipping-taxable","16":"purchasable","17":"product-type-simple"},"jetpack_sharing_enabled":true,"_links":{"self":[{"href":"https:\/\/zubochistka.az\/az\/wp-json\/wp\/v2\/product\/4982","targetHints":{"allow":["GET"]}}],"collection":[{"href":"https:\/\/zubochistka.az\/az\/wp-json\/wp\/v2\/product"}],"about":[{"href":"https:\/\/zubochistka.az\/az\/wp-json\/wp\/v2\/types\/product"}],"replies":[{"embeddable":true,"href":"https:\/\/zubochistka.az\/az\/wp-json\/wp\/v2\/comments?post=4982"}],"wp:featuredmedia":[{"embeddable":true,"href":"https:\/\/zubochistka.az\/az\/wp-json\/wp\/v2\/media\/5573"}],"wp:attachment":[{"href":"https:\/\/zubochistka.az\/az\/wp-json\/wp\/v2\/media?parent=4982"}],"wp:term":[{"taxonomy":"product_brand","embeddable":true,"href":"https:\/\/zubochistka.az\/az\/wp-json\/wp\/v2\/product_brand?post=4982"},{"taxonomy":"product_cat","embeddable":true,"href":"https:\/\/zubochistka.az\/az\/wp-json\/wp\/v2\/product_cat?post=4982"},{"taxonomy":"product_tag","embeddable":true,"href":"https:\/\/zubochistka.az\/az\/wp-json\/wp\/v2\/product_tag?post=4982"}],"curies":[{"name":"wp","href":"https:\/\/api.w.org\/{rel}","templated":true}]}}