{"id":4985,"date":"2024-02-28T20:55:37","date_gmt":"2024-02-28T16:55:37","guid":{"rendered":"https:\/\/zubochistka.az\/?post_type=product&#038;p=4985"},"modified":"2025-02-05T18:21:09","modified_gmt":"2025-02-05T14:21:09","slug":"curaprox-df-846-special-care-30-%d0%b7%d1%83%d0%b1%d0%bd%d1%8b%d1%85-%d0%bd%d0%b8%d1%82%d0%b5%d0%b9","status":"publish","type":"product","link":"https:\/\/zubochistka.az\/az\/product\/curaprox-df-846-special-care-30-%d0%b7%d1%83%d0%b1%d0%bd%d1%8b%d1%85-%d0%bd%d0%b8%d1%82%d0%b5%d0%b9\/","title":{"rendered":"Curaprox DF 846 Special Care, 30 \u0437\u0443\u0431\u043d\u044b\u0445 \u043d\u0438\u0442\u0435\u0439"},"content":{"rendered":"","protected":false},"excerpt":{"rendered":"<p>Curaprox DF 846 Special Care di\u015f sap\u0131 di\u015faras\u0131 bo\u015fluqlar\u0131 t\u0259mizl\u0259m\u0259k \u00fc\u00e7\u00fcn z\u0259rif di\u015f sap\u0131d\u0131r. Di\u015f implantlar\u0131 olan h\u0259r k\u0259s \u00fc\u00e7\u00fcn uy\u011fundur. Elastik v\u0259 mikrofiberd\u0259n haz\u0131rlanm\u0131\u015fd\u0131r.<\/p>\n<p>Di\u015f sap\u0131n\u0131n \u00fcst\u00fcnl\u00fckl\u0259ri<\/p>\n<ul>\n<li>\u2022 di\u015f aras\u0131 bo\u015fluqlar\u0131n t\u0259mizl\u0259nm\u0259si \u00fc\u00e7\u00fcn<\/li>\n<li>\u2022 di\u015f implantlar\u0131 \u00fc\u00e7\u00fcn uy\u011fundur<\/li>\n<li>\u2022 mikrofiber<\/li>\n<li>\u2022 yum\u015faqd\u0131r<\/li>\n<\/ul>","protected":false},"featured_media":5572,"comment_status":"open","ping_status":"closed","template":"","meta":{"_eb_attr":"","site-sidebar-layout":"default","site-content-layout":"","ast-site-content-layout":"default","site-content-style":"default","site-sidebar-style":"default","ast-global-header-display":"","ast-banner-title-visibility":"","ast-main-header-display":"","ast-hfb-above-header-display":"","ast-hfb-below-header-display":"","ast-hfb-mobile-header-display":"","site-post-title":"","ast-breadcrumbs-content":"","ast-featured-img":"","footer-sml-layout":"","ast-disable-related-posts":"","theme-transparent-header-meta":"default","adv-header-id-meta":"","stick-header-meta":"","header-above-stick-meta":"","header-main-stick-meta":"","header-below-stick-meta":"","astra-migrate-meta-layouts":"set","ast-page-background-enabled":"default","ast-page-background-meta":{"desktop":{"background-color":"var(--ast-global-color-4)","background-image":"","background-repeat":"repeat","background-position":"center center","background-size":"auto","background-attachment":"scroll","background-type":"","background-media":"","overlay-type":"","overlay-color":"","overlay-opacity":"","overlay-gradient":""},"tablet":{"background-color":"","background-image":"","background-repeat":"repeat","background-position":"center center","background-size":"auto","background-attachment":"scroll","background-type":"","background-media":"","overlay-type":"","overlay-color":"","overlay-opacity":"","overlay-gradient":""},"mobile":{"background-color":"","background-image":"","background-repeat":"repeat","background-position":"center center","background-size":"auto","background-attachment":"scroll","background-type":"","background-media":"","overlay-type":"","overlay-color":"","overlay-opacity":"","overlay-gradient":""}},"ast-content-background-meta":{"desktop":{"background-color":"var(--ast-global-color-5)","background-image":"","background-repeat":"repeat","background-position":"center center","background-size":"auto","background-attachment":"scroll","background-type":"","background-media":"","overlay-type":"","overlay-color":"","overlay-opacity":"","overlay-gradient":""},"tablet":{"background-color":"var(--ast-global-color-5)","background-image":"","background-repeat":"repeat","background-position":"center center","background-size":"auto","background-attachment":"scroll","background-type":"","background-media":"","overlay-type":"","overlay-color":"","overlay-opacity":"","overlay-gradient":""},"mobile":{"background-color":"var(--ast-global-color-5)","background-image":"","background-repeat":"repeat","background-position":"center center","background-size":"auto","background-attachment":"scroll","background-type":"","background-media":"","overlay-type":"","overlay-color":"","overlay-opacity":"","overlay-gradient":""}}},"product_brand":[73],"product_cat":[30],"product_tag":[],"class_list":{"0":"post-4985","1":"product","2":"type-product","3":"status-publish","4":"has-post-thumbnail","6":"product_brand-curaprox","7":"product_cat-30","8":"desktop-align-left","9":"tablet-align-left","10":"mobile-align-left","12":"first","13":"instock","14":"shipping-taxable","15":"purchasable","16":"product-type-simple"},"jetpack_sharing_enabled":true,"_links":{"self":[{"href":"https:\/\/zubochistka.az\/az\/wp-json\/wp\/v2\/product\/4985","targetHints":{"allow":["GET"]}}],"collection":[{"href":"https:\/\/zubochistka.az\/az\/wp-json\/wp\/v2\/product"}],"about":[{"href":"https:\/\/zubochistka.az\/az\/wp-json\/wp\/v2\/types\/product"}],"replies":[{"embeddable":true,"href":"https:\/\/zubochistka.az\/az\/wp-json\/wp\/v2\/comments?post=4985"}],"wp:featuredmedia":[{"embeddable":true,"href":"https:\/\/zubochistka.az\/az\/wp-json\/wp\/v2\/media\/5572"}],"wp:attachment":[{"href":"https:\/\/zubochistka.az\/az\/wp-json\/wp\/v2\/media?parent=4985"}],"wp:term":[{"taxonomy":"product_brand","embeddable":true,"href":"https:\/\/zubochistka.az\/az\/wp-json\/wp\/v2\/product_brand?post=4985"},{"taxonomy":"product_cat","embeddable":true,"href":"https:\/\/zubochistka.az\/az\/wp-json\/wp\/v2\/product_cat?post=4985"},{"taxonomy":"product_tag","embeddable":true,"href":"https:\/\/zubochistka.az\/az\/wp-json\/wp\/v2\/product_tag?post=4985"}],"curies":[{"name":"wp","href":"https:\/\/api.w.org\/{rel}","templated":true}]}}